{"id":1111,"date":"2025-01-08T13:31:22","date_gmt":"2025-01-08T18:31:22","guid":{"rendered":"https:\/\/globalavionique.com\/staging\/?post_type=product&#038;p=1111"},"modified":"2025-01-15T14:12:09","modified_gmt":"2025-01-15T19:12:09","slug":"tailbeaconx-ads-b-diversity-xpdr","status":"publish","type":"product","link":"https:\/\/globalavionique.com\/staging\/produit\/tailbeaconx-ads-b-diversity-xpdr\/","title":{"rendered":"TailBeaconX (ADS-B \/ Diversity XPDR)"},"content":{"rendered":"<p>Le tailBeaconX marque l\u2019\u00e8re nouvelle de l\u2019ADS-B mondial. Compatible avec les syst\u00e8mes de surveillance ADS-B terrestres et spatiaux, le tailBeaconX est un transpondeur Mode S Extended Squitter ADS-B int\u00e9gr\u00e9 \u00e0 un GPS a\u00e9ronautique, et \u00e0 une lumi\u00e8re de position arri\u00e8re LED. Avec une conformit\u00e9 mondiale, tailBeaconX est la cl\u00e9 vers des destinations illimit\u00e9es.<\/p>\n<p>C\u2019est le premier transpondeur au monde con\u00e7u pour remplacer une lumi\u00e8re de position arri\u00e8re. Le transpondeur 1090 MHz Mode S ADS-B OUT r\u00e9pond aux exigences de toutes les r\u00e9glementations ADS-B existantes et \u00e0 venir dans le monde entier, notamment celles utilisant la surveillance ADS-B spatiale. Volez en sachant qu\u2019ind\u00e9pendamment de votre destination, le tailBeaconX maintiendra votre a\u00e9ronef connect\u00e9.<\/p>\n<p>Les antennes GPS, spatiales et terrestres sont int\u00e9gr\u00e9es directement dans le bo\u00eetier de l\u2019objectif, \u00e9liminant le besoin de percer ou d\u2019ajouter de nouveaux trous dans la structure de l\u2019avion. Cela fait du tailBeaconX l\u2019installation la plus simple et la moins contraignante de toutes.<\/p>\n","protected":false},"excerpt":{"rendered":"<p>Le tailBeaconX est un transpondeur ADS-B Mode S avec GPS et lumi\u00e8re LED de position. Il remplace la lumi\u00e8re de position arri\u00e8re, r\u00e9pond aux normes ADS-B mondiales, et s&rsquo;installe facilement sans percer l&rsquo;avion.<\/p>\n","protected":false},"featured_media":1112,"template":"","meta":{"neve_meta_sidebar":"","neve_meta_container":"","neve_meta_enable_content_width":"off","neve_meta_content_width":100,"neve_meta_title_alignment":"","neve_meta_author_avatar":"","neve_post_elements_order":"","neve_meta_disable_header":"","neve_meta_disable_footer":"","neve_meta_disable_title":"","_themeisle_gutenberg_block_has_review":false},"product_brand":[],"product_cat":[45],"product_tag":[58],"class_list":{"0":"post-1111","1":"product","2":"type-product","3":"status-publish","4":"has-post-thumbnail","6":"product_cat-transpondeurs","7":"product_tag-uavionix","9":"first","10":"instock","11":"shipping-taxable","12":"product-type-external"},"jetpack_sharing_enabled":true,"_links":{"self":[{"href":"https:\/\/globalavionique.com\/staging\/wp-json\/wp\/v2\/product\/1111","targetHints":{"allow":["GET"]}}],"collection":[{"href":"https:\/\/globalavionique.com\/staging\/wp-json\/wp\/v2\/product"}],"about":[{"href":"https:\/\/globalavionique.com\/staging\/wp-json\/wp\/v2\/types\/product"}],"wp:featuredmedia":[{"embeddable":true,"href":"https:\/\/globalavionique.com\/staging\/wp-json\/wp\/v2\/media\/1112"}],"wp:attachment":[{"href":"https:\/\/globalavionique.com\/staging\/wp-json\/wp\/v2\/media?parent=1111"}],"wp:term":[{"taxonomy":"product_brand","embeddable":true,"href":"https:\/\/globalavionique.com\/staging\/wp-json\/wp\/v2\/product_brand?post=1111"},{"taxonomy":"product_cat","embeddable":true,"href":"https:\/\/globalavionique.com\/staging\/wp-json\/wp\/v2\/product_cat?post=1111"},{"taxonomy":"product_tag","embeddable":true,"href":"https:\/\/globalavionique.com\/staging\/wp-json\/wp\/v2\/product_tag?post=1111"}],"curies":[{"name":"wp","href":"https:\/\/api.w.org\/{rel}","templated":true}]}}