{"id":1105,"date":"2025-01-08T13:13:44","date_gmt":"2025-01-08T18:13:44","guid":{"rendered":"https:\/\/globalavionique.com\/staging\/?post_type=product&#038;p=1105"},"modified":"2025-01-15T14:12:51","modified_gmt":"2025-01-15T19:12:51","slug":"skybeacon-ads-b-transceiver","status":"publish","type":"product","link":"https:\/\/globalavionique.com\/staging\/produit\/skybeacon-ads-b-transceiver\/","title":{"rendered":"SkyBeacon (ADS-B Transceiver)"},"content":{"rendered":"<p>Le skyBeacon fonctionne avec n&rsquo;importe quel transpondeur Mode C existant. Gr\u00e2ce \u00e0 la technologie brevet\u00e9e de transcoder de puissance de uAvionix, il communique parfaitement avec votre transpondeur actuel via le syst\u00e8me \u00e9lectrique de votre avion.<\/p>\n<p>Bien que vous soyez \u00e9quip\u00e9 en ADS-B, cela ne signifie pas forc\u00e9ment que vous souhaitez \u00eatre trac\u00e9. Avec le mode Anonyme du skyBeacon, l&rsquo;identification de votre avion reste cach\u00e9e de l&rsquo;ADS-B OUT tout en \u00e9mettant sur le 1200. Le mode Anonyme permet de s\u00e9curiser l&rsquo;espace a\u00e9rien tout en pr\u00e9servant votre confidentialit\u00e9.<\/p>\n<p>Un GPS WAAS int\u00e9gr\u00e9 fournit au skyBeacon des donn\u00e9es de position conformes aux r\u00e8gles pour la transmission ADS-B. Aucune connexion suppl\u00e9mentaire ou antenne GPS externe n&rsquo;est n\u00e9cessaire.<\/p>\n<p>Le skyBeacon inclut \u00e9galement un \u00e9clairage LED ultra-efficace pour la position et l&rsquo;anticollision, compl\u00e9tant ainsi son package :<\/p>\n<ul>\n<li>\u00c9clairage de position : TSO-C30c<\/li>\n<li>\u00c9clairage anticollision : TSO-C96a<\/li>\n<\/ul>\n","protected":false},"excerpt":{"rendered":"<p>Le skyBeacon de uAvionix fonctionne avec tout transpondeur Mode C et int\u00e8gre un GPS WAAS pour ADS-B. Son mode Anonyme prot\u00e8ge votre confidentialit\u00e9. Il remplace le feu de position arri\u00e8re avec un \u00e9clairage LED (TSO-C30c) et anticollision (TSO-C96a).<\/p>\n","protected":false},"featured_media":1106,"template":"","meta":{"neve_meta_sidebar":"","neve_meta_container":"","neve_meta_enable_content_width":"off","neve_meta_content_width":100,"neve_meta_title_alignment":"","neve_meta_author_avatar":"","neve_post_elements_order":"","neve_meta_disable_header":"","neve_meta_disable_footer":"","neve_meta_disable_title":"","_themeisle_gutenberg_block_has_review":false},"product_brand":[],"product_cat":[45],"product_tag":[58],"class_list":{"0":"post-1105","1":"product","2":"type-product","3":"status-publish","4":"has-post-thumbnail","6":"product_cat-transpondeurs","7":"product_tag-uavionix","9":"first","10":"instock","11":"shipping-taxable","12":"product-type-external"},"jetpack_sharing_enabled":true,"_links":{"self":[{"href":"https:\/\/globalavionique.com\/staging\/wp-json\/wp\/v2\/product\/1105","targetHints":{"allow":["GET"]}}],"collection":[{"href":"https:\/\/globalavionique.com\/staging\/wp-json\/wp\/v2\/product"}],"about":[{"href":"https:\/\/globalavionique.com\/staging\/wp-json\/wp\/v2\/types\/product"}],"wp:featuredmedia":[{"embeddable":true,"href":"https:\/\/globalavionique.com\/staging\/wp-json\/wp\/v2\/media\/1106"}],"wp:attachment":[{"href":"https:\/\/globalavionique.com\/staging\/wp-json\/wp\/v2\/media?parent=1105"}],"wp:term":[{"taxonomy":"product_brand","embeddable":true,"href":"https:\/\/globalavionique.com\/staging\/wp-json\/wp\/v2\/product_brand?post=1105"},{"taxonomy":"product_cat","embeddable":true,"href":"https:\/\/globalavionique.com\/staging\/wp-json\/wp\/v2\/product_cat?post=1105"},{"taxonomy":"product_tag","embeddable":true,"href":"https:\/\/globalavionique.com\/staging\/wp-json\/wp\/v2\/product_tag?post=1105"}],"curies":[{"name":"wp","href":"https:\/\/api.w.org\/{rel}","templated":true}]}}