{"id":1100,"date":"2025-01-08T11:46:48","date_gmt":"2025-01-08T16:46:48","guid":{"rendered":"https:\/\/globalavionique.com\/staging\/?post_type=product&#038;p=1100"},"modified":"2025-01-15T14:13:15","modified_gmt":"2025-01-15T19:13:15","slug":"av-30-efis","status":"publish","type":"product","link":"https:\/\/globalavionique.com\/staging\/produit\/av-30-efis\/","title":{"rendered":"AV-30 (EFIS)"},"content":{"rendered":"<p>L&rsquo;AV-30 s&rsquo;int\u00e8gre parfaitement dans l&#8217;emplacement de 3&Prime; de votre panneau existant. En \u00e9tant mont\u00e9 par l&rsquo;arri\u00e8re, il pr\u00e9serve l&rsquo;apparence classique du cadran rond et \u00e9limine la n\u00e9cessit\u00e9 de couper ou remplacer votre panneau.<\/p>\n<p>L&rsquo;AV-30 vous alerte visuellement et auditivement si vous vous rapprochez d&rsquo;un angle d&rsquo;attaque (AoA) dangereux. L&rsquo;AoA est calcul\u00e9 en comparant le pitch de l&rsquo;avion, la trajectoire de vol et la charge G.<\/p>\n","protected":false},"excerpt":{"rendered":"<p>L&rsquo;AV-30 s&rsquo;int\u00e8gre facilement dans un espace de 3&Prime; de votre panneau sans n\u00e9cessiter de modifications, pr\u00e9servant l&rsquo;apparence classique du cadran rond. Il vous alerte visuellement et auditivement en cas de danger d&rsquo;angle d&rsquo;attaque (AoA), calcul\u00e9 \u00e0 partir du pitch, de la trajectoire de vol et de la charge G.<\/p>\n","protected":false},"featured_media":1102,"template":"","meta":{"neve_meta_sidebar":"","neve_meta_container":"","neve_meta_enable_content_width":"off","neve_meta_content_width":100,"neve_meta_title_alignment":"","neve_meta_author_avatar":"","neve_post_elements_order":"","neve_meta_disable_header":"","neve_meta_disable_footer":"","neve_meta_disable_title":"","_themeisle_gutenberg_block_has_review":false},"product_brand":[],"product_cat":[49],"product_tag":[58],"class_list":{"0":"post-1100","1":"product","2":"type-product","3":"status-publish","4":"has-post-thumbnail","6":"product_cat-autre","7":"product_tag-uavionix","9":"first","10":"instock","11":"shipping-taxable","12":"product-type-external"},"jetpack_sharing_enabled":true,"_links":{"self":[{"href":"https:\/\/globalavionique.com\/staging\/wp-json\/wp\/v2\/product\/1100","targetHints":{"allow":["GET"]}}],"collection":[{"href":"https:\/\/globalavionique.com\/staging\/wp-json\/wp\/v2\/product"}],"about":[{"href":"https:\/\/globalavionique.com\/staging\/wp-json\/wp\/v2\/types\/product"}],"wp:featuredmedia":[{"embeddable":true,"href":"https:\/\/globalavionique.com\/staging\/wp-json\/wp\/v2\/media\/1102"}],"wp:attachment":[{"href":"https:\/\/globalavionique.com\/staging\/wp-json\/wp\/v2\/media?parent=1100"}],"wp:term":[{"taxonomy":"product_brand","embeddable":true,"href":"https:\/\/globalavionique.com\/staging\/wp-json\/wp\/v2\/product_brand?post=1100"},{"taxonomy":"product_cat","embeddable":true,"href":"https:\/\/globalavionique.com\/staging\/wp-json\/wp\/v2\/product_cat?post=1100"},{"taxonomy":"product_tag","embeddable":true,"href":"https:\/\/globalavionique.com\/staging\/wp-json\/wp\/v2\/product_tag?post=1100"}],"curies":[{"name":"wp","href":"https:\/\/api.w.org\/{rel}","templated":true}]}}