{"id":1098,"date":"2025-01-08T11:39:18","date_gmt":"2025-01-08T16:39:18","guid":{"rendered":"https:\/\/globalavionique.com\/staging\/?post_type=product&#038;p=1098"},"modified":"2025-01-15T14:13:27","modified_gmt":"2025-01-15T19:13:27","slug":"integra-af-series","status":"publish","type":"product","link":"https:\/\/globalavionique.com\/staging\/produit\/integra-af-series\/","title":{"rendered":"Integra AF Series"},"content":{"rendered":"<p>Le plus haut niveau de r\u00e9silience<\/p>\n<p>L&rsquo;Integra AF ELT offre un niveau de r\u00e9silience maximal gr\u00e2ce \u00e0 une conception innovante d&rsquo;antenne de secours. Fonctionnant ind\u00e9pendamment de l\u2019avion, cette antenne de secours transmet votre position via la fr\u00e9quence 406 MHz aux satellites de recherche et de sauvetage Cospas-SARSAT. Nous proposons \u00e9galement tous les accessoires n\u00e9cessaires \u00e0 l\u2019installation des ELT (support de montage, RCP, dongle, antenne externe).<\/p>\n<p>Conforme aux derni\u00e8res normes<\/p>\n<p>Notre Integra AF est disponible en diff\u00e9rentes versions pour s\u2019adapter aux r\u00e9glementations en constante \u00e9volution. Avec l\u2019introduction de la norme (E)TSO-C126b, l\u2019utilisation de fixations \u00e0 crochets et boucles pour les installations neuves ou existantes est d\u00e9sormais interdite dans certains pays. En r\u00e9ponse \u00e0 cela, Safran a lanc\u00e9 les Nouveaux Packs Integra Evo, conformes aux derni\u00e8res normes de s\u00e9curit\u00e9.<\/p>\n","protected":false},"excerpt":{"rendered":"<p>L&rsquo;Integra AF est un ELT fixe automatique avec r\u00e9cepteur GPS int\u00e9gr\u00e9, offrant une localisation pr\u00e9cise (0,03 mile carr\u00e9). Install\u00e9 de mani\u00e8re permanente avec un support de montage et une antenne externe, il assure une transmission fiable m\u00eame en cas de dommage gr\u00e2ce \u00e0 son antenne de secours.<\/p>\n","protected":false},"featured_media":1099,"template":"","meta":{"neve_meta_sidebar":"","neve_meta_container":"","neve_meta_enable_content_width":"off","neve_meta_content_width":100,"neve_meta_title_alignment":"","neve_meta_author_avatar":"","neve_post_elements_order":"","neve_meta_disable_header":"","neve_meta_disable_footer":"","neve_meta_disable_title":"","_themeisle_gutenberg_block_has_review":false},"product_brand":[],"product_cat":[48],"product_tag":[56],"class_list":{"0":"post-1098","1":"product","2":"type-product","3":"status-publish","4":"has-post-thumbnail","6":"product_cat-elt","7":"product_tag-kannad","9":"first","10":"instock","11":"shipping-taxable","12":"product-type-external"},"jetpack_sharing_enabled":true,"_links":{"self":[{"href":"https:\/\/globalavionique.com\/staging\/wp-json\/wp\/v2\/product\/1098","targetHints":{"allow":["GET"]}}],"collection":[{"href":"https:\/\/globalavionique.com\/staging\/wp-json\/wp\/v2\/product"}],"about":[{"href":"https:\/\/globalavionique.com\/staging\/wp-json\/wp\/v2\/types\/product"}],"wp:featuredmedia":[{"embeddable":true,"href":"https:\/\/globalavionique.com\/staging\/wp-json\/wp\/v2\/media\/1099"}],"wp:attachment":[{"href":"https:\/\/globalavionique.com\/staging\/wp-json\/wp\/v2\/media?parent=1098"}],"wp:term":[{"taxonomy":"product_brand","embeddable":true,"href":"https:\/\/globalavionique.com\/staging\/wp-json\/wp\/v2\/product_brand?post=1098"},{"taxonomy":"product_cat","embeddable":true,"href":"https:\/\/globalavionique.com\/staging\/wp-json\/wp\/v2\/product_cat?post=1098"},{"taxonomy":"product_tag","embeddable":true,"href":"https:\/\/globalavionique.com\/staging\/wp-json\/wp\/v2\/product_tag?post=1098"}],"curies":[{"name":"wp","href":"https:\/\/api.w.org\/{rel}","templated":true}]}}