{"id":1096,"date":"2025-01-08T11:36:31","date_gmt":"2025-01-08T16:36:31","guid":{"rendered":"https:\/\/globalavionique.com\/staging\/?post_type=product&#038;p=1096"},"modified":"2025-01-15T14:13:40","modified_gmt":"2025-01-15T19:13:40","slug":"elt1000-acr","status":"publish","type":"product","link":"https:\/\/globalavionique.com\/staging\/produit\/elt1000-acr\/","title":{"rendered":"ELT1000 ACR"},"content":{"rendered":"<p>Ne partez jamais de la piste sans un \u00e9metteur de localisation d&rsquo;urgence (ELT) \u00e0 bord. Le ELT 1000 est \u00e9quip\u00e9 d\u2019une interface NAV, ce qui permet, en cas d\u2019urgence, de transmettre la position de votre a\u00e9ronef aux \u00e9quipes de recherche et de sauvetage en moins d\u2019une minute, avec une pr\u00e9cision de 100 m\u00e8tres. En plus de garantir une pr\u00e9cision de localisation, l&rsquo;ELT 1000 \u00e9met sur les fr\u00e9quences 406 MHz et 121,5 MHz. Comme tous nos produits, cet ELT est con\u00e7u pour d\u00e9passer les normes de l&rsquo;industrie et s\u2019assurer que vous recevrez toujours l\u2019aide n\u00e9cessaire.<\/p>\n<p>Soyez pr\u00eat \u00e0 l&rsquo;impr\u00e9vu :<\/p>\n<ul>\n<li>Sortie unique<\/li>\n<li>T\u00e9l\u00e9commande \u00e0 deux fils<\/li>\n<li>Interface GPS int\u00e9gr\u00e9e<\/li>\n<li>Localisation pr\u00e9cise<\/li>\n<li>Configurations d&rsquo;installation multiples<\/li>\n<\/ul>\n<p>\u00c9tant un ELT \u00e0 sortie unique, le ELT 1000 utilise la m\u00eame sortie RF et un seul c\u00e2ble coaxial pour transmettre un signal d&rsquo;urgence 406 MHz aux satellites Cospas-Sarsat ainsi qu&rsquo;un signal de rep\u00e9rage local 121,5 MHz. Gr\u00e2ce \u00e0 sa nouvelle interface GPS int\u00e9gr\u00e9e qui ne n\u00e9cessite pas d\u2019alimentation de l\u2019avion, les co\u00fbts d\u2019installation sont consid\u00e9rablement r\u00e9duits.<\/p>\n<p>La nouvelle interface 2 fils est compatible avec les anciens ELT 121,5 MHz, ce qui rend la mise \u00e0 niveau de votre ELT simple et abordable.<\/p>\n<p>Les ELT ARTEX sont le choix des a\u00e9ronefs de l&rsquo;aviation g\u00e9n\u00e9rale, y compris Cessna, Piper, Cirrus, Beechcraft, Diamond et Quest.<\/p>\n","protected":false},"excerpt":{"rendered":"<p>L&rsquo;ELT 1000 offre une localisation pr\u00e9cise en moins d&rsquo;une minute gr\u00e2ce \u00e0 son interface NAV et son GPS int\u00e9gr\u00e9. \u00c9mettant sur 406 MHz et 121,5 MHz, il permet une installation simple avec une t\u00e9l\u00e9commande \u00e0 deux fils. Compatible avec de nombreux avions comme Cessna et Cirrus, il garantit s\u00e9curit\u00e9 et fiabilit\u00e9, tout en r\u00e9duisant les co\u00fbts d&rsquo;installation.<\/p>\n","protected":false},"featured_media":1097,"template":"","meta":{"neve_meta_sidebar":"","neve_meta_container":"","neve_meta_enable_content_width":"off","neve_meta_content_width":100,"neve_meta_title_alignment":"","neve_meta_author_avatar":"","neve_post_elements_order":"","neve_meta_disable_header":"","neve_meta_disable_footer":"","neve_meta_disable_title":"","_themeisle_gutenberg_block_has_review":false},"product_brand":[],"product_cat":[48],"product_tag":[51],"class_list":{"0":"post-1096","1":"product","2":"type-product","3":"status-publish","4":"has-post-thumbnail","6":"product_cat-elt","7":"product_tag-artex","9":"first","10":"instock","11":"shipping-taxable","12":"product-type-external"},"jetpack_sharing_enabled":true,"_links":{"self":[{"href":"https:\/\/globalavionique.com\/staging\/wp-json\/wp\/v2\/product\/1096","targetHints":{"allow":["GET"]}}],"collection":[{"href":"https:\/\/globalavionique.com\/staging\/wp-json\/wp\/v2\/product"}],"about":[{"href":"https:\/\/globalavionique.com\/staging\/wp-json\/wp\/v2\/types\/product"}],"wp:featuredmedia":[{"embeddable":true,"href":"https:\/\/globalavionique.com\/staging\/wp-json\/wp\/v2\/media\/1097"}],"wp:attachment":[{"href":"https:\/\/globalavionique.com\/staging\/wp-json\/wp\/v2\/media?parent=1096"}],"wp:term":[{"taxonomy":"product_brand","embeddable":true,"href":"https:\/\/globalavionique.com\/staging\/wp-json\/wp\/v2\/product_brand?post=1096"},{"taxonomy":"product_cat","embeddable":true,"href":"https:\/\/globalavionique.com\/staging\/wp-json\/wp\/v2\/product_cat?post=1096"},{"taxonomy":"product_tag","embeddable":true,"href":"https:\/\/globalavionique.com\/staging\/wp-json\/wp\/v2\/product_tag?post=1096"}],"curies":[{"name":"wp","href":"https:\/\/api.w.org\/{rel}","templated":true}]}}