{"id":1094,"date":"2025-01-08T11:34:30","date_gmt":"2025-01-08T16:34:30","guid":{"rendered":"https:\/\/globalavionique.com\/staging\/?post_type=product&#038;p=1094"},"modified":"2025-01-15T14:13:52","modified_gmt":"2025-01-15T19:13:52","slug":"me406-elt","status":"publish","type":"product","link":"https:\/\/globalavionique.com\/staging\/produit\/me406-elt\/","title":{"rendered":"ME406 ELT"},"content":{"rendered":"<p>Le mat\u00e9riel de montage pour la s\u00e9rie ME406 est compatible avec tous les mod\u00e8les pr\u00e9c\u00e9dents de produits ELT Artex 406 MHz, ainsi qu&rsquo;avec les s\u00e9ries ELT-200, ACK, Pointer Model 3000 et Narco ELTs. Les propri\u00e9taires actuels d&rsquo;ELT Artex 2 fr\u00e9quences TSO C91a peuvent r\u00e9utiliser l&rsquo;interrupteur \u00e0 distance dans le cockpit, ainsi que le faisceau de c\u00e2blage entre le cockpit et l&rsquo;ELT. Cela permet de r\u00e9duire consid\u00e9rablement les co\u00fbts d&rsquo;installation.<\/p>\n<p>Les ELT ARTEX sont le choix privil\u00e9gi\u00e9 des avions d&rsquo;aviation g\u00e9n\u00e9rale, notamment les marques Cessna, Piper, Cirrus, Beechcraft, Diamond et Quest.<\/p>\n<h4>Caract\u00e9ristiques :<\/h4>\n<ul>\n<li>Transmetteur localisateur d\u2019urgence fixe automatique<\/li>\n<li>Applications pour avions \u00e0 voilure fixe et h\u00e9licopt\u00e8res<\/li>\n<li>Sortie d&rsquo;antenne unique pour les fr\u00e9quences 121,5 MHz et 406 MHz<\/li>\n<li>Couverture mondiale<\/li>\n<li>Autonomie de batterie de 6 ans (batterie de remplacement Part No. 455-0012)<\/li>\n<\/ul>\n<h4>Certifications :<\/h4>\n<ul>\n<li>TSO C126<\/li>\n<li>ETSO 2C126<\/li>\n<li>Approuv\u00e9 Cospas\/Sarsat<\/li>\n<li>Approuv\u00e9 par Transport &amp; Industry Canada<\/li>\n<\/ul>\n","protected":false},"excerpt":{"rendered":"<p>Restez serein avec l&rsquo;ELT ME406. Con\u00e7u pour une installation facile, cet \u00e9metteur \u00e0 sortie unique dispose d&rsquo;une batterie de 6 ans. En cas d&rsquo;urgence, il \u00e9met un signal cod\u00e9 sur 406 MHz toutes les 50 secondes, permettant aux \u00e9quipes de recherche et de sauvetage de localiser rapidement votre position et d&rsquo;assurer votre s\u00e9curit\u00e9.<\/p>\n","protected":false},"featured_media":1095,"template":"","meta":{"neve_meta_sidebar":"","neve_meta_container":"","neve_meta_enable_content_width":"off","neve_meta_content_width":100,"neve_meta_title_alignment":"","neve_meta_author_avatar":"","neve_post_elements_order":"","neve_meta_disable_header":"","neve_meta_disable_footer":"","neve_meta_disable_title":"","_themeisle_gutenberg_block_has_review":false},"product_brand":[],"product_cat":[48],"product_tag":[51],"class_list":{"0":"post-1094","1":"product","2":"type-product","3":"status-publish","4":"has-post-thumbnail","6":"product_cat-elt","7":"product_tag-artex","9":"first","10":"instock","11":"shipping-taxable","12":"product-type-external"},"jetpack_sharing_enabled":true,"_links":{"self":[{"href":"https:\/\/globalavionique.com\/staging\/wp-json\/wp\/v2\/product\/1094","targetHints":{"allow":["GET"]}}],"collection":[{"href":"https:\/\/globalavionique.com\/staging\/wp-json\/wp\/v2\/product"}],"about":[{"href":"https:\/\/globalavionique.com\/staging\/wp-json\/wp\/v2\/types\/product"}],"wp:featuredmedia":[{"embeddable":true,"href":"https:\/\/globalavionique.com\/staging\/wp-json\/wp\/v2\/media\/1095"}],"wp:attachment":[{"href":"https:\/\/globalavionique.com\/staging\/wp-json\/wp\/v2\/media?parent=1094"}],"wp:term":[{"taxonomy":"product_brand","embeddable":true,"href":"https:\/\/globalavionique.com\/staging\/wp-json\/wp\/v2\/product_brand?post=1094"},{"taxonomy":"product_cat","embeddable":true,"href":"https:\/\/globalavionique.com\/staging\/wp-json\/wp\/v2\/product_cat?post=1094"},{"taxonomy":"product_tag","embeddable":true,"href":"https:\/\/globalavionique.com\/staging\/wp-json\/wp\/v2\/product_tag?post=1094"}],"curies":[{"name":"wp","href":"https:\/\/api.w.org\/{rel}","templated":true}]}}