{"id":1092,"date":"2025-01-08T11:30:51","date_gmt":"2025-01-08T16:30:51","guid":{"rendered":"https:\/\/globalavionique.com\/staging\/?post_type=product&#038;p=1092"},"modified":"2025-01-15T14:14:02","modified_gmt":"2025-01-15T19:14:02","slug":"elt345","status":"publish","type":"product","link":"https:\/\/globalavionique.com\/staging\/produit\/elt345\/","title":{"rendered":"ELT345"},"content":{"rendered":"<p>L&rsquo;ARTEX ELT 345 peut \u00eatre activ\u00e9 manuellement (via un interrupteur \u00e0 distance en cockpit ou l&rsquo;interrupteur de l&rsquo;ELT) ou automatiquement (le G-Switch d\u00e9tecte un impact de 2,3G ou plus). Il \u00e9met un signal num\u00e9rique unique sur la fr\u00e9quence de d\u00e9tresse 406 MHz, alertant ainsi l&rsquo;agence de recherche et de sauvetage la plus proche de votre urgence. Le signal 406 MHz, contenant vos coordonn\u00e9es GPS, est transmis aux satellites Cospas-Sarsat et relay\u00e9 au Centre de Contr\u00f4le de Mission, o\u00f9 il est imm\u00e9diatement achemin\u00e9 vers l&rsquo;agence de recherche et de sauvetage la plus proche. L&rsquo;enregistrement de votre balise permet aux premiers intervenants de savoir qui vous \u00eates, et la balise elle-m\u00eame leur indique votre position \u00e0 moins de 100 m\u00e8tres. Enfin, le signal de rep\u00e9rage local en 121,5 MHz aide les agences de recherche et de sauvetage \u00e0 identifier votre emplacement exact.<\/p>\n<p>Facilit\u00e9 d&rsquo;installation<\/p>\n<p>L&rsquo;ARTEX ELT 345 offre une opportunit\u00e9 de r\u00e9trofit rapide et facile avec des options d&rsquo;installation flexibles, telles que notre interrupteur \u00e0 distance \u00e0 deux fils, en style standard ou slim, ne n\u00e9cessitant aucune alimentation de l&rsquo;avion. L&rsquo;ELT 345 utilise le m\u00eame signal RF, transmettant les signaux 406 MHz et 121,5 MHz via un seul c\u00e2ble coaxial et une antenne fouet de 15 ou 23 pouces. L&rsquo;interface de navigation int\u00e9gr\u00e9e ne n\u00e9cessite pas d&rsquo;alimentation de l&rsquo;avion pour fonctionner, ce qui r\u00e9duit consid\u00e9rablement les co\u00fbts d&rsquo;installation. Le support en acier inoxydable dispose d&rsquo;un mod\u00e8le de fixation \u00e0 plusieurs trous, facilitant le remplacement des anciens mod\u00e8les ARTEX ELT, ainsi que des ELT ACK, Kannad et AmeriKing.<\/p>\n","protected":false},"excerpt":{"rendered":"<p>Volez en toute s\u00e9curit\u00e9 avec l&rsquo;ARTEX ELT 345. Cet ELT de qualit\u00e9 sup\u00e9rieure \u00e9met sur les fr\u00e9quences 406 MHz et 121,5 MHz, avec une pr\u00e9cision de position gr\u00e2ce \u00e0 son interface GPS int\u00e9gr\u00e9e. Con\u00e7u selon les normes les plus strictes de l&rsquo;industrie, il offre un excellent rapport qualit\u00e9\/prix et une fiabilit\u00e9 de premier ordre, pl\u00e9biscit\u00e9e par les fabricants d&rsquo;avions commerciaux.<\/p>\n","protected":false},"featured_media":1093,"template":"","meta":{"neve_meta_sidebar":"","neve_meta_container":"","neve_meta_enable_content_width":"off","neve_meta_content_width":100,"neve_meta_title_alignment":"","neve_meta_author_avatar":"","neve_post_elements_order":"","neve_meta_disable_header":"","neve_meta_disable_footer":"","neve_meta_disable_title":"","_themeisle_gutenberg_block_has_review":false},"product_brand":[],"product_cat":[48],"product_tag":[51],"class_list":{"0":"post-1092","1":"product","2":"type-product","3":"status-publish","4":"has-post-thumbnail","6":"product_cat-elt","7":"product_tag-artex","9":"first","10":"instock","11":"shipping-taxable","12":"product-type-external"},"jetpack_sharing_enabled":true,"_links":{"self":[{"href":"https:\/\/globalavionique.com\/staging\/wp-json\/wp\/v2\/product\/1092","targetHints":{"allow":["GET"]}}],"collection":[{"href":"https:\/\/globalavionique.com\/staging\/wp-json\/wp\/v2\/product"}],"about":[{"href":"https:\/\/globalavionique.com\/staging\/wp-json\/wp\/v2\/types\/product"}],"wp:featuredmedia":[{"embeddable":true,"href":"https:\/\/globalavionique.com\/staging\/wp-json\/wp\/v2\/media\/1093"}],"wp:attachment":[{"href":"https:\/\/globalavionique.com\/staging\/wp-json\/wp\/v2\/media?parent=1092"}],"wp:term":[{"taxonomy":"product_brand","embeddable":true,"href":"https:\/\/globalavionique.com\/staging\/wp-json\/wp\/v2\/product_brand?post=1092"},{"taxonomy":"product_cat","embeddable":true,"href":"https:\/\/globalavionique.com\/staging\/wp-json\/wp\/v2\/product_cat?post=1092"},{"taxonomy":"product_tag","embeddable":true,"href":"https:\/\/globalavionique.com\/staging\/wp-json\/wp\/v2\/product_tag?post=1092"}],"curies":[{"name":"wp","href":"https:\/\/api.w.org\/{rel}","templated":true}]}}