{"id":1086,"date":"2025-01-08T11:14:10","date_gmt":"2025-01-08T16:14:10","guid":{"rendered":"https:\/\/globalavionique.com\/staging\/?post_type=product&#038;p=1086"},"modified":"2025-01-15T14:15:54","modified_gmt":"2025-01-15T19:15:54","slug":"tt21-tt22-compact-xpdr","status":"publish","type":"product","link":"https:\/\/globalavionique.com\/staging\/produit\/tt21-tt22-compact-xpdr\/","title":{"rendered":"TT21\/ TT22 (Compact XPDR)"},"content":{"rendered":"<p>Choisi par les pilotes du monde entier, les transpondeurs compacts Trig sont le meilleur choix, et ce, pour de bonnes raisons.<\/p>\n<p>Gr\u00e2ce \u00e0 leur design innovant, ils s\u2019int\u00e8grent parfaitement m\u00eame dans les espaces les plus r\u00e9duits du panneau, permettant de gagner de la place et de r\u00e9duire le poids. Trig est synonyme de \u00ab\u00a0better by design\u00a0\u00bb avec une technologie Mode S, vous rendant visible aupr\u00e8s des trafics commerciaux, militaires et GA. Cela permet de rendre la travers\u00e9e d\u2019espaces a\u00e9riens encombr\u00e9s plus pr\u00e9visible et moins stressante.<\/p>\n<p>Les transpondeurs Trig sont \u00e9galement pr\u00eats pour l\u2019avenir. Avec l\u2019augmentation de l\u2019utilisation de l\u2019ADS-B, votre visibilit\u00e9 et votre s\u00e9curit\u00e9 en vol sont consid\u00e9rablement am\u00e9lior\u00e9es. Contrairement \u00e0 d\u2019autres marques, les transpondeurs Trig respectent la norme de certification la plus r\u00e9cente pour l\u2019ADS-B, le FAA TSO-C166b.<\/p>\n<h4>Caract\u00e9ristiques :<\/h4>\n<ul>\n<li>Facilit\u00e9 d&rsquo;utilisation : \u00c9quip\u00e9 d&rsquo;un affichage clair et lumineux, le contr\u00f4leur comprend m\u00eame un encodeur d&rsquo;altitude int\u00e9gr\u00e9.<\/li>\n<li>Design compact : Parfaitement adapt\u00e9 pour les installations dans des espaces r\u00e9duits tout en offrant des performances de haute qualit\u00e9.<\/li>\n<\/ul>\n<h4>Rejoignez les nombreux pilotes qui ont fait de Trig leur transpondeur compact de choix \u2013 vous serez en excellente compagnie.<\/h4>\n<p>Contactez votre revendeur agr\u00e9\u00e9 Trig pour commander votre transpondeur compact.<\/p>\n","protected":false},"excerpt":{"rendered":"<p>Les transpondeurs Trig offrent un design compact, une visibilit\u00e9 Mode S et sont compatibles ADS-B, assurant une s\u00e9curit\u00e9 maximale. Conformes \u00e0 la norme FAA TSO-C166b, ils sont faciles \u00e0 installer et \u00e0 utiliser gr\u00e2ce \u00e0 leur affichage clair et encodeur d&rsquo;altitude int\u00e9gr\u00e9.<\/p>\n","protected":false},"featured_media":1087,"template":"","meta":{"neve_meta_sidebar":"","neve_meta_container":"","neve_meta_enable_content_width":"off","neve_meta_content_width":100,"neve_meta_title_alignment":"","neve_meta_author_avatar":"","neve_post_elements_order":"","neve_meta_disable_header":"","neve_meta_disable_footer":"","neve_meta_disable_title":"","_themeisle_gutenberg_block_has_review":false},"product_brand":[],"product_cat":[45],"product_tag":[57],"class_list":{"0":"post-1086","1":"product","2":"type-product","3":"status-publish","4":"has-post-thumbnail","6":"product_cat-transpondeurs","7":"product_tag-trig","9":"first","10":"instock","11":"shipping-taxable","12":"product-type-external"},"jetpack_sharing_enabled":true,"_links":{"self":[{"href":"https:\/\/globalavionique.com\/staging\/wp-json\/wp\/v2\/product\/1086","targetHints":{"allow":["GET"]}}],"collection":[{"href":"https:\/\/globalavionique.com\/staging\/wp-json\/wp\/v2\/product"}],"about":[{"href":"https:\/\/globalavionique.com\/staging\/wp-json\/wp\/v2\/types\/product"}],"wp:featuredmedia":[{"embeddable":true,"href":"https:\/\/globalavionique.com\/staging\/wp-json\/wp\/v2\/media\/1087"}],"wp:attachment":[{"href":"https:\/\/globalavionique.com\/staging\/wp-json\/wp\/v2\/media?parent=1086"}],"wp:term":[{"taxonomy":"product_brand","embeddable":true,"href":"https:\/\/globalavionique.com\/staging\/wp-json\/wp\/v2\/product_brand?post=1086"},{"taxonomy":"product_cat","embeddable":true,"href":"https:\/\/globalavionique.com\/staging\/wp-json\/wp\/v2\/product_cat?post=1086"},{"taxonomy":"product_tag","embeddable":true,"href":"https:\/\/globalavionique.com\/staging\/wp-json\/wp\/v2\/product_tag?post=1086"}],"curies":[{"name":"wp","href":"https:\/\/api.w.org\/{rel}","templated":true}]}}