{"id":1084,"date":"2025-01-08T11:06:48","date_gmt":"2025-01-08T16:06:48","guid":{"rendered":"https:\/\/globalavionique.com\/staging\/?post_type=product&#038;p=1084"},"modified":"2025-01-15T14:17:04","modified_gmt":"2025-01-15T19:17:04","slug":"tt31-xpdr-ads-b-transponder","status":"publish","type":"product","link":"https:\/\/globalavionique.com\/staging\/produit\/tt31-xpdr-ads-b-transponder\/","title":{"rendered":"TT31 (XPDR ADS-B) Transponder"},"content":{"rendered":"<h3>Trig TT31 Transponder \u2013 Performance et Installation In\u00e9gal\u00e9es<\/h3>\n<p>Le Trig TT31 transponder offre des avantages d&rsquo;installation in\u00e9gal\u00e9s et des performances de classe leader. Ce transpondeur est la solution id\u00e9ale pour la mise \u00e0 niveau des transpondeurs Bendix King populaires, notamment les KT76A, KT76C et KT78A. Gr\u00e2ce \u00e0 sa conception plug-and-play, le TT31 se monte directement dans le plateau existant de ces mod\u00e8les, r\u00e9duisant ainsi consid\u00e9rablement \u00e0 la fois le temps et le co\u00fbt d&rsquo;installation.<\/p>\n<h3>Caract\u00e9ristiques cl\u00e9s :<\/h3>\n<ul>\n<li>Technologie Mode S de Classe 1 : Le TT31 est \u00e9quip\u00e9 de la technologie Mode S de Classe 1 et est \u00e9galement compatible avec 1090ES ADS-B Out, conform\u00e9ment aux derniers standards internationaux. Cela permet une conformit\u00e9 compl\u00e8te pour les exigences modernes d\u2019aviation.<\/li>\n<li>Compatibilit\u00e9 avec les GPS populaires : Le TT31 est compatible avec de nombreuses sources de position GPS populaires, y compris les navigateurs Garmin GNS et GTN, ainsi que le Trig TN70. Cette compatibilit\u00e9 garantit une flexibilit\u00e9 d&rsquo;installation parmi les meilleures de sa cat\u00e9gorie.<\/li>\n<li>Certifications : Gr\u00e2ce \u00e0 son STC (Supplemental Type Certificate) gratuit de la FAA, le TT31 peut \u00eatre install\u00e9 comme une solution ADS-B Out conforme dans 650 types d&rsquo;a\u00e9ronefs diff\u00e9rents. Pour plus de d\u00e9tails, consultez notre page ADS-B U.S..<\/li>\n<\/ul>\n<h3>Avantages pour les pilotes :<\/h3>\n<p>Le TT31 offre une solution de transpondeur ADS-B Out fiable et facile \u00e0 installer, r\u00e9pondant aux exigences des nouveaux standards tout en offrant une compatibilit\u00e9 \u00e9tendue avec divers syst\u00e8mes GPS. Cela en fait un choix id\u00e9al pour les pilotes cherchant \u00e0 moderniser leur avion tout en r\u00e9duisant les co\u00fbts et le temps d&rsquo;installation.<\/p>\n<p>Contactez d\u00e8s maintenant votre concessionnaire agr\u00e9\u00e9 Trig pour savoir comment le TT31 peut \u00eatre int\u00e9gr\u00e9 dans votre avion.<\/p>\n","protected":false},"excerpt":{"rendered":"<p>Le Trig TT31 Transponder offre une installation plug-and-play pour remplacer les transpondeurs Bendix King. Il prend en charge 1090ES ADS-B Out et Mode S Classe 1, avec une compatibilit\u00e9 \u00e9tendue aux syst\u00e8mes GPS. Certifi\u00e9 STC pour plus de 650 types d&rsquo;a\u00e9ronefs, il fournit une solution fiable et \u00e9conomique pour moderniser votre avion.<\/p>\n","protected":false},"featured_media":1085,"template":"","meta":{"neve_meta_sidebar":"","neve_meta_container":"","neve_meta_enable_content_width":"off","neve_meta_content_width":100,"neve_meta_title_alignment":"","neve_meta_author_avatar":"","neve_post_elements_order":"","neve_meta_disable_header":"","neve_meta_disable_footer":"","neve_meta_disable_title":"","_themeisle_gutenberg_block_has_review":false},"product_brand":[],"product_cat":[45],"product_tag":[57],"class_list":{"0":"post-1084","1":"product","2":"type-product","3":"status-publish","4":"has-post-thumbnail","6":"product_cat-transpondeurs","7":"product_tag-trig","9":"first","10":"instock","11":"shipping-taxable","12":"product-type-external"},"jetpack_sharing_enabled":true,"_links":{"self":[{"href":"https:\/\/globalavionique.com\/staging\/wp-json\/wp\/v2\/product\/1084","targetHints":{"allow":["GET"]}}],"collection":[{"href":"https:\/\/globalavionique.com\/staging\/wp-json\/wp\/v2\/product"}],"about":[{"href":"https:\/\/globalavionique.com\/staging\/wp-json\/wp\/v2\/types\/product"}],"wp:featuredmedia":[{"embeddable":true,"href":"https:\/\/globalavionique.com\/staging\/wp-json\/wp\/v2\/media\/1085"}],"wp:attachment":[{"href":"https:\/\/globalavionique.com\/staging\/wp-json\/wp\/v2\/media?parent=1084"}],"wp:term":[{"taxonomy":"product_brand","embeddable":true,"href":"https:\/\/globalavionique.com\/staging\/wp-json\/wp\/v2\/product_brand?post=1084"},{"taxonomy":"product_cat","embeddable":true,"href":"https:\/\/globalavionique.com\/staging\/wp-json\/wp\/v2\/product_cat?post=1084"},{"taxonomy":"product_tag","embeddable":true,"href":"https:\/\/globalavionique.com\/staging\/wp-json\/wp\/v2\/product_tag?post=1084"}],"curies":[{"name":"wp","href":"https:\/\/api.w.org\/{rel}","templated":true}]}}