{"id":1082,"date":"2025-01-08T11:01:22","date_gmt":"2025-01-08T16:01:22","guid":{"rendered":"https:\/\/globalavionique.com\/staging\/?post_type=product&#038;p=1082"},"modified":"2025-01-15T14:17:18","modified_gmt":"2025-01-15T19:17:18","slug":"ty96-and-ty97-vhf-radios","status":"publish","type":"product","link":"https:\/\/globalavionique.com\/staging\/produit\/ty96-and-ty97-vhf-radios\/","title":{"rendered":"TY96 and TY97 VHF Radios"},"content":{"rendered":"<p>Les radios Trig Stack ont red\u00e9fini une nouvelle norme en mati\u00e8re de conception et sont remplies de fonctionnalit\u00e9s conviviales pour les pilotes. Ces radios offrent des communications st\u00e9r\u00e9o nettes et claires, un accord plus rapide, une base de donn\u00e9es USB programmable facile \u00e0 utiliser, un dual watch et la populaire fonctionnalit\u00e9 \u2018Say Again\u2019 de Trig.<\/p>\n<p>Combinant excellente qualit\u00e9 et performance, chaque radio est log\u00e9e dans un bo\u00eetier superbement con\u00e7u, compact et l\u00e9ger. Avec seulement 33 mm de hauteur (1,3&Prime;), la radio permet de gagner un espace pr\u00e9cieux dans la pile avionique, tout en conservant des caract\u00e9ristiques innovantes et pratiques. Les radios Trig Stack sont con\u00e7ues pour l&rsquo;aviation g\u00e9n\u00e9rale et l\u00e9g\u00e8re, avec des fonctionnalit\u00e9s que les pilotes exp\u00e9riment\u00e9s comme novices appr\u00e9cient r\u00e9ellement.<\/p>\n<h3>Mod\u00e8les disponibles :<\/h3>\n<ul>\n<li>TY96\/TY97 : Radio 8.33 kHz.<\/li>\n<li>TY96A\/TY97A : Version 760 canaux (uniquement, sans 8.33 kHz).<\/li>\n<\/ul>\n<p>Commandez d\u00e8s maintenant aupr\u00e8s de votre distributeur agr\u00e9\u00e9 Trig le plus proche.<\/p>\n<h3>Facilit\u00e9 d&rsquo;utilisation du radio Trig Stack<\/h3>\n<p>Le display des radios Trig Stack est \u00e0 la fois clair et lumineux, affichant les fr\u00e9quences principales et secondaires ainsi que les identifiants d&rsquo;a\u00e9roports ou de champs personnalis\u00e9s (en utilisant des identifiants ICAO ou d\u00e9finis par l&rsquo;utilisateur). Le bouton \u2018Push Step\u2019 permet de passer rapidement de 8.33 kHz \u00e0 25 kHz (mod\u00e8les TY96\/TY97) ou de 25 kHz \u00e0 50 kHz (mod\u00e8les TY96A\/TY97A), vous permettant de r\u00e9gler la radio rapidement sans compromettre votre observation visuelle.<\/p>\n<h4>Dual Watch<\/h4>\n<p>La fonctionnalit\u00e9 Dual Watch permet de surveiller simultan\u00e9ment deux fr\u00e9quences, ce qui revient \u00e0 avoir deux radios en une. Vous pouvez donc suivre deux canaux en m\u00eame temps, offrant plus de flexibilit\u00e9 et de s\u00e9curit\u00e9.<\/p>\n<h4>Base de donn\u00e9es configurable par l&rsquo;utilisateur<\/h4>\n<p>Une base de donn\u00e9es configurable vous permet de t\u00e9l\u00e9charger plus de 200 fr\u00e9quences et identifiants dans la radio depuis un fichier CSV, via une cl\u00e9 USB (fournie). Il n&rsquo;y a pas de frais d&rsquo;abonnement, ce qui offre une mani\u00e8re tr\u00e8s flexible de personnaliser la radio pour chaque vol et chaque pilote. Cette fonctionnalit\u00e9 est particuli\u00e8rement utile pour les flottes d\u2019avions ou les clubs a\u00e9riens, car elle permet d\u2019adapter rapidement la radio aux besoins sp\u00e9cifiques de chaque vol. Vous pouvez cr\u00e9er votre propre base de donn\u00e9es ici.<\/p>\n<h4>Say Again<\/h4>\n<p>La radio dispose de la fonction \u2018Say Again\u2019 : un simple appui sur un bouton permet de rejouer la derni\u00e8re transmission radio. Cela est particuli\u00e8rement utile pour les \u00e9tudiants pilotes, mais peut \u00eatre b\u00e9n\u00e9fique pour tous les pilotes, car cela permet d&rsquo;\u00e9viter d&rsquo;avoir \u00e0 demander \u00e0 la tour de contr\u00f4le de r\u00e9p\u00e9ter un message.<\/p>\n<h4>Bouton d&rsquo;urgence<\/h4>\n<p>Un bouton d&rsquo;urgence \u00e0 une touche permet de r\u00e9initialiser automatiquement la fr\u00e9quence 121.5 MHz, ainsi que les niveaux de volume, assurant une transmission r\u00e9ussie m\u00eame dans une situation stressante.<\/p>\n<h4>Intercom int\u00e9gr\u00e9<\/h4>\n<p>Chaque radio dispose d&rsquo;un intercom int\u00e9gr\u00e9 \u00e0 deux places, avec des entr\u00e9es auxiliaires pour la musique st\u00e9r\u00e9o et les alertes audio. De plus, chaque radio peut \u00eatre int\u00e9gr\u00e9e avec un navigateur GPS (protocoles SL40 et GTR225) pour afficher automatiquement les fr\u00e9quences n\u00e9cessaires tout au long du vol. Une base de donn\u00e9es des a\u00e9roports peut \u00e9galement \u00eatre charg\u00e9e via le port USB pratique. Cette base de donn\u00e9es peut contenir plus de 200 fr\u00e9quences et identifiants.<\/p>\n<h4>Conception du produit<\/h4>\n<p>La conception profil bas de la radio ne n\u00e9cessite aucun ventilateur de refroidissement externe. Sa taille compacte et ses fonctionnalit\u00e9s en font un excellent choix pour des installations avant ou r\u00e9tro-fit. Chaque radio est con\u00e7ue pour s&rsquo;int\u00e9grer facilement avec des radios h\u00e9rit\u00e9es, telles que les mod\u00e8les KY 196A, KY 197A et SL 40 populaires.<\/p>\n","protected":false},"excerpt":{"rendered":"<p>Les radios Trig Stack offrent des communications claires, un accord rapide, une base de donn\u00e9es USB programmable et la fonction \u2018Say Again\u2019. Compactes (33 mm), elles sont disponibles en versions 8.33 kHz (TY96\/TY97) et 760 canaux (TY96A\/TY97A), id\u00e9ales pour les pilotes de l&rsquo;aviation g\u00e9n\u00e9rale.<\/p>\n","protected":false},"featured_media":1083,"template":"","meta":{"neve_meta_sidebar":"","neve_meta_container":"","neve_meta_enable_content_width":"off","neve_meta_content_width":100,"neve_meta_title_alignment":"","neve_meta_author_avatar":"","neve_post_elements_order":"","neve_meta_disable_header":"","neve_meta_disable_footer":"","neve_meta_disable_title":"","_themeisle_gutenberg_block_has_review":false},"product_brand":[],"product_cat":[43],"product_tag":[57],"class_list":{"0":"post-1082","1":"product","2":"type-product","3":"status-publish","4":"has-post-thumbnail","6":"product_cat-radios","7":"product_tag-trig","9":"first","10":"instock","11":"shipping-taxable","12":"product-type-external"},"jetpack_sharing_enabled":true,"_links":{"self":[{"href":"https:\/\/globalavionique.com\/staging\/wp-json\/wp\/v2\/product\/1082","targetHints":{"allow":["GET"]}}],"collection":[{"href":"https:\/\/globalavionique.com\/staging\/wp-json\/wp\/v2\/product"}],"about":[{"href":"https:\/\/globalavionique.com\/staging\/wp-json\/wp\/v2\/types\/product"}],"wp:featuredmedia":[{"embeddable":true,"href":"https:\/\/globalavionique.com\/staging\/wp-json\/wp\/v2\/media\/1083"}],"wp:attachment":[{"href":"https:\/\/globalavionique.com\/staging\/wp-json\/wp\/v2\/media?parent=1082"}],"wp:term":[{"taxonomy":"product_brand","embeddable":true,"href":"https:\/\/globalavionique.com\/staging\/wp-json\/wp\/v2\/product_brand?post=1082"},{"taxonomy":"product_cat","embeddable":true,"href":"https:\/\/globalavionique.com\/staging\/wp-json\/wp\/v2\/product_cat?post=1082"},{"taxonomy":"product_tag","embeddable":true,"href":"https:\/\/globalavionique.com\/staging\/wp-json\/wp\/v2\/product_tag?post=1082"}],"curies":[{"name":"wp","href":"https:\/\/api.w.org\/{rel}","templated":true}]}}