{"id":1078,"date":"2025-01-08T10:53:20","date_gmt":"2025-01-08T15:53:20","guid":{"rendered":"https:\/\/globalavionique.com\/staging\/?post_type=product&#038;p=1078"},"modified":"2025-01-15T14:17:46","modified_gmt":"2025-01-15T19:17:46","slug":"tma44-and-tma45-audio-panels","status":"publish","type":"product","link":"https:\/\/globalavionique.com\/staging\/produit\/tma44-and-tma45-audio-panels\/","title":{"rendered":"TMA44 and TMA45 Audio Panels"},"content":{"rendered":"<p>Les TMA44 et TMA45 fonctionnent parfaitement avec les produits Trig Stack, alliant fonctionnalit\u00e9s pratiques et excellent rapport qualit\u00e9-prix. Les deux panneaux supportent les vols IFR et VFR et peuvent \u00e9galement \u00eatre utilis\u00e9s avec une large gamme d&rsquo;avioniques existantes.<\/p>\n<p>Ils permettent de contr\u00f4ler facilement toutes vos options de navigation, communication et divertissement \u2013 tout en b\u00e9n\u00e9ficiant de la philosophie \u00ab Better by Design \u00bb de Trig. Le r\u00e9sultat : une interface logique et de haute qualit\u00e9, plus facile \u00e0 utiliser, avec des fonctionnalit\u00e9s que les pilotes et passagers appr\u00e9cieront vraiment.<\/p>\n<h3>TMA44 \u2013 Panneau standard<\/h3>\n<ul>\n<li>Mono \u2013 Entr\u00e9es audio pour t\u00e9l\u00e9phone \/ musique<\/li>\n<li>Fonction smooth fade (fondu progressif)<\/li>\n<li>Interface utilisateur simple \u2013 facile \u00e0 utiliser<\/li>\n<li>Boutons d\u00e9di\u00e9s pour les fonctions ADF et DME<\/li>\n<li>R\u00e9cepteur Marker beacon \u2013 avec indicateurs<\/li>\n<li>Supporte de 2 \u00e0 4 si\u00e8ges<\/li>\n<li>Excellent rapport qualit\u00e9-prix pour les exploitants de flottes et les \u00e9coles de pilotage<\/li>\n<\/ul>\n<p>Le panneau \u00e0 excellent rapport qualit\u00e9-prix qui couvre toutes les bases IFR\/VFR<\/p>\n<p>Le TMA44 vous pr\u00e9pare pour la navigation et les vols IFR, avec des entr\u00e9es commut\u00e9es pour Nav 1, Nav 2, ADF, Aux et DME. Un Marker beacon illumin\u00e9 pour les approches ILS ajoute des rep\u00e8res visuels aux tonalit\u00e9s audio du marqueur. Tous les interrupteurs ont une sensation positive, avec une illumination de panneau r\u00e9glable pour une excellente exp\u00e9rience utilisateur, de jour comme de nuit.<\/p>\n<p>Le TMA44 dispose de deux entr\u00e9es non commut\u00e9es suppl\u00e9mentaires pour les alertes audio, telles que les avertissements de d\u00e9crochage ou de train d&rsquo;atterrissage. La possibilit\u00e9 de jouer de la musique via deux entr\u00e9es personnalis\u00e9es est am\u00e9lior\u00e9e par la fonction \u00ab\u00a0smooth fade\u00a0\u00bb du TMA44. Cela ajuste automatiquement les niveaux de musique pour garantir que les informations radio vitales soient toujours clairement re\u00e7ues.<\/p>\n<h4>Installation du produit<\/h4>\n<p>L&rsquo;unit\u00e9 utilise un connecteur standard 44 broches permettant un r\u00e9trofit facile avec des panneaux audio plus anciens et est con\u00e7ue pour s&rsquo;adapter \u00e0 un rack avionique standard. Le TMA44 est un choix populaire pour les propri\u00e9taires d&rsquo;avions GA (General Aviation) cherchant \u00e0 am\u00e9liorer leur syst\u00e8me audio, tout en b\u00e9n\u00e9ficiant de fonctionnalit\u00e9s de base dans un package \u00e9conomique.<\/p>\n<hr \/>\n<h3>TMA45 \u2013 Panneau sup\u00e9rieur<\/h3>\n<ul>\n<li>St\u00e9r\u00e9o \u2013 Prise en charge compl\u00e8te du Bluetooth \u2013 t\u00e9l\u00e9phone \/ musique<\/li>\n<li>Traitement audio de haute qualit\u00e9 \u2013 TDNR et TAM<\/li>\n<li>Interface utilisateur sup\u00e9rieure \u2013 fonctionnement simple<\/li>\n<li>Boutons d\u00e9di\u00e9s pour les fonctions ADF et DME<\/li>\n<li>R\u00e9cepteur Marker beacon \u2013 avec indicateurs<\/li>\n<li>Supporte de 2 \u00e0 6 si\u00e8ges<\/li>\n<li>R\u00e9trofit plug-and-play pour le GMA340<\/li>\n<\/ul>\n<p>Bluetooth et st\u00e9r\u00e9o \u2013 faites de chaque vol une performance sonore<\/p>\n<p>Accueillant de 2 \u00e0 6 si\u00e8ges, le TMA45 dispose du Trig Digital Noise Reduction (TDNR) de pointe. En s\u00e9lectionnant automatiquement le niveau optimal de squelch et de seuil micro, le TDNR r\u00e9duit le bruit dans le cockpit. Cela am\u00e9liore l&rsquo;environnement sonore, aide \u00e0 la concentration du pilote et combat la fatigue. Notre panneau sup\u00e9rieur est \u00e9galement \u00e9quip\u00e9 de la fonction Trig Active Mute (TAM) qui \u00e9limine davantage les bruits de fond ind\u00e9sirables dus aux interf\u00e9rences radio, produisant une qualit\u00e9 audio in\u00e9gal\u00e9e.<\/p>\n<p>En cr\u00e9ant un environnement sonore plus confortable, vous \u00eates dans les meilleures conditions pour profiter du divertissement musical st\u00e9r\u00e9o du TMA45 et de la connectivit\u00e9 de votre t\u00e9l\u00e9phone mobile. Le Bluetooth int\u00e9gr\u00e9 permet de connecter deux appareils \u00e9lectroniques portables, offrant des options de musique st\u00e9r\u00e9o et de communication \u2013 c&rsquo;est la solution privil\u00e9gi\u00e9e des pilotes exigeants qui souhaitent rester connect\u00e9s.<\/p>\n<h4>Installation du produit<\/h4>\n<p>Le TMA45 est con\u00e7u pour s&rsquo;adapter \u00e0 un rack avionique standard, il dispose de deux connecteurs et est un r\u00e9trofit plug-and-play pour le GMA340.<\/p>\n","protected":false},"excerpt":{"rendered":"<p>Les TMA44 et TMA45 de Trig offrent une gestion audio simple et de qualit\u00e9 pour les vols IFR et VFR. Le TMA44 est un mod\u00e8le \u00e9conomique avec des fonctions de base et un bon rapport qualit\u00e9-prix, tandis que le TMA45 propose Bluetooth st\u00e9r\u00e9o, r\u00e9duction de bruit (TDNR) et une meilleure qualit\u00e9 sonore, id\u00e9al pour les pilotes exigeants. Les deux sont faciles \u00e0 installer et compatibles avec les racks avioniques standards.<\/p>\n","protected":false},"featured_media":1079,"template":"","meta":{"neve_meta_sidebar":"","neve_meta_container":"","neve_meta_enable_content_width":"off","neve_meta_content_width":100,"neve_meta_title_alignment":"","neve_meta_author_avatar":"","neve_post_elements_order":"","neve_meta_disable_header":"","neve_meta_disable_footer":"","neve_meta_disable_title":"","_themeisle_gutenberg_block_has_review":false},"product_brand":[],"product_cat":[43],"product_tag":[57],"class_list":{"0":"post-1078","1":"product","2":"type-product","3":"status-publish","4":"has-post-thumbnail","6":"product_cat-radios","7":"product_tag-trig","9":"first","10":"instock","11":"shipping-taxable","12":"product-type-external"},"jetpack_sharing_enabled":true,"_links":{"self":[{"href":"https:\/\/globalavionique.com\/staging\/wp-json\/wp\/v2\/product\/1078","targetHints":{"allow":["GET"]}}],"collection":[{"href":"https:\/\/globalavionique.com\/staging\/wp-json\/wp\/v2\/product"}],"about":[{"href":"https:\/\/globalavionique.com\/staging\/wp-json\/wp\/v2\/types\/product"}],"wp:featuredmedia":[{"embeddable":true,"href":"https:\/\/globalavionique.com\/staging\/wp-json\/wp\/v2\/media\/1079"}],"wp:attachment":[{"href":"https:\/\/globalavionique.com\/staging\/wp-json\/wp\/v2\/media?parent=1078"}],"wp:term":[{"taxonomy":"product_brand","embeddable":true,"href":"https:\/\/globalavionique.com\/staging\/wp-json\/wp\/v2\/product_brand?post=1078"},{"taxonomy":"product_cat","embeddable":true,"href":"https:\/\/globalavionique.com\/staging\/wp-json\/wp\/v2\/product_cat?post=1078"},{"taxonomy":"product_tag","embeddable":true,"href":"https:\/\/globalavionique.com\/staging\/wp-json\/wp\/v2\/product_tag?post=1078"}],"curies":[{"name":"wp","href":"https:\/\/api.w.org\/{rel}","templated":true}]}}