{"id":1074,"date":"2025-01-08T10:48:45","date_gmt":"2025-01-08T15:48:45","guid":{"rendered":"https:\/\/globalavionique.com\/staging\/?post_type=product&#038;p=1074"},"modified":"2025-01-15T14:18:21","modified_gmt":"2025-01-15T19:18:21","slug":"edm-960-twin","status":"publish","type":"product","link":"https:\/\/globalavionique.com\/staging\/produit\/edm-960-twin\/","title":{"rendered":"EDM 960 Twin"},"content":{"rendered":"<p>Avec un DAU par moteur, seulement 2 fils doivent \u00eatre connect\u00e9s \u00e0 l&rsquo;affichage dans le cockpit ! Notre mod\u00e8le phare EDM960 Primary Twin vous permet de remplacer vos anciens instruments \u00e0 cadran \u00e0 vapeur par l&rsquo;instrument de surveillance des moteurs \u00e0 piston le plus avanc\u00e9 et pr\u00e9cis sur le march\u00e9. L&rsquo;EDM960 propose \u00e9galement une longue liste d&rsquo;options personnalisables.<\/p>\n<p>Pensez \u00e0 votre EDM960 Twin comme \u00e0 votre ing\u00e9nieur de vol personnel. Toujours l\u00e0, fonctionnant en arri\u00e8re-plan, surveillant constamment vos moteurs pendant que vous vous concentrez sur le pilotage de l&rsquo;avion. Votre EDM960 surveille les conditions de vos moteurs quatre fois par seconde et vous avertira instantan\u00e9ment si une mesure d\u00e9passe la limite programm\u00e9e.<\/p>\n<p>Le r\u00e9glage de la richesse se fait rapidement et automatiquement gr\u00e2ce \u00e0 la proc\u00e9dure LeanFind\u2122. Avec l&rsquo;EDM, il est d\u00e9sormais possible d&rsquo;avoir bien plus d&rsquo;informations diagnostiques disponibles de mani\u00e8re rapide et exploitable.<\/p>\n<p>L&rsquo;EDM960 collecte les donn\u00e9es et les affiche de mani\u00e8re utile pour vous. Vous pouvez utiliser l&rsquo;EDM960 pour surveiller les temp\u00e9ratures et tensions moteur, ajuster le m\u00e9lange air\/carburant, et diagnostiquer les dysfonctionnements du moteur.<\/p>\n","protected":false},"excerpt":{"rendered":"<p>L&rsquo;EDM960 Primary Twin surveille vos moteurs \u00e0 piston avec pr\u00e9cision, rempla\u00e7ant les cadrans \u00e0 vapeur. Il offre une surveillance continue, ajuste automatiquement le m\u00e9lange avec LeanFind\u2122, et fournit des diagnostics rapides sur les param\u00e8tres moteurs.<\/p>\n","protected":false},"featured_media":1075,"template":"","meta":{"neve_meta_sidebar":"","neve_meta_container":"","neve_meta_enable_content_width":"off","neve_meta_content_width":100,"neve_meta_title_alignment":"","neve_meta_author_avatar":"","neve_post_elements_order":"","neve_meta_disable_header":"","neve_meta_disable_footer":"","neve_meta_disable_title":"","_themeisle_gutenberg_block_has_review":false},"product_brand":[],"product_cat":[46],"product_tag":[55],"class_list":{"0":"post-1074","1":"product","2":"type-product","3":"status-publish","4":"has-post-thumbnail","6":"product_cat-instruments","7":"product_tag-jpinstruments","9":"first","10":"instock","11":"shipping-taxable","12":"product-type-external"},"jetpack_sharing_enabled":true,"_links":{"self":[{"href":"https:\/\/globalavionique.com\/staging\/wp-json\/wp\/v2\/product\/1074","targetHints":{"allow":["GET"]}}],"collection":[{"href":"https:\/\/globalavionique.com\/staging\/wp-json\/wp\/v2\/product"}],"about":[{"href":"https:\/\/globalavionique.com\/staging\/wp-json\/wp\/v2\/types\/product"}],"wp:featuredmedia":[{"embeddable":true,"href":"https:\/\/globalavionique.com\/staging\/wp-json\/wp\/v2\/media\/1075"}],"wp:attachment":[{"href":"https:\/\/globalavionique.com\/staging\/wp-json\/wp\/v2\/media?parent=1074"}],"wp:term":[{"taxonomy":"product_brand","embeddable":true,"href":"https:\/\/globalavionique.com\/staging\/wp-json\/wp\/v2\/product_brand?post=1074"},{"taxonomy":"product_cat","embeddable":true,"href":"https:\/\/globalavionique.com\/staging\/wp-json\/wp\/v2\/product_cat?post=1074"},{"taxonomy":"product_tag","embeddable":true,"href":"https:\/\/globalavionique.com\/staging\/wp-json\/wp\/v2\/product_tag?post=1074"}],"curies":[{"name":"wp","href":"https:\/\/api.w.org\/{rel}","templated":true}]}}