{"id":1072,"date":"2025-01-08T10:45:56","date_gmt":"2025-01-08T15:45:56","guid":{"rendered":"https:\/\/globalavionique.com\/staging\/?post_type=product&#038;p=1072"},"modified":"2025-01-15T14:18:34","modified_gmt":"2025-01-15T19:18:34","slug":"edm-930","status":"publish","type":"product","link":"https:\/\/globalavionique.com\/staging\/produit\/edm-930\/","title":{"rendered":"EDM 930"},"content":{"rendered":"<p>Notre mod\u00e8le phare EDM930 a \u00e9t\u00e9 repens\u00e9 pour s&rsquo;int\u00e9grer de mani\u00e8re plus flexible dans votre panneau ! Il peut \u00eatre mont\u00e9 directement dans un trou standard de 3,1\u2033 ou install\u00e9 en montage encastr\u00e9. Notre syst\u00e8me primaire vous permet de remplacer vos anciens instruments de moteur \u00e0 cadran \u00e0 vapeur par l&rsquo;instrument de surveillance des moteurs \u00e0 piston le plus avanc\u00e9 et pr\u00e9cis sur le march\u00e9. L&rsquo;EDM930 propose \u00e9galement une longue liste d&rsquo;options personnalisables.<\/p>\n<p>Pensez \u00e0 l&rsquo;EDM930 comme \u00e0 votre ing\u00e9nieur de vol personnel. Toujours l\u00e0, fonctionnant en arri\u00e8re-plan, surveillant constamment votre moteur pendant que vous vous concentrez sur le pilotage de l&rsquo;avion. Votre EDM930 surveille les conditions de votre moteur quatre fois par seconde et vous avertira instantan\u00e9ment si une mesure d\u00e9passe la limite programm\u00e9e.<\/p>\n<p>Le r\u00e9glage de la richesse se fait rapidement et automatiquement gr\u00e2ce \u00e0 la proc\u00e9dure LeanFind\u2122. Avec l&rsquo;EDM, il est d\u00e9sormais possible d&rsquo;avoir bien plus d&rsquo;informations diagnostiques disponibles de mani\u00e8re rapide et exploitable.<\/p>\n<p>L&rsquo;EDM930 collecte les donn\u00e9es et les affiche de mani\u00e8re utile pour vous. Vous pouvez utiliser l&rsquo;EDM930 pour surveiller les temp\u00e9ratures et tensions moteur, ajuster le m\u00e9lange air\/carburant et diagnostiquer les dysfonctionnements du moteur.<\/p>\n<h4>Options :<\/h4>\n<ul>\n<li>Pression de carburant<\/li>\n<li>Temp\u00e9rature du carburateur ou temp\u00e9rature d&rsquo;admission<\/li>\n<li>Option de temp\u00e9rature de d\u00e9charge du compresseur<\/li>\n<li>Temp\u00e9rature d&rsquo;entr\u00e9e de turbine<\/li>\n<\/ul>\n","protected":false},"excerpt":{"rendered":"<p>L&rsquo;EDM930 est un instrument de surveillance moteur TSO, montable en standard ou encastr\u00e9. Il surveille les param\u00e8tres moteurs en continu, alerte en cas de d\u00e9passement et offre des options comme la pression de carburant et la temp\u00e9rature du carburateur. Le r\u00e9glage automatique du m\u00e9lange se fait via LeanFind\u2122.<\/p>\n","protected":false},"featured_media":1073,"template":"","meta":{"neve_meta_sidebar":"","neve_meta_container":"","neve_meta_enable_content_width":"off","neve_meta_content_width":100,"neve_meta_title_alignment":"","neve_meta_author_avatar":"","neve_post_elements_order":"","neve_meta_disable_header":"","neve_meta_disable_footer":"","neve_meta_disable_title":"","_themeisle_gutenberg_block_has_review":false},"product_brand":[],"product_cat":[46],"product_tag":[55],"class_list":{"0":"post-1072","1":"product","2":"type-product","3":"status-publish","4":"has-post-thumbnail","6":"product_cat-instruments","7":"product_tag-jpinstruments","9":"first","10":"instock","11":"shipping-taxable","12":"product-type-external"},"jetpack_sharing_enabled":true,"_links":{"self":[{"href":"https:\/\/globalavionique.com\/staging\/wp-json\/wp\/v2\/product\/1072","targetHints":{"allow":["GET"]}}],"collection":[{"href":"https:\/\/globalavionique.com\/staging\/wp-json\/wp\/v2\/product"}],"about":[{"href":"https:\/\/globalavionique.com\/staging\/wp-json\/wp\/v2\/types\/product"}],"wp:featuredmedia":[{"embeddable":true,"href":"https:\/\/globalavionique.com\/staging\/wp-json\/wp\/v2\/media\/1073"}],"wp:attachment":[{"href":"https:\/\/globalavionique.com\/staging\/wp-json\/wp\/v2\/media?parent=1072"}],"wp:term":[{"taxonomy":"product_brand","embeddable":true,"href":"https:\/\/globalavionique.com\/staging\/wp-json\/wp\/v2\/product_brand?post=1072"},{"taxonomy":"product_cat","embeddable":true,"href":"https:\/\/globalavionique.com\/staging\/wp-json\/wp\/v2\/product_cat?post=1072"},{"taxonomy":"product_tag","embeddable":true,"href":"https:\/\/globalavionique.com\/staging\/wp-json\/wp\/v2\/product_tag?post=1072"}],"curies":[{"name":"wp","href":"https:\/\/api.w.org\/{rel}","templated":true}]}}