{"id":1070,"date":"2025-01-08T10:44:15","date_gmt":"2025-01-08T15:44:15","guid":{"rendered":"https:\/\/globalavionique.com\/staging\/?post_type=product&#038;p=1070"},"modified":"2025-01-15T14:19:18","modified_gmt":"2025-01-15T19:19:18","slug":"edm-900","status":"publish","type":"product","link":"https:\/\/globalavionique.com\/staging\/produit\/edm-900\/","title":{"rendered":"EDM 900"},"content":{"rendered":"<p>Le syst\u00e8me EDM900 Primary vous permet de remplacer vos anciens instruments \u00e0 cadran \u00e0 vapeur par l&rsquo;instrument de surveillance de moteur \u00e0 piston le plus avanc\u00e9 et pr\u00e9cis sur le march\u00e9. Con\u00e7u pour \u00eatre utilis\u00e9 aussi bien verticalement qu&rsquo;horizontalement, son processeur arri\u00e8re est d\u00e9cal\u00e9 pour offrir presque des possibilit\u00e9s d&rsquo;installation illimit\u00e9es, tout en proposant une longue liste d&rsquo;options personnalisables. Certifi\u00e9 TSO en tant qu&rsquo;instrument PRIMAIRE et pour sa qualit\u00e9, l&rsquo;EDM 900 n&rsquo;est pas simplement une bo\u00eete noire parmi d&rsquo;autres. C&rsquo;est un ing\u00e9nieur de vol, un responsable de maintenance et un instrument de secours. \u00c0 ce prix, rien ne s&rsquo;en rapproche. Vous pouvez presque consid\u00e9rer l&rsquo;EDM 900 comme votre ing\u00e9nieur de vol personnel. Il est toujours l\u00e0, fonctionnant en arri\u00e8re-plan, surveillant constamment votre moteur pendant que vous vous concentrez sur le pilotage de l&rsquo;avion. Vous pouvez r\u00e9aliser un vol entier sans jamais appuyer sur un bouton, si vous le souhaitez. Cependant, votre EDM surveillera vos param\u00e8tres moteur trois fois par seconde et vous avertira instantan\u00e9ment si un param\u00e8tre d\u00e9passe la limite programm\u00e9e.<\/p>\n<p>Non seulement l&rsquo;EDM 900 est certifi\u00e9 TSO (il est \u00e9galement disponible en version non TSO pour les avions exp\u00e9rimentaux), mais toutes les fonctions couvertes par l&rsquo;EDM 900 sont certifi\u00e9es TSO et STC en tant que fonctions PRIMAIRES.<\/p>\n","protected":false},"excerpt":{"rendered":"<p>L&rsquo;EDM 900 Primary est un instrument de surveillance moteur certifi\u00e9 TSO, rempla\u00e7ant les cadrans \u00e0 vapeur. Il surveille en continu les param\u00e8tres moteur et alerte en cas de probl\u00e8me, offrant une installation flexible et une utilisation sans intervention pendant le vol.<\/p>\n","protected":false},"featured_media":1071,"template":"","meta":{"neve_meta_sidebar":"","neve_meta_container":"","neve_meta_enable_content_width":"off","neve_meta_content_width":100,"neve_meta_title_alignment":"","neve_meta_author_avatar":"","neve_post_elements_order":"","neve_meta_disable_header":"","neve_meta_disable_footer":"","neve_meta_disable_title":"","_themeisle_gutenberg_block_has_review":false},"product_brand":[],"product_cat":[46],"product_tag":[55],"class_list":{"0":"post-1070","1":"product","2":"type-product","3":"status-publish","4":"has-post-thumbnail","6":"product_cat-instruments","7":"product_tag-jpinstruments","9":"first","10":"instock","11":"shipping-taxable","12":"product-type-external"},"jetpack_sharing_enabled":true,"_links":{"self":[{"href":"https:\/\/globalavionique.com\/staging\/wp-json\/wp\/v2\/product\/1070","targetHints":{"allow":["GET"]}}],"collection":[{"href":"https:\/\/globalavionique.com\/staging\/wp-json\/wp\/v2\/product"}],"about":[{"href":"https:\/\/globalavionique.com\/staging\/wp-json\/wp\/v2\/types\/product"}],"wp:featuredmedia":[{"embeddable":true,"href":"https:\/\/globalavionique.com\/staging\/wp-json\/wp\/v2\/media\/1071"}],"wp:attachment":[{"href":"https:\/\/globalavionique.com\/staging\/wp-json\/wp\/v2\/media?parent=1070"}],"wp:term":[{"taxonomy":"product_brand","embeddable":true,"href":"https:\/\/globalavionique.com\/staging\/wp-json\/wp\/v2\/product_brand?post=1070"},{"taxonomy":"product_cat","embeddable":true,"href":"https:\/\/globalavionique.com\/staging\/wp-json\/wp\/v2\/product_cat?post=1070"},{"taxonomy":"product_tag","embeddable":true,"href":"https:\/\/globalavionique.com\/staging\/wp-json\/wp\/v2\/product_tag?post=1070"}],"curies":[{"name":"wp","href":"https:\/\/api.w.org\/{rel}","templated":true}]}}