{"id":1065,"date":"2025-01-08T10:23:25","date_gmt":"2025-01-08T15:23:25","guid":{"rendered":"https:\/\/globalavionique.com\/staging\/?post_type=product&#038;p=1065"},"modified":"2025-01-15T14:19:43","modified_gmt":"2025-01-15T19:19:43","slug":"edm-790","status":"publish","type":"product","link":"https:\/\/globalavionique.com\/staging\/produit\/edm-790\/","title":{"rendered":"EDM 790"},"content":{"rendered":"<p>Volez avec votre bimoteur gr\u00e2ce \u00e0 l&rsquo;affichage color\u00e9 (LCD) de notre EDM790. \u00c9conomique et compact, cet EDM de type <em>advisory<\/em> offre de nombreuses options pour personnaliser exactement ce que vous souhaitez. Le processeur arri\u00e8re rond est d\u00e9cal\u00e9 pour permettre une installation horizontale facile dans n&rsquo;importe quel panneau. Le syst\u00e8me Engine Data Management 790 est l&rsquo;instrument de surveillance des moteurs \u00e0 piston pour bimoteurs le plus avanc\u00e9 et pr\u00e9cis du march\u00e9. Certifi\u00e9 TSO pour sa qualit\u00e9, l&rsquo;EDM 790 n&rsquo;est pas simplement une bo\u00eete noire parmi d&rsquo;autres. C&rsquo;est un ing\u00e9nieur de vol et un responsable de maintenance. \u00c0 ce prix, rien ne s&rsquo;en rapproche. Vous pouvez presque consid\u00e9rer l&rsquo;EDM 790 comme votre ing\u00e9nieur de vol personnel. Il est toujours l\u00e0, fonctionnant en arri\u00e8re-plan, surveillant constamment votre moteur pendant que vous vous concentrez sur le pilotage de l&rsquo;avion. Vous pouvez r\u00e9aliser un vol entier sans jamais appuyer sur un bouton, si vous le souhaitez. Cependant, votre EDM surveillera vos param\u00e8tres moteur trois fois par seconde et vous avertira instantan\u00e9ment si un param\u00e8tre d\u00e9passe la limite programm\u00e9e.<\/p>\n<h3>Diagnostics de pr\u00e9cision :<\/h3>\n<p>L&rsquo;exactitude et la r\u00e9solution sont deux termes souvent mal compris dans le domaine des instruments. Parce qu&rsquo;un instrument affiche par incr\u00e9ments de 1 degr\u00e9 (r\u00e9solution), cela ne signifie pas qu&rsquo;il est pr\u00e9cis \u00e0 1 degr\u00e9. L&rsquo;exactitude de JPI provient de ses thermocouples lin\u00e9aris\u00e9s. D&rsquo;autres instruments utilisent une m\u00e9thode d&rsquo;estimation d&rsquo;une ligne droite au centre de la courbe de calibration \u00ab\u00a0S\u00a0\u00bb du thermocouple. Avec cette m\u00e9thode, l&rsquo;instrument est pr\u00e9cis uniquement \u00e0 trois points o\u00f9 la ligne droite croise la courbe \u00ab\u00a0S\u00a0\u00bb. Par cons\u00e9quent, des erreurs de +\/- 10 \u00b0 sont possibles tout en affichant une r\u00e9solution de 1 degr\u00e9. Nos concurrents annoncent une pr\u00e9cision de +\/- 1\/2 \u00b0 \u00e0 l&rsquo;\u00e9chelle compl\u00e8te, ce qui signifie que +\/- 1\/2 \u00b0 de 2000 \u00b0 (\u00e9chelle compl\u00e8te) correspond \u00e0 +\/- 10 \u00b0, ce qui repr\u00e9sente une grande diff\u00e9rence. JPI n&rsquo;a trouv\u00e9 aucun produit comparable dans le march\u00e9 de l&rsquo;aviation en termes de pr\u00e9cision lin\u00e9aris\u00e9e.<\/p>\n<h3>Pr\u00e9cision :<\/h3>\n<p>En utilisant la derni\u00e8re technologie de microprocesseurs, l&rsquo;EDM surveille jusqu&rsquo;\u00e0 vingt-quatre param\u00e8tres critiques de votre moteur, quatre fois par seconde, avec une pr\u00e9cision de thermocouple lin\u00e9aris\u00e9 de moins de 0,1 % ou 2 \u00b0F, valid\u00e9e et test\u00e9e par la FAA et donc certifi\u00e9e TSO (Technical Standard Order). L&rsquo;EDM v\u00e9rifie constamment en temps r\u00e9el les 29 param\u00e8tres critiques (et non 16), qui sont automatiquement contr\u00f4l\u00e9s QUATRE FOIS PAR SECONDE, ind\u00e9pendamment de l&rsquo;\u00e9tat d&rsquo;affichage actuel.<\/p>\n<h3>Simplicit\u00e9 :<\/h3>\n<p>Deux boutons suffisent pour g\u00e9rer toutes les fonctions de programmation de l&rsquo;EDM. Le r\u00e9glage de la richesse se fait rapidement et automatiquement gr\u00e2ce \u00e0 la proc\u00e9dure LeanFind\u2122. Avec l&rsquo;EDM, il est d\u00e9sormais possible d&rsquo;avoir bien plus d&rsquo;informations diagnostiques disponibles de mani\u00e8re rapide et exploitable.<\/p>\n","protected":false},"excerpt":{"rendered":"<p>L&rsquo;EDM 790 est un instrument LCD couleur compact et \u00e9conomique, con\u00e7u pour les bimoteurs. Certifi\u00e9 TSO, il offre une surveillance continue de 29 param\u00e8tres moteurs, avec une pr\u00e9cision de moins de 0,1 % ou 2 \u00b0F. Il fonctionne en arri\u00e8re-plan, alertant instantan\u00e9ment en cas de d\u00e9passement des limites. Facile \u00e0 programmer avec deux boutons, il offre une gestion simple des r\u00e9glages, y compris la proc\u00e9dure LeanFind\u2122 pour optimiser la richesse.<\/p>\n","protected":false},"featured_media":1066,"template":"","meta":{"neve_meta_sidebar":"","neve_meta_container":"","neve_meta_enable_content_width":"off","neve_meta_content_width":100,"neve_meta_title_alignment":"","neve_meta_author_avatar":"","neve_post_elements_order":"","neve_meta_disable_header":"","neve_meta_disable_footer":"","neve_meta_disable_title":"","_themeisle_gutenberg_block_has_review":false},"product_brand":[],"product_cat":[46],"product_tag":[55],"class_list":{"0":"post-1065","1":"product","2":"type-product","3":"status-publish","4":"has-post-thumbnail","6":"product_cat-instruments","7":"product_tag-jpinstruments","9":"first","10":"instock","11":"shipping-taxable","12":"product-type-external"},"jetpack_sharing_enabled":true,"_links":{"self":[{"href":"https:\/\/globalavionique.com\/staging\/wp-json\/wp\/v2\/product\/1065","targetHints":{"allow":["GET"]}}],"collection":[{"href":"https:\/\/globalavionique.com\/staging\/wp-json\/wp\/v2\/product"}],"about":[{"href":"https:\/\/globalavionique.com\/staging\/wp-json\/wp\/v2\/types\/product"}],"wp:featuredmedia":[{"embeddable":true,"href":"https:\/\/globalavionique.com\/staging\/wp-json\/wp\/v2\/media\/1066"}],"wp:attachment":[{"href":"https:\/\/globalavionique.com\/staging\/wp-json\/wp\/v2\/media?parent=1065"}],"wp:term":[{"taxonomy":"product_brand","embeddable":true,"href":"https:\/\/globalavionique.com\/staging\/wp-json\/wp\/v2\/product_brand?post=1065"},{"taxonomy":"product_cat","embeddable":true,"href":"https:\/\/globalavionique.com\/staging\/wp-json\/wp\/v2\/product_cat?post=1065"},{"taxonomy":"product_tag","embeddable":true,"href":"https:\/\/globalavionique.com\/staging\/wp-json\/wp\/v2\/product_tag?post=1065"}],"curies":[{"name":"wp","href":"https:\/\/api.w.org\/{rel}","templated":true}]}}