{"id":1063,"date":"2025-01-08T10:19:58","date_gmt":"2025-01-08T15:19:58","guid":{"rendered":"https:\/\/globalavionique.com\/staging\/?post_type=product&#038;p=1063"},"modified":"2025-01-15T14:19:57","modified_gmt":"2025-01-15T19:19:57","slug":"edm-730","status":"publish","type":"product","link":"https:\/\/globalavionique.com\/staging\/produit\/edm-730\/","title":{"rendered":"EDM 730"},"content":{"rendered":"<p>Vous cherchez un EDM \u00e0 \u00e9cran LCD couleur, programmable par l&rsquo;utilisateur, \u00e0 la fois \u00e9conomique et capable de s&rsquo;int\u00e9grer facilement dans votre panneau ? D\u00e9couvrez le EDM730, un mod\u00e8le flexible. Con\u00e7u pour \u00eatre utilis\u00e9 aussi bien verticalement qu&rsquo;horizontalement, son processeur arri\u00e8re est d\u00e9cal\u00e9, offrant presque des possibilit\u00e9s d&rsquo;installation illimit\u00e9es, ainsi qu&rsquo;une longue liste d&rsquo;options personnalisables. Le syst\u00e8me Engine Data Management 730 est l&rsquo;instrument de surveillance des moteurs \u00e0 piston le plus avanc\u00e9 et pr\u00e9cis sur le march\u00e9. Certifi\u00e9 TSO pour sa qualit\u00e9, l&rsquo;EDM 730 n&rsquo;est pas simplement une bo\u00eete noire parmi d&rsquo;autres. C&rsquo;est un ing\u00e9nieur de vol, un responsable de maintenance et un instrument de secours. \u00c0 ce prix, rien ne s&rsquo;en approche.<\/p>\n<p>Vous pouvez presque consid\u00e9rer l&rsquo;EDM 730 comme votre ing\u00e9nieur de vol personnel. Il est toujours l\u00e0, travaillant en arri\u00e8re-plan, surveillant constamment votre moteur pendant que vous vous concentrez sur le pilotage de l&rsquo;avion. Vous pouvez effectuer tout un vol sans jamais appuyer sur un bouton, si vous le souhaitez. Cependant, votre EDM surveillera vos param\u00e8tres moteur trois fois par seconde et vous avertira instantan\u00e9ment si un param\u00e8tre d\u00e9passe la limite programm\u00e9e.<\/p>\n<p>Avec l&rsquo;EDM 730, il est d\u00e9sormais possible d&rsquo;avoir beaucoup plus d&rsquo;informations diagnostiques disponibles de mani\u00e8re rapide et utilisable.<\/p>\n<ul>\n<li>Am\u00e9lioration de l&rsquo;efficacit\u00e9 du moteur<\/li>\n<li>R\u00e9duction des co\u00fbts de maintenance<\/li>\n<li>Meilleure \u00e9conomie de carburant<\/li>\n<li>R\u00e9duction des co\u00fbts d&rsquo;exploitation<\/li>\n<li>Fonctionnement plus fluide du moteur<\/li>\n<li>Temp\u00e9ratures moteur appropri\u00e9es<\/li>\n<li>Dur\u00e9e de vie des bougies d&rsquo;allumage prolong\u00e9e<\/li>\n<li>R\u00e9duction des vibrations du moteur<\/li>\n<li>Pince de montage pour panneau, incluse<\/li>\n<\/ul>\n","protected":false},"excerpt":{"rendered":"<p>Le EDM 730 est un instrument LCD couleur, programmable et flexible, con\u00e7u pour surveiller les moteurs \u00e0 piston. Certifi\u00e9 TSO, il offre une surveillance continue et alerte en cas de probl\u00e8me, am\u00e9liorant l&rsquo;efficacit\u00e9, r\u00e9duisant les co\u00fbts de maintenance et d&rsquo;exploitation, et prolongeant la dur\u00e9e de vie des composants.<\/p>\n","protected":false},"featured_media":1064,"template":"","meta":{"neve_meta_sidebar":"","neve_meta_container":"","neve_meta_enable_content_width":"off","neve_meta_content_width":100,"neve_meta_title_alignment":"","neve_meta_author_avatar":"","neve_post_elements_order":"","neve_meta_disable_header":"","neve_meta_disable_footer":"","neve_meta_disable_title":"","_themeisle_gutenberg_block_has_review":false},"product_brand":[],"product_cat":[46],"product_tag":[55],"class_list":{"0":"post-1063","1":"product","2":"type-product","3":"status-publish","4":"has-post-thumbnail","6":"product_cat-instruments","7":"product_tag-jpinstruments","9":"first","10":"instock","11":"shipping-taxable","12":"product-type-external"},"jetpack_sharing_enabled":true,"_links":{"self":[{"href":"https:\/\/globalavionique.com\/staging\/wp-json\/wp\/v2\/product\/1063","targetHints":{"allow":["GET"]}}],"collection":[{"href":"https:\/\/globalavionique.com\/staging\/wp-json\/wp\/v2\/product"}],"about":[{"href":"https:\/\/globalavionique.com\/staging\/wp-json\/wp\/v2\/types\/product"}],"wp:featuredmedia":[{"embeddable":true,"href":"https:\/\/globalavionique.com\/staging\/wp-json\/wp\/v2\/media\/1064"}],"wp:attachment":[{"href":"https:\/\/globalavionique.com\/staging\/wp-json\/wp\/v2\/media?parent=1063"}],"wp:term":[{"taxonomy":"product_brand","embeddable":true,"href":"https:\/\/globalavionique.com\/staging\/wp-json\/wp\/v2\/product_brand?post=1063"},{"taxonomy":"product_cat","embeddable":true,"href":"https:\/\/globalavionique.com\/staging\/wp-json\/wp\/v2\/product_cat?post=1063"},{"taxonomy":"product_tag","embeddable":true,"href":"https:\/\/globalavionique.com\/staging\/wp-json\/wp\/v2\/product_tag?post=1063"}],"curies":[{"name":"wp","href":"https:\/\/api.w.org\/{rel}","templated":true}]}}