{"id":1061,"date":"2025-01-08T10:15:57","date_gmt":"2025-01-08T15:15:57","guid":{"rendered":"https:\/\/globalavionique.com\/staging\/?post_type=product&#038;p=1061"},"modified":"2025-01-15T14:20:08","modified_gmt":"2025-01-15T19:20:08","slug":"edm-350","status":"publish","type":"product","link":"https:\/\/globalavionique.com\/staging\/produit\/edm-350\/","title":{"rendered":"EDM 350"},"content":{"rendered":"<p>Le syst\u00e8me Engine Data Management 350 (EDM 350), compact (taille 3,5\u2033 carr\u00e9s), est un instrument de surveillance des moteurs \u00e0 piston exp\u00e9rimental tr\u00e8s avanc\u00e9 et pr\u00e9cis. Vous pouvez commander le mod\u00e8le de base avec options, ou opter pour le mod\u00e8le complet avec le connecteur P5 (ajout de 200 $), qui inclut \u00e9galement des options comme les amp\u00e8res, la pression de carburant et la quantit\u00e9 de carburant.<\/p>\n<p>L&rsquo;EDM 350 n&rsquo;est pas simplement une bo\u00eete noire de plus dans l&rsquo;avion. C&rsquo;est un ing\u00e9nieur de vol, un responsable de maintenance et un instrument de secours, dont la taille compacte peut facilement s&rsquo;int\u00e9grer dans votre panneau de contr\u00f4le.<\/p>\n<p>Avec l&rsquo;EDM 350, il est d\u00e9sormais possible d&rsquo;avoir bien plus d&rsquo;informations diagnostiques disponibles de mani\u00e8re rapide et utile.<\/p>\n<ul>\n<li>Am\u00e9lioration de l&rsquo;efficacit\u00e9 du moteur<\/li>\n<li>R\u00e9duction des co\u00fbts de maintenance<\/li>\n<li>Meilleure \u00e9conomie de carburant<\/li>\n<li>R\u00e9duction des co\u00fbts d&rsquo;exploitation<\/li>\n<li>Fonctionnement plus fluide du moteur<\/li>\n<li>Temp\u00e9ratures moteur appropri\u00e9es<\/li>\n<li>Dur\u00e9e de vie des bougies d&rsquo;allumage prolong\u00e9e<\/li>\n<li>R\u00e9duction des vibrations du moteur<\/li>\n<\/ul>\n","protected":false},"excerpt":{"rendered":"<p>Le EDM 350 est un instrument compact de surveillance moteur pour avions exp\u00e9rimentaux, offrant des options comme la pression de carburant et la quantit\u00e9 de carburant. Il am\u00e9liore l&rsquo;efficacit\u00e9, r\u00e9duit les co\u00fbts de maintenance et d&rsquo;exploitation, et prolonge la dur\u00e9e de vie des composants moteurs.<\/p>\n","protected":false},"featured_media":1062,"template":"","meta":{"neve_meta_sidebar":"","neve_meta_container":"","neve_meta_enable_content_width":"off","neve_meta_content_width":100,"neve_meta_title_alignment":"","neve_meta_author_avatar":"","neve_post_elements_order":"","neve_meta_disable_header":"","neve_meta_disable_footer":"","neve_meta_disable_title":"","_themeisle_gutenberg_block_has_review":false},"product_brand":[],"product_cat":[46],"product_tag":[55],"class_list":{"0":"post-1061","1":"product","2":"type-product","3":"status-publish","4":"has-post-thumbnail","6":"product_cat-instruments","7":"product_tag-jpinstruments","9":"first","10":"instock","11":"shipping-taxable","12":"product-type-external"},"jetpack_sharing_enabled":true,"_links":{"self":[{"href":"https:\/\/globalavionique.com\/staging\/wp-json\/wp\/v2\/product\/1061","targetHints":{"allow":["GET"]}}],"collection":[{"href":"https:\/\/globalavionique.com\/staging\/wp-json\/wp\/v2\/product"}],"about":[{"href":"https:\/\/globalavionique.com\/staging\/wp-json\/wp\/v2\/types\/product"}],"wp:featuredmedia":[{"embeddable":true,"href":"https:\/\/globalavionique.com\/staging\/wp-json\/wp\/v2\/media\/1062"}],"wp:attachment":[{"href":"https:\/\/globalavionique.com\/staging\/wp-json\/wp\/v2\/media?parent=1061"}],"wp:term":[{"taxonomy":"product_brand","embeddable":true,"href":"https:\/\/globalavionique.com\/staging\/wp-json\/wp\/v2\/product_brand?post=1061"},{"taxonomy":"product_cat","embeddable":true,"href":"https:\/\/globalavionique.com\/staging\/wp-json\/wp\/v2\/product_cat?post=1061"},{"taxonomy":"product_tag","embeddable":true,"href":"https:\/\/globalavionique.com\/staging\/wp-json\/wp\/v2\/product_tag?post=1061"}],"curies":[{"name":"wp","href":"https:\/\/api.w.org\/{rel}","templated":true}]}}