{"id":1054,"date":"2025-01-08T09:00:17","date_gmt":"2025-01-08T14:00:17","guid":{"rendered":"https:\/\/globalavionique.com\/staging\/?post_type=product&#038;p=1054"},"modified":"2025-01-15T14:20:44","modified_gmt":"2025-01-15T19:20:44","slug":"stratuses-esg-ads-b-xpdr","status":"publish","type":"product","link":"https:\/\/globalavionique.com\/staging\/produit\/stratuses-esg-ads-b-xpdr\/","title":{"rendered":"StratusES\/ESG (ADS-B XPDR)"},"content":{"rendered":"<p>Stratus ESG<\/p>\n<p>Le Stratus ESG a \u00e9t\u00e9 con\u00e7u en pensant aux avions \u00e0 panneaux non vitr\u00e9s. Notre solution simplifi\u00e9e inclut un transpondeur 1090 ES et un GPS WAAS certifi\u00e9 dans le m\u00eame bo\u00eetier. C&rsquo;est v\u00e9ritablement une solution tout-en-un pour la conformit\u00e9 2020.<\/p>\n<p>Ajoutez l&rsquo;ADS-B In<br \/>\nLes deux transpondeurs Stratus sont disponibles dans un kit qui inclut un r\u00e9cepteur ADS-B In (Stratus 3i). Le Stratus 3i a \u00e9t\u00e9 con\u00e7u pour rester branch\u00e9 au transpondeur et \u00eatre plac\u00e9 derri\u00e8re le panneau afin de b\u00e9n\u00e9ficier des signaux de l&rsquo;antenne externe et de l&rsquo;alimentation de l&rsquo;avion.<br \/>\nSi vous poss\u00e9dez d\u00e9j\u00e0 un r\u00e9cepteur portable Stratus, un kit d&rsquo;interface est disponible pour connecter votre r\u00e9cepteur au transpondeur Stratus.<\/p>\n","protected":false},"excerpt":{"rendered":"<p>Le Stratus ESG combine un transpondeur 1090 ES et un GPS WAAS certifi\u00e9 pour la conformit\u00e9 2020. Le Stratus 3i ajoute un r\u00e9cepteur ADS-B In, avec option d&rsquo;int\u00e9gration d&rsquo;un r\u00e9cepteur portable via un kit.<\/p>\n","protected":false},"featured_media":1055,"template":"","meta":{"neve_meta_sidebar":"","neve_meta_container":"","neve_meta_enable_content_width":"off","neve_meta_content_width":100,"neve_meta_title_alignment":"","neve_meta_author_avatar":"","neve_post_elements_order":"","neve_meta_disable_header":"","neve_meta_disable_footer":"","neve_meta_disable_title":"","_themeisle_gutenberg_block_has_review":false},"product_brand":[],"product_cat":[45],"product_tag":[50],"class_list":{"0":"post-1054","1":"product","2":"type-product","3":"status-publish","4":"has-post-thumbnail","6":"product_cat-transpondeurs","7":"product_tag-appareo","9":"first","10":"instock","11":"shipping-taxable","12":"product-type-external"},"jetpack_sharing_enabled":true,"_links":{"self":[{"href":"https:\/\/globalavionique.com\/staging\/wp-json\/wp\/v2\/product\/1054","targetHints":{"allow":["GET"]}}],"collection":[{"href":"https:\/\/globalavionique.com\/staging\/wp-json\/wp\/v2\/product"}],"about":[{"href":"https:\/\/globalavionique.com\/staging\/wp-json\/wp\/v2\/types\/product"}],"wp:featuredmedia":[{"embeddable":true,"href":"https:\/\/globalavionique.com\/staging\/wp-json\/wp\/v2\/media\/1055"}],"wp:attachment":[{"href":"https:\/\/globalavionique.com\/staging\/wp-json\/wp\/v2\/media?parent=1054"}],"wp:term":[{"taxonomy":"product_brand","embeddable":true,"href":"https:\/\/globalavionique.com\/staging\/wp-json\/wp\/v2\/product_brand?post=1054"},{"taxonomy":"product_cat","embeddable":true,"href":"https:\/\/globalavionique.com\/staging\/wp-json\/wp\/v2\/product_cat?post=1054"},{"taxonomy":"product_tag","embeddable":true,"href":"https:\/\/globalavionique.com\/staging\/wp-json\/wp\/v2\/product_tag?post=1054"}],"curies":[{"name":"wp","href":"https:\/\/api.w.org\/{rel}","templated":true}]}}