{"id":1049,"date":"2025-01-07T15:37:45","date_gmt":"2025-01-07T20:37:45","guid":{"rendered":"https:\/\/globalavionique.com\/staging\/?post_type=product&#038;p=1049"},"modified":"2025-01-15T14:21:09","modified_gmt":"2025-01-15T19:21:09","slug":"dfc90-autopilot","status":"publish","type":"product","link":"https:\/\/globalavionique.com\/staging\/produit\/dfc90-autopilot\/","title":{"rendered":"DFC90 (Autopilot)"},"content":{"rendered":"<p><strong>D\u00e9tendez-vous. Vous avez un DFC90 pour faire le vol \u00e0 votre place<\/strong><\/p>\n<p>Si vous cherchez un pilote automatique facile \u00e0 utiliser, offrant une grande pr\u00e9cision, avec une gamme compl\u00e8te de modes g\u00e9n\u00e9ralement trouv\u00e9s dans les pilotes automatiques de classe turbine, et qui rend le vol plus facile, ne cherchez pas plus loin que le DFC90 d\u2019Avidyne.<\/p>\n<p>Le DFC90 est bas\u00e9 sur l&rsquo;attitude avec une pr\u00e9cision num\u00e9rique et \u00e9limine tous les d\u00e9passements, lacunes et oscillations inh\u00e9rents aux pilotes automatiques bas\u00e9s sur les taux, en particulier lorsqu&rsquo;il s&rsquo;agit de suivre un ILS jusqu&rsquo;aux minimums dans des conditions venteuses.<\/p>\n<p>Et contrairement aux pilotes automatiques avec des \u00e9crans monochromes, le DFC90 ne vous laisse jamais deviner quelles fonctions sont activ\u00e9es gr\u00e2ce \u00e0 ses boutons r\u00e9tro\u00e9clair\u00e9s qui deviennent bleus lorsqu&rsquo;ils sont \u00ab arm\u00e9s \u00bb et verts lorsqu&rsquo;ils sont \u00ab engag\u00e9s \u00bb, ainsi que les indicateurs directement sur vos \u00e9crans. Vous aurez l&rsquo;esprit tranquille en sachant ce qui est engag\u00e9 et que vous \u00eates entre de bonnes mains avec le DFC90.<\/p>\n","protected":false},"excerpt":{"rendered":"<p>Le DFC90 d&rsquo;Avidyne est un pilote automatique pr\u00e9cis et facile \u00e0 utiliser, offrant une large gamme de modes et une stabilit\u00e9 sup\u00e9rieure, notamment pour suivre un ILS dans des conditions difficiles. Ses boutons r\u00e9tro\u00e9clair\u00e9s et ses indicateurs clairs sur les \u00e9crans vous permettent de savoir exactement quelles fonctions sont activ\u00e9es, vous assurant ainsi un vol serein.<\/p>\n","protected":false},"featured_media":1050,"template":"","meta":{"neve_meta_sidebar":"","neve_meta_container":"","neve_meta_enable_content_width":"off","neve_meta_content_width":100,"neve_meta_title_alignment":"","neve_meta_author_avatar":"","neve_post_elements_order":"","neve_meta_disable_header":"","neve_meta_disable_footer":"","neve_meta_disable_title":"","_themeisle_gutenberg_block_has_review":false},"product_brand":[],"product_cat":[47],"product_tag":[53],"class_list":{"0":"post-1049","1":"product","2":"type-product","3":"status-publish","4":"has-post-thumbnail","6":"product_cat-auto-pilote","7":"product_tag-avidyne","9":"first","10":"instock","11":"shipping-taxable","12":"product-type-external"},"jetpack_sharing_enabled":true,"_links":{"self":[{"href":"https:\/\/globalavionique.com\/staging\/wp-json\/wp\/v2\/product\/1049","targetHints":{"allow":["GET"]}}],"collection":[{"href":"https:\/\/globalavionique.com\/staging\/wp-json\/wp\/v2\/product"}],"about":[{"href":"https:\/\/globalavionique.com\/staging\/wp-json\/wp\/v2\/types\/product"}],"wp:featuredmedia":[{"embeddable":true,"href":"https:\/\/globalavionique.com\/staging\/wp-json\/wp\/v2\/media\/1050"}],"wp:attachment":[{"href":"https:\/\/globalavionique.com\/staging\/wp-json\/wp\/v2\/media?parent=1049"}],"wp:term":[{"taxonomy":"product_brand","embeddable":true,"href":"https:\/\/globalavionique.com\/staging\/wp-json\/wp\/v2\/product_brand?post=1049"},{"taxonomy":"product_cat","embeddable":true,"href":"https:\/\/globalavionique.com\/staging\/wp-json\/wp\/v2\/product_cat?post=1049"},{"taxonomy":"product_tag","embeddable":true,"href":"https:\/\/globalavionique.com\/staging\/wp-json\/wp\/v2\/product_tag?post=1049"}],"curies":[{"name":"wp","href":"https:\/\/api.w.org\/{rel}","templated":true}]}}