{"id":1042,"date":"2025-01-07T15:25:26","date_gmt":"2025-01-07T20:25:26","guid":{"rendered":"https:\/\/globalavionique.com\/staging\/?post_type=product&#038;p=1042"},"modified":"2025-01-15T14:21:43","modified_gmt":"2025-01-15T19:21:43","slug":"axp340-322-xpdr-ads-b-out","status":"publish","type":"product","link":"https:\/\/globalavionique.com\/staging\/produit\/axp340-322-xpdr-ads-b-out\/","title":{"rendered":"AXP340\/322 (XPDR \/ ADS-B out)"},"content":{"rendered":"<p><strong>Diffusez votre position pour am\u00e9liorer la s\u00e9curit\u00e9<\/strong><\/p>\n<p>L&rsquo;ADS-B rend le vol plus s\u00fbr, car les stations au sol et les autres a\u00e9ronefs re\u00e7oivent des informations pr\u00e9cises et \u00e0 jour sur votre position, votre trajectoire au sol, votre vitesse au sol et votre altitude lorsque vous remplacez votre transpondeur Mode A\/C existant par un transpondeur Mode S AXP340.<\/p>\n<p>Le transpondeur Avidyne AXP340 mont\u00e9 en panneau r\u00e9pond aux exigences de la FAA pour la derni\u00e8re version 2 de la diffusion automatique d\u00e9pendante de la surveillance (ADS-B) \u00e0 1090 MHz Extended Squitter et constitue un remplacement direct pour les transpondeurs KT76A\/KT78A existants.<\/p>\n","protected":false},"excerpt":{"rendered":"<p>Le transpondeur Avidyne AXP340 permet de diffuser votre position via ADS-B, am\u00e9liorant ainsi la s\u00e9curit\u00e9 en fournissant des informations pr\u00e9cises aux stations au sol et aux autres a\u00e9ronefs. Il r\u00e9pond aux exigences FAA pour la version 2 de l&rsquo;ADS-B \u00e0 1090 MHz Extended Squitter et remplace directement les transpondeurs KT76A\/KT78A existants.<\/p>\n","protected":false},"featured_media":1043,"template":"","meta":{"neve_meta_sidebar":"","neve_meta_container":"","neve_meta_enable_content_width":"off","neve_meta_content_width":100,"neve_meta_title_alignment":"","neve_meta_author_avatar":"","neve_post_elements_order":"","neve_meta_disable_header":"","neve_meta_disable_footer":"","neve_meta_disable_title":"","_themeisle_gutenberg_block_has_review":false},"product_brand":[],"product_cat":[45],"product_tag":[53],"class_list":{"0":"post-1042","1":"product","2":"type-product","3":"status-publish","4":"has-post-thumbnail","6":"product_cat-transpondeurs","7":"product_tag-avidyne","9":"first","10":"instock","11":"shipping-taxable","12":"product-type-external"},"jetpack_sharing_enabled":true,"_links":{"self":[{"href":"https:\/\/globalavionique.com\/staging\/wp-json\/wp\/v2\/product\/1042","targetHints":{"allow":["GET"]}}],"collection":[{"href":"https:\/\/globalavionique.com\/staging\/wp-json\/wp\/v2\/product"}],"about":[{"href":"https:\/\/globalavionique.com\/staging\/wp-json\/wp\/v2\/types\/product"}],"wp:featuredmedia":[{"embeddable":true,"href":"https:\/\/globalavionique.com\/staging\/wp-json\/wp\/v2\/media\/1043"}],"wp:attachment":[{"href":"https:\/\/globalavionique.com\/staging\/wp-json\/wp\/v2\/media?parent=1042"}],"wp:term":[{"taxonomy":"product_brand","embeddable":true,"href":"https:\/\/globalavionique.com\/staging\/wp-json\/wp\/v2\/product_brand?post=1042"},{"taxonomy":"product_cat","embeddable":true,"href":"https:\/\/globalavionique.com\/staging\/wp-json\/wp\/v2\/product_cat?post=1042"},{"taxonomy":"product_tag","embeddable":true,"href":"https:\/\/globalavionique.com\/staging\/wp-json\/wp\/v2\/product_tag?post=1042"}],"curies":[{"name":"wp","href":"https:\/\/api.w.org\/{rel}","templated":true}]}}