{"id":1040,"date":"2025-01-07T15:19:40","date_gmt":"2025-01-07T20:19:40","guid":{"rendered":"https:\/\/globalavionique.com\/staging\/?post_type=product&#038;p=1040"},"modified":"2025-01-15T14:21:55","modified_gmt":"2025-01-15T19:21:55","slug":"skytrax600-traffic-advisory-system","status":"publish","type":"product","link":"https:\/\/globalavionique.com\/staging\/produit\/skytrax600-traffic-advisory-system\/","title":{"rendered":"SkyTrax600 (Traffic advisory system)"},"content":{"rendered":"<p><strong>La confiance vient de la visibilit\u00e9 du trafic autour de vous<\/strong><\/p>\n<p>Vous aurez une vue d&rsquo;ensemble lorsque vous installerez l\u2019un des syst\u00e8mes SkyTrax \u00e0 double antenne d\u2019Avidyne. Syst\u00e8me de conseil en trafic (TAS) enti\u00e8rement compatible avec ADS-B, la s\u00e9rie SkyTrax 600 int\u00e8gre VeriTAS\u2122 pour une surveillance active du trafic \u00e0 hautes performances, mais \u00e0 un prix abordable. La s\u00e9rie SkyTrax 600 d\u2019Avidyne d\u00e9tecte les autres a\u00e9ronefs plus t\u00f4t et de mani\u00e8re plus pr\u00e9cise, \u00e9vitant ainsi les mauvaises surprises souvent rencontr\u00e9es avec les syst\u00e8mes \u00e0 antenne unique.<\/p>\n<p>Bas\u00e9e sur la technologie initialement d\u00e9velopp\u00e9e pour les syst\u00e8mes de trafic et d\u2019\u00e9vitement de collision (TCAS) de cat\u00e9gorie transport a\u00e9rien, cette technologie est disponible depuis plusieurs ann\u00e9es pour les a\u00e9ronefs de l&rsquo;aviation g\u00e9n\u00e9rale, mais elle \u00e9tait jusqu&rsquo;\u00e0 pr\u00e9sent trop co\u00fbteuse pour de nombreux avions pilot\u00e9s par leurs propri\u00e9taires. Jusqu&rsquo;\u00e0 aujourd&rsquo;hui.<\/p>\n","protected":false},"excerpt":{"rendered":"<p>Le syst\u00e8me SkyTrax 600 d&rsquo;Avidyne, \u00e0 double antenne et compatible ADS-B, offre une surveillance active du trafic gr\u00e2ce \u00e0 VeriTAS\u2122, offrant une d\u00e9tection pr\u00e9coce et pr\u00e9cise des autres a\u00e9ronefs. Bas\u00e9 sur la technologie TCAS, il propose des performances \u00e9lev\u00e9es \u00e0 un prix abordable, rendant la s\u00e9curit\u00e9 avanc\u00e9e accessible aux avions de l&rsquo;aviation g\u00e9n\u00e9rale.<\/p>\n","protected":false},"featured_media":1041,"template":"","meta":{"neve_meta_sidebar":"","neve_meta_container":"","neve_meta_enable_content_width":"off","neve_meta_content_width":100,"neve_meta_title_alignment":"","neve_meta_author_avatar":"","neve_post_elements_order":"","neve_meta_disable_header":"","neve_meta_disable_footer":"","neve_meta_disable_title":"","_themeisle_gutenberg_block_has_review":false},"product_brand":[],"product_cat":[45],"product_tag":[53],"class_list":{"0":"post-1040","1":"product","2":"type-product","3":"status-publish","4":"has-post-thumbnail","6":"product_cat-transpondeurs","7":"product_tag-avidyne","9":"first","10":"instock","11":"shipping-taxable","12":"product-type-external"},"jetpack_sharing_enabled":true,"_links":{"self":[{"href":"https:\/\/globalavionique.com\/staging\/wp-json\/wp\/v2\/product\/1040","targetHints":{"allow":["GET"]}}],"collection":[{"href":"https:\/\/globalavionique.com\/staging\/wp-json\/wp\/v2\/product"}],"about":[{"href":"https:\/\/globalavionique.com\/staging\/wp-json\/wp\/v2\/types\/product"}],"wp:featuredmedia":[{"embeddable":true,"href":"https:\/\/globalavionique.com\/staging\/wp-json\/wp\/v2\/media\/1041"}],"wp:attachment":[{"href":"https:\/\/globalavionique.com\/staging\/wp-json\/wp\/v2\/media?parent=1040"}],"wp:term":[{"taxonomy":"product_brand","embeddable":true,"href":"https:\/\/globalavionique.com\/staging\/wp-json\/wp\/v2\/product_brand?post=1040"},{"taxonomy":"product_cat","embeddable":true,"href":"https:\/\/globalavionique.com\/staging\/wp-json\/wp\/v2\/product_cat?post=1040"},{"taxonomy":"product_tag","embeddable":true,"href":"https:\/\/globalavionique.com\/staging\/wp-json\/wp\/v2\/product_tag?post=1040"}],"curies":[{"name":"wp","href":"https:\/\/api.w.org\/{rel}","templated":true}]}}