{"id":1038,"date":"2025-01-07T15:14:54","date_gmt":"2025-01-07T20:14:54","guid":{"rendered":"https:\/\/globalavionique.com\/staging\/?post_type=product&#038;p=1038"},"modified":"2025-01-15T14:22:08","modified_gmt":"2025-01-15T19:22:08","slug":"skytrax200-dual-band-ads-b-in-receiver","status":"publish","type":"product","link":"https:\/\/globalavionique.com\/staging\/produit\/skytrax200-dual-band-ads-b-in-receiver\/","title":{"rendered":"SkyTrax200  (Dual band ADS-B in Receiver)"},"content":{"rendered":"<p><strong>Volez en toute confiance en capturant les donn\u00e9es de m\u00e9t\u00e9o et de trafic entrants<\/strong><\/p>\n<p>Visualisez les cibles de trafic ADS-B en ligne directe de vue et recevez les informations m\u00e9t\u00e9o du syst\u00e8me de diffusion d&rsquo;informations de vol (FIS-B)* avec le SkyTrax200 d&rsquo;Avidyne.<\/p>\n<p>Le SkyTrax200 inclut un ADS-B \u00e0 double bande (1090 MHz et 978 MHz) et est \u00e9galement capable de recevoir les donn\u00e9es de trafic provenant de syst\u00e8mes de trafic actifs tels que l&rsquo;Avidyne SkyTrax600, les s\u00e9ries TAS600, le Ryan 9900BX ou un syst\u00e8me Skywatch\u2122 de g\u00e9n\u00e9ration pr\u00e9c\u00e9dente, en les combinant avec d&rsquo;autres donn\u00e9es entrantes pour vous offrir une vue int\u00e9gr\u00e9e du trafic ADS-B \u00e0 double bande, TAS et radar ATC.<\/p>\n<p>Les donn\u00e9es m\u00e9t\u00e9o et trafic \u00e0 double bande du SkyTrax200 peuvent \u00eatre affich\u00e9es sur les GPS\/NAV\/COM IFD-Series d&rsquo;Avidyne, les \u00e9crans multifonctions (MFD) ou les syst\u00e8mes de cockpit int\u00e9gr\u00e9 Entegra R9 et prennent en charge les interfaces standard Capstone et Arinc 429\/735.<br \/>\n*dans l&rsquo;espace a\u00e9rien am\u00e9ricain o\u00f9 le FIS-B est disponible.<\/p>\n","protected":false},"excerpt":{"rendered":"<p>Le SkyTrax200 d&rsquo;Avidyne vous permet de visualiser le trafic ADS-B et de recevoir les donn\u00e9es m\u00e9t\u00e9o FIS-B*. Il combine les informations de trafic ADS-B \u00e0 double bande, TAS et radar ATC pour offrir une vue int\u00e9gr\u00e9e. Compatible avec les syst\u00e8mes IFD, MFD et Entegra R9, il prend en charge les interfaces Capstone et Arinc 429\/735<\/p>\n","protected":false},"featured_media":1039,"template":"","meta":{"neve_meta_sidebar":"","neve_meta_container":"","neve_meta_enable_content_width":"off","neve_meta_content_width":100,"neve_meta_title_alignment":"","neve_meta_author_avatar":"","neve_post_elements_order":"","neve_meta_disable_header":"","neve_meta_disable_footer":"","neve_meta_disable_title":"","_themeisle_gutenberg_block_has_review":false},"product_brand":[],"product_cat":[45],"product_tag":[53],"class_list":{"0":"post-1038","1":"product","2":"type-product","3":"status-publish","4":"has-post-thumbnail","6":"product_cat-transpondeurs","7":"product_tag-avidyne","9":"first","10":"instock","11":"shipping-taxable","12":"product-type-external"},"jetpack_sharing_enabled":true,"_links":{"self":[{"href":"https:\/\/globalavionique.com\/staging\/wp-json\/wp\/v2\/product\/1038","targetHints":{"allow":["GET"]}}],"collection":[{"href":"https:\/\/globalavionique.com\/staging\/wp-json\/wp\/v2\/product"}],"about":[{"href":"https:\/\/globalavionique.com\/staging\/wp-json\/wp\/v2\/types\/product"}],"wp:featuredmedia":[{"embeddable":true,"href":"https:\/\/globalavionique.com\/staging\/wp-json\/wp\/v2\/media\/1039"}],"wp:attachment":[{"href":"https:\/\/globalavionique.com\/staging\/wp-json\/wp\/v2\/media?parent=1038"}],"wp:term":[{"taxonomy":"product_brand","embeddable":true,"href":"https:\/\/globalavionique.com\/staging\/wp-json\/wp\/v2\/product_brand?post=1038"},{"taxonomy":"product_cat","embeddable":true,"href":"https:\/\/globalavionique.com\/staging\/wp-json\/wp\/v2\/product_cat?post=1038"},{"taxonomy":"product_tag","embeddable":true,"href":"https:\/\/globalavionique.com\/staging\/wp-json\/wp\/v2\/product_tag?post=1038"}],"curies":[{"name":"wp","href":"https:\/\/api.w.org\/{rel}","templated":true}]}}