{"id":1031,"date":"2025-01-07T14:36:40","date_gmt":"2025-01-07T19:36:40","guid":{"rendered":"https:\/\/globalavionique.com\/staging\/?post_type=product&#038;p=1031"},"modified":"2025-01-15T14:22:51","modified_gmt":"2025-01-15T19:22:51","slug":"avidyne-helios","status":"publish","type":"product","link":"https:\/\/globalavionique.com\/staging\/produit\/avidyne-helios\/","title":{"rendered":"Avidyne Helios"},"content":{"rendered":"<p>Syst\u00e8me de gestion de vol SBAS multifonction pour h\u00e9licopt\u00e8res<\/p>\n<p>Les h\u00e9licopt\u00e8res n\u00e9cessitent des \u00e9quipements avioniques sp\u00e9cifiquement con\u00e7us pour les exigences uniques des vols rotatifs en mission civile, militaire ou sp\u00e9ciale, c&rsquo;est pourquoi nous avons cr\u00e9\u00e9 Avidyne Helios. Helios est un nouveau syst\u00e8me de gestion de vol multifonction bas\u00e9 sur un syst\u00e8me d&rsquo;augmentation satellitaire (SBAS) qui offre une pleine capacit\u00e9 de performance de navigation requise (RNP) et de navigation de zone (RNAV), incluant la performance du localisateur avec vertical (LPV), la navigation lat\u00e9rale\/navigation verticale (LNAV\/VNAV), LNAV seul, et les proc\u00e9dures d&rsquo;approche avec vertical (APV) dans un montage dzus.<\/p>\n<p>Mais une v\u00e9ritable capacit\u00e9 n\u00e9cessite une facilit\u00e9 d&rsquo;utilisation, c&rsquo;est pourquoi nous avons int\u00e9gr\u00e9 des fonctionnalit\u00e9s telles que la planification de vol simplifi\u00e9e, la navigation en d\u00e9part, en route et en arriv\u00e9e avec une seule touche, et notre nomination de waypoint brevet\u00e9e GeoFill\u2122. Nous avons m\u00eame inclus un clavier complet et une saisie tactile pour faciliter le panoramique de carte et l&rsquo;\u00e9dition du plan de vol.<\/p>\n","protected":false},"excerpt":{"rendered":"<p>Avidyne Helios est un syst\u00e8me de gestion de vol SBAS pour h\u00e9licopt\u00e8res, offrant des capacit\u00e9s avanc\u00e9es de navigation (RNP, RNAV, LPV, etc.) avec une planification simplifi\u00e9e et des fonctions de navigation d&rsquo;une seule touche. Il inclut un clavier complet et une saisie tactile pour faciliter l&rsquo;\u00e9dition des plans de vol.<\/p>\n","protected":false},"featured_media":1032,"template":"","meta":{"neve_meta_sidebar":"","neve_meta_container":"","neve_meta_enable_content_width":"off","neve_meta_content_width":100,"neve_meta_title_alignment":"","neve_meta_author_avatar":"","neve_post_elements_order":"","neve_meta_disable_header":"","neve_meta_disable_footer":"","neve_meta_disable_title":"","_themeisle_gutenberg_block_has_review":false},"product_brand":[],"product_cat":[46],"product_tag":[53],"class_list":{"0":"post-1031","1":"product","2":"type-product","3":"status-publish","4":"has-post-thumbnail","6":"product_cat-instruments","7":"product_tag-avidyne","9":"first","10":"instock","11":"shipping-taxable","12":"product-type-external"},"jetpack_sharing_enabled":true,"_links":{"self":[{"href":"https:\/\/globalavionique.com\/staging\/wp-json\/wp\/v2\/product\/1031","targetHints":{"allow":["GET"]}}],"collection":[{"href":"https:\/\/globalavionique.com\/staging\/wp-json\/wp\/v2\/product"}],"about":[{"href":"https:\/\/globalavionique.com\/staging\/wp-json\/wp\/v2\/types\/product"}],"wp:featuredmedia":[{"embeddable":true,"href":"https:\/\/globalavionique.com\/staging\/wp-json\/wp\/v2\/media\/1032"}],"wp:attachment":[{"href":"https:\/\/globalavionique.com\/staging\/wp-json\/wp\/v2\/media?parent=1031"}],"wp:term":[{"taxonomy":"product_brand","embeddable":true,"href":"https:\/\/globalavionique.com\/staging\/wp-json\/wp\/v2\/product_brand?post=1031"},{"taxonomy":"product_cat","embeddable":true,"href":"https:\/\/globalavionique.com\/staging\/wp-json\/wp\/v2\/product_cat?post=1031"},{"taxonomy":"product_tag","embeddable":true,"href":"https:\/\/globalavionique.com\/staging\/wp-json\/wp\/v2\/product_tag?post=1031"}],"curies":[{"name":"wp","href":"https:\/\/api.w.org\/{rel}","templated":true}]}}