{"id":1029,"date":"2025-01-07T14:11:42","date_gmt":"2025-01-07T19:11:42","guid":{"rendered":"https:\/\/globalavionique.com\/staging\/?post_type=product&#038;p=1029"},"modified":"2025-01-15T14:23:01","modified_gmt":"2025-01-15T19:23:01","slug":"ifd5xx-fms-nav-com-gps-navigator","status":"publish","type":"product","link":"https:\/\/globalavionique.com\/staging\/produit\/ifd5xx-fms-nav-com-gps-navigator\/","title":{"rendered":"IFD5XX (FMS\/NAV\/COM\/GPS navigator)"},"content":{"rendered":"<p>L&rsquo;IFD550 est la solution FMS premium mont\u00e9e en panneau d&rsquo;Avidyne. L&rsquo;IFD550 offre toutes les fonctionnalit\u00e9s et la puissance de l&rsquo;IFD540, avec l&rsquo;avantage suppl\u00e9mentaire des vues en vision synth\u00e9tique 3D \u00ab ego-centr\u00e9e \/ dehors par la fen\u00eatre \u00bb. Gr\u00e2ce \u00e0 son syst\u00e8me int\u00e9gr\u00e9 de r\u00e9f\u00e9rence d&rsquo;attitude (ARS) et son SVS dynamique, vous pouvez \u00ab voir \u00bb toutes les informations de vol dispos\u00e9es devant vous, vous offrant une conscience situationnelle sans pr\u00e9c\u00e9dent. La vision synth\u00e9tique affiche le terrain en 3D avec alertes de dangers, obstacles et trafic. Tout ce que vous devez voir sur un \u00e9cran tactile lumineux et facile \u00e0 lire de 5,7 pouces. Remplacement facile pour le GNS530 !<\/p>\n<p>Comme pour tous nos IFD, l&rsquo;IFD550 comprend de nombreuses fonctionnalit\u00e9s qui simplifient l&rsquo;utilisation, notamment le FMS Preview, qui vous permet de cr\u00e9er, t\u00e9l\u00e9charger et r\u00e9viser vos plans de vol visuellement, avec les modifications affich\u00e9es \u00e0 l&rsquo;\u00e9cran avant la s\u00e9lection. Et gr\u00e2ce \u00e0 notre technologie brevet\u00e9e GeoFill\u2122, les changements en vol sont un jeu d&rsquo;enfant, car l&rsquo;IFD550 pr\u00e9dit votre prochaine entr\u00e9e en fonction de votre position, et non de la s\u00e9quence dans la base de donn\u00e9es.<\/p>\n","protected":false},"excerpt":{"rendered":"<p>L&rsquo;IFD550 d&rsquo;Avidyne est un FMS premium avec vision synth\u00e9tique 3D, alertes de dangers et un \u00e9cran tactile de 5,7 pouces. Il offre une navigation intuitive, rempla\u00e7ant facilement le GNS530, et inclut des fonctionnalit\u00e9s comme le FMS Preview et GeoFill\u2122 pour simplifier la planification et les changements en vol.<\/p>\n","protected":false},"featured_media":1030,"template":"","meta":{"neve_meta_sidebar":"","neve_meta_container":"","neve_meta_enable_content_width":"off","neve_meta_content_width":100,"neve_meta_title_alignment":"","neve_meta_author_avatar":"","neve_post_elements_order":"","neve_meta_disable_header":"","neve_meta_disable_footer":"","neve_meta_disable_title":"","_themeisle_gutenberg_block_has_review":false},"product_brand":[],"product_cat":[44],"product_tag":[53],"class_list":{"0":"post-1029","1":"product","2":"type-product","3":"status-publish","4":"has-post-thumbnail","6":"product_cat-gps","7":"product_tag-avidyne","9":"first","10":"instock","11":"shipping-taxable","12":"product-type-external"},"jetpack_sharing_enabled":true,"_links":{"self":[{"href":"https:\/\/globalavionique.com\/staging\/wp-json\/wp\/v2\/product\/1029","targetHints":{"allow":["GET"]}}],"collection":[{"href":"https:\/\/globalavionique.com\/staging\/wp-json\/wp\/v2\/product"}],"about":[{"href":"https:\/\/globalavionique.com\/staging\/wp-json\/wp\/v2\/types\/product"}],"wp:featuredmedia":[{"embeddable":true,"href":"https:\/\/globalavionique.com\/staging\/wp-json\/wp\/v2\/media\/1030"}],"wp:attachment":[{"href":"https:\/\/globalavionique.com\/staging\/wp-json\/wp\/v2\/media?parent=1029"}],"wp:term":[{"taxonomy":"product_brand","embeddable":true,"href":"https:\/\/globalavionique.com\/staging\/wp-json\/wp\/v2\/product_brand?post=1029"},{"taxonomy":"product_cat","embeddable":true,"href":"https:\/\/globalavionique.com\/staging\/wp-json\/wp\/v2\/product_cat?post=1029"},{"taxonomy":"product_tag","embeddable":true,"href":"https:\/\/globalavionique.com\/staging\/wp-json\/wp\/v2\/product_tag?post=1029"}],"curies":[{"name":"wp","href":"https:\/\/api.w.org\/{rel}","templated":true}]}}