{"id":1023,"date":"2025-01-07T13:50:32","date_gmt":"2025-01-07T18:50:32","guid":{"rendered":"https:\/\/globalavionique.com\/staging\/?post_type=product&#038;p=1023"},"modified":"2025-01-15T14:24:27","modified_gmt":"2025-01-15T19:24:27","slug":"ifd4xx-fms-nav-com-gps-navigator","status":"publish","type":"product","link":"https:\/\/globalavionique.com\/staging\/produit\/ifd4xx-fms-nav-com-gps-navigator\/","title":{"rendered":"IFD4XX (FMS\/NAV\/COM\/GPS navigator)"},"content":{"rendered":"<p>Vous souhaitez mettre \u00e0 niveau votre GNS430 avec un minimum de tracas ? L&rsquo;IFD440 est une mise \u00e0 niveau directe qui s&rsquo;int\u00e8gre parfaitement, utilisant le m\u00eame support et les m\u00eames connecteurs que votre GNS430.<\/p>\n<p>Compact et puissant, l&rsquo;IFD440 FMS|GPS|NAV|COM est un excellent choix pour l&rsquo;aviation g\u00e9n\u00e9rale et les h\u00e9licopt\u00e8res, avec son interface tactile facile \u00e0 utiliser et ses boutons et molettes pratiques pour voler dans les turbulences. Ce navigateur de nouvelle g\u00e9n\u00e9ration, mont\u00e9 en panneau, facilite \u00e9galement la planification de vol et les changements en vol, gr\u00e2ce \u00e0 ses capacit\u00e9s WiFi\/Bluetooth\u00ae int\u00e9gr\u00e9es qui s&rsquo;int\u00e8grent parfaitement \u00e0 votre iPad. Vous b\u00e9n\u00e9ficierez des fonctionnalit\u00e9s d&rsquo;un grand \u00e9cran \u00e0 une fraction du co\u00fbt.<\/p>\n","protected":false},"excerpt":{"rendered":"<p>L&rsquo;IFD440 est une mise \u00e0 niveau directe pour le GNS430, utilisant les m\u00eames supports et connecteurs. Compact et puissant, il offre une interface tactile et des commandes pratiques pour une utilisation en vol, avec WiFi\/Bluetooth\u00ae int\u00e9gr\u00e9 pour une planification facile via iPad. Il combine les fonctionnalit\u00e9s d&rsquo;un grand \u00e9cran \u00e0 un co\u00fbt r\u00e9duit.<\/p>\n","protected":false},"featured_media":1025,"template":"","meta":{"neve_meta_sidebar":"","neve_meta_container":"","neve_meta_enable_content_width":"off","neve_meta_content_width":100,"neve_meta_title_alignment":"","neve_meta_author_avatar":"","neve_post_elements_order":"","neve_meta_disable_header":"","neve_meta_disable_footer":"","neve_meta_disable_title":"","_themeisle_gutenberg_block_has_review":false},"product_brand":[],"product_cat":[44],"product_tag":[53],"class_list":{"0":"post-1023","1":"product","2":"type-product","3":"status-publish","4":"has-post-thumbnail","6":"product_cat-gps","7":"product_tag-avidyne","9":"first","10":"instock","11":"shipping-taxable","12":"product-type-external"},"jetpack_sharing_enabled":true,"_links":{"self":[{"href":"https:\/\/globalavionique.com\/staging\/wp-json\/wp\/v2\/product\/1023","targetHints":{"allow":["GET"]}}],"collection":[{"href":"https:\/\/globalavionique.com\/staging\/wp-json\/wp\/v2\/product"}],"about":[{"href":"https:\/\/globalavionique.com\/staging\/wp-json\/wp\/v2\/types\/product"}],"wp:featuredmedia":[{"embeddable":true,"href":"https:\/\/globalavionique.com\/staging\/wp-json\/wp\/v2\/media\/1025"}],"wp:attachment":[{"href":"https:\/\/globalavionique.com\/staging\/wp-json\/wp\/v2\/media?parent=1023"}],"wp:term":[{"taxonomy":"product_brand","embeddable":true,"href":"https:\/\/globalavionique.com\/staging\/wp-json\/wp\/v2\/product_brand?post=1023"},{"taxonomy":"product_cat","embeddable":true,"href":"https:\/\/globalavionique.com\/staging\/wp-json\/wp\/v2\/product_cat?post=1023"},{"taxonomy":"product_tag","embeddable":true,"href":"https:\/\/globalavionique.com\/staging\/wp-json\/wp\/v2\/product_tag?post=1023"}],"curies":[{"name":"wp","href":"https:\/\/api.w.org\/{rel}","templated":true}]}}