{"id":1020,"date":"2025-01-07T13:06:04","date_gmt":"2025-01-07T18:06:04","guid":{"rendered":"https:\/\/globalavionique.com\/staging\/produit\/produit-97\/"},"modified":"2025-01-15T14:24:48","modified_gmt":"2025-01-15T19:24:48","slug":"amx240-audio-panel","status":"publish","type":"product","link":"https:\/\/globalavionique.com\/staging\/produit\/amx240-audio-panel\/","title":{"rendered":"AMX240 (Audio panel)"},"content":{"rendered":"<p>La gestion de l&rsquo;audio ne devrait pas \u00eatre compliqu\u00e9e, et vous ne devriez pas avoir de difficult\u00e9 \u00e0 comprendre ce que vous entendez. Avec le panneau s\u00e9lecteur de source audio AMX240 d&rsquo;Avidyne, dot\u00e9 de toutes les fonctionnalit\u00e9s, vous b\u00e9n\u00e9ficierez de caract\u00e9ristiques exceptionnelles et d&rsquo;une qualit\u00e9 sonore exceptionnelle, le tout int\u00e9gr\u00e9 dans l&rsquo;interface utilisateur l\u00e9gendaire \u00ab Flying Made Simple \u00bb d&rsquo;Avidyne.<\/p>\n<p>Le panneau audio AMX240 d&rsquo;Avidyne offre les derni\u00e8res fonctionnalit\u00e9s en mati\u00e8re de gestion audio pour les a\u00e9ronefs de l&rsquo;aviation g\u00e9n\u00e9rale, dans un design simple et facile \u00e0 utiliser, comprenant un panneau s\u00e9lecteur de source audio complet, un interphone et un r\u00e9cepteur de balise de rep\u00e8re. Vous appr\u00e9cierez la qualit\u00e9 sonore exceptionnelle et les boutons LED r\u00e9tro\u00e9clair\u00e9s grands et faciles \u00e0 lire, permettant une s\u00e9lection simple des modes et une visualisation rapide de votre configuration audio et intercom actuelle.<\/p>\n","protected":false},"excerpt":{"rendered":"<p>L&rsquo;AMX240 d&rsquo;Avidyne offre une gestion audio simple et efficace pour l&rsquo;aviation g\u00e9n\u00e9rale, avec un s\u00e9lecteur de source, un interphone et un r\u00e9cepteur de balise. Ses boutons LED r\u00e9tro\u00e9clair\u00e9s permettent une utilisation intuitive et une lecture claire des configurations audio.<\/p>\n","protected":false},"featured_media":1022,"template":"","meta":{"neve_meta_sidebar":"","neve_meta_container":"","neve_meta_enable_content_width":"off","neve_meta_content_width":100,"neve_meta_title_alignment":"","neve_meta_author_avatar":"","neve_post_elements_order":"","neve_meta_disable_header":"","neve_meta_disable_footer":"","neve_meta_disable_title":"","_themeisle_gutenberg_block_has_review":false},"product_brand":[],"product_cat":[43],"product_tag":[53],"class_list":{"0":"post-1020","1":"product","2":"type-product","3":"status-publish","4":"has-post-thumbnail","6":"product_cat-radios","7":"product_tag-avidyne","9":"first","10":"instock","11":"shipping-taxable","12":"product-type-external"},"jetpack_sharing_enabled":true,"_links":{"self":[{"href":"https:\/\/globalavionique.com\/staging\/wp-json\/wp\/v2\/product\/1020","targetHints":{"allow":["GET"]}}],"collection":[{"href":"https:\/\/globalavionique.com\/staging\/wp-json\/wp\/v2\/product"}],"about":[{"href":"https:\/\/globalavionique.com\/staging\/wp-json\/wp\/v2\/types\/product"}],"wp:featuredmedia":[{"embeddable":true,"href":"https:\/\/globalavionique.com\/staging\/wp-json\/wp\/v2\/media\/1022"}],"wp:attachment":[{"href":"https:\/\/globalavionique.com\/staging\/wp-json\/wp\/v2\/media?parent=1020"}],"wp:term":[{"taxonomy":"product_brand","embeddable":true,"href":"https:\/\/globalavionique.com\/staging\/wp-json\/wp\/v2\/product_brand?post=1020"},{"taxonomy":"product_cat","embeddable":true,"href":"https:\/\/globalavionique.com\/staging\/wp-json\/wp\/v2\/product_cat?post=1020"},{"taxonomy":"product_tag","embeddable":true,"href":"https:\/\/globalavionique.com\/staging\/wp-json\/wp\/v2\/product_tag?post=1020"}],"curies":[{"name":"wp","href":"https:\/\/api.w.org\/{rel}","templated":true}]}}