{"id":39,"date":"2024-11-14T12:00:16","date_gmt":"2024-11-14T17:00:16","guid":{"rendered":"https:\/\/globalavionique.com\/staging\/?page_id=39"},"modified":"2024-12-10T09:14:33","modified_gmt":"2024-12-10T14:14:33","slug":"notre-equipe","status":"publish","type":"page","link":"https:\/\/globalavionique.com\/staging\/notre-equipe\/","title":{"rendered":"Notre \u00e9quipe"},"content":{"rendered":"<section id=\"wp-block-themeisle-blocks-advanced-columns-ac1dc525\" class=\"wp-block-themeisle-blocks-advanced-columns alignfull has-1-columns has-desktop-equal-layout has-tablet-equal-layout has-mobile-equal-layout has-vertical-flex-start has-light-bg\"><div class=\"wp-block-themeisle-blocks-advanced-columns-overlay\"><\/div><div class=\"innerblocks-wrap\"><div id=\"wp-block-themeisle-blocks-advanced-column-7bee00e7\" class=\"wp-block-themeisle-blocks-advanced-column\"><section id=\"wp-block-themeisle-blocks-advanced-columns-057ed52f\" class=\"wp-block-themeisle-blocks-advanced-columns has-1-columns has-desktop-equal-layout has-tablet-equal-layout has-mobile-equal-layout has-vertical-flex-start\"><div class=\"wp-block-themeisle-blocks-advanced-columns-overlay\"><\/div><div class=\"innerblocks-wrap\"><div id=\"wp-block-themeisle-blocks-advanced-column-0823bcea\" class=\"wp-block-themeisle-blocks-advanced-column\"><div id=\"wp-block-themeisle-blocks-advanced-heading-7078a78b\" class=\"wp-block-themeisle-blocks-advanced-heading wp-block-themeisle-blocks-advanced-heading-7078a78b\">             <strong>Notre \u00e9quipe<\/strong><\/div>\n\n<h2 class=\"wp-block-heading has-text-align-center has-text-color has-link-color wp-elements-106fb5949ea371e97899beef917514a6\" style=\"color:#080808\">Qui Sommes-Nous?<\/h2><\/div><\/div><\/section>\n\n<section id=\"wp-block-themeisle-blocks-advanced-columns-37f14edb\" class=\"wp-block-themeisle-blocks-advanced-columns has-4-columns has-desktop-equal-layout has-tablet-equal-layout has-mobile-collapsedRows-layout has-vertical-flex-start\"><div class=\"wp-block-themeisle-blocks-advanced-columns-overlay\"><\/div><div class=\"innerblocks-wrap\"><div id=\"wp-block-themeisle-blocks-advanced-column-7fcae1b7\" class=\"wp-block-themeisle-blocks-advanced-column\"><\/div>\n\n<div id=\"wp-block-themeisle-blocks-advanced-column-68539948\" class=\"wp-block-themeisle-blocks-advanced-column\"><div style=\"height:16px\" aria-hidden=\"true\" class=\"wp-block-spacer\"><\/div>\n\n<h3 class=\"wp-block-heading has-text-align-center has-text-color has-link-color wp-elements-d71d919b8cc803e1f2430492a0960890\" style=\"color:#080808;margin-top:0px\">Jean-Pierre C\u00f4t\u00e9<\/h3>\n\n<div id=\"wp-block-themeisle-blocks-advanced-heading-77c34635\" class=\"wp-block-themeisle-blocks-advanced-heading wp-block-themeisle-blocks-advanced-heading-77c34635\"><strong><strong>GSR &#8211; Gestionnaire sup\u00e9rieur responsable<\/strong><\/strong><\/div>\n\n<p class=\"has-text-align-center has-text-color has-link-color wp-elements-bee3a092059c9c2b036e3083e3d0e8ca\" style=\"color:#080808\"><\/p><\/div>\n\n<div id=\"wp-block-themeisle-blocks-advanced-column-3a5e137e\" class=\"wp-block-themeisle-blocks-advanced-column\"><div style=\"height:16px\" aria-hidden=\"true\" class=\"wp-block-spacer\"><\/div>\n\n<h3 class=\"wp-block-heading has-text-align-center has-text-color has-link-color wp-elements-bbddd91492f3ca552f8ec04d0f9e3fc6\" style=\"color:#080808;margin-top:0px\">J\u00e9r\u00f4me Gagn\u00e9<\/h3>\n\n<div id=\"wp-block-themeisle-blocks-advanced-heading-cf1299ec\" class=\"wp-block-themeisle-blocks-advanced-heading wp-block-themeisle-blocks-advanced-heading-cf1299ec\"><strong><strong>PRM \u2013 responsable de la maintenance<\/strong><\/strong><\/div>\n\n<p class=\"has-text-align-center has-text-color has-link-color wp-elements-bee3a092059c9c2b036e3083e3d0e8ca\" style=\"color:#080808\"><\/p><\/div>\n\n<div id=\"wp-block-themeisle-blocks-advanced-column-6771dc28\" class=\"wp-block-themeisle-blocks-advanced-column\"><\/div><\/div><\/section><\/div><\/div><\/section><div id=\"wp-block-themeisle-blocks-advanced-columns-5214def4\" class=\"wp-block-themeisle-blocks-advanced-columns alignfull has-2-columns has-desktop-equal-layout has-tablet-equal-layout has-mobile-collapsedRows-layout has-vertical-unset has-dark-bg\"><div class=\"wp-block-themeisle-blocks-advanced-columns-overlay\"><\/div><div class=\"innerblocks-wrap\"><div id=\"wp-block-themeisle-blocks-advanced-column-24e2ac6a\" class=\"wp-block-themeisle-blocks-advanced-column\"><h3 id=\"wp-block-themeisle-blocks-advanced-heading-f26fb0e0\" class=\"wp-block-themeisle-blocks-advanced-heading wp-block-themeisle-blocks-advanced-heading-f26fb0e0 animated fadeIn\">Not<strong>re filiale Global Air Services<\/strong><\/h3>\n\n<div id=\"wp-block-themeisle-blocks-icon-list-aee37b52\" class=\"wp-block-themeisle-blocks-icon-list\"><div id=\"wp-block-themeisle-blocks-icon-list-item-2c738f3e\" class=\"wp-block-themeisle-blocks-icon-list-item animated fadeIn\"><i class=\"fas fa-check wp-block-themeisle-blocks-icon-list-item-icon-custom\"><\/i><p class=\"wp-block-themeisle-blocks-icon-list-item-content-custom\"><strong>Services de maintenance<\/strong><\/p><\/div>\n\n<div id=\"wp-block-themeisle-blocks-icon-list-item-f372c3c8\" class=\"wp-block-themeisle-blocks-icon-list-item animated fadeIn\"><i class=\"fas fa-check wp-block-themeisle-blocks-icon-list-item-icon\"><\/i><p class=\"wp-block-themeisle-blocks-icon-list-item-content-custom\"><strong>Inspections pr\u00e9-achat<\/strong><\/p><\/div><\/div><\/div>\n\n<div id=\"wp-block-themeisle-blocks-advanced-column-cdb7859e\" class=\"wp-block-themeisle-blocks-advanced-column\"><div id=\"wp-block-themeisle-blocks-button-group-bf6f2968\" class=\"wp-block-themeisle-blocks-button-group wp-block-buttons align-center-desktop align-full-mobile\"><div id=\"wp-block-themeisle-blocks-button-948ef846\" class=\"wp-block-themeisle-blocks-button wp-block-button  is-style-outline\"><a href=\"https:\/\/globalairservices.ca\/\" target=\"_blank\" rel=\"noopener noreferrer\" class=\"wp-block-button__link\"><svg xmlns=\"http:\/\/www.w3.org\/2000\/svg\" viewBox=\"0 0 1800 1800\" class=\"margin-right\"><path d=\"M386.031,992.783c-36.026-8.398-72.354-12.654-107.972-12.654c-140.65,0-250.633,66.393-273.68,165.215 c-1.902,8.152-0.486,16.732,3.936,23.842c4.422,7.112,11.486,12.173,19.642,14.076l297.505,69.352 c2.37,0.551,4.774,0.824,7.168,0.824c5.844,0,11.627-1.626,16.673-4.762c7.111-4.422,12.174-11.486,14.074-19.644l46.233-198.335 C413.567,1013.718,403.01,996.743,386.031,992.783z M309.05,1183.953l-231.384-53.941c30.558-52.924,106.292-86.74,200.393-86.74 c20.648,0,41.61,1.66,62.629,4.959L309.05,1183.953z\"><\/path><path d=\"M769.296,1390.383l-198.337,46.234c-8.152,1.902-15.22,6.963-19.642,14.076 c-4.422,7.108-5.838,15.684-3.938,23.841l69.361,297.505c1.903,8.152,6.965,15.218,14.077,19.64 c5.045,3.136,10.826,4.761,16.67,4.761c2.396,0,4.801-0.272,7.17-0.823c63.591-14.834,114.127-64.375,142.315-139.501 c26.523-70.695,30.157-156.691,10.236-242.15C803.25,1396.986,786.289,1386.428,769.296,1390.383z M669.966,1722.238 l-53.923-231.293l135.68-31.629C769.719,1575.854,735.418,1683.973,669.966,1722.238z\"><\/path><path d=\"M1749.964,50.705l-0.669-0.67C1717.513,19.196,1674.71,3.56,1622.073,3.56 c-141.686,0-344.219,115.18-542.012,300.716c-155.688-31.738-309.056-47.237-468.317-47.237 c-143.357,0-276.743,12.425-388.313,24.576c-13.887,1.516-25.129,11.972-27.64,25.713c-2.509,13.742,4.31,27.501,16.765,33.822 l575.578,292.233C677.958,774.113,589.367,902.18,528.54,1009.066c-96.224,169.086-117.785,276.479-65.928,328.311 c18.338,18.348,43.994,27.654,76.256,27.654c147.394,0,431.964-200.379,627.669-353.3l292.295,575.701 c5.453,10.733,16.42,17.278,28.145,17.278c1.876,0,3.779-0.167,5.682-0.516c13.742-2.506,24.198-13.75,25.713-27.637 c25.651-235.5,46.965-514.956-22.718-856.867c178.449-190.738,293.079-387.342,300.407-527.416 C1799.153,133.046,1783.649,85.412,1749.964,50.705z M825.871,581.728l-488.63-248.087c84.415-7.585,177.287-13.46,274.503-13.46 c140.48,0,276.26,12.367,413.262,37.684c-43.568,43.996-86.608,91.237-128.396,141.263c-13.574,16.305-26.884,32.478-39.965,48.533 L825.871,581.728z M1466.412,1462.885l-248.149-488.758l34.531-31.193c17.613-14.331,33.772-27.65,48.113-39.586 c49.902-41.688,97.145-84.785,141.197-128.521C1491.223,1040.145,1484.836,1261.03,1466.412,1462.885z M1733.003,188.981 c-6.84,130.833-127.706,327.336-309.389,514.582l-211.918,191.412c-309.505,252.092-564.693,406.916-672.828,406.916 c-14.9,0-25.53-3.08-31.608-9.162c-7.184-7.18-37.279-53.1,76.157-252.43c71.101-124.937,181.572-280.174,321.064-451.4 L1098.498,374.1c192.72-186.977,392.936-307.397,523.575-307.397c35.442,0,63.336,9.526,82.909,28.315 C1725.705,116.604,1735.13,148.214,1733.003,188.981z\"><\/path><\/svg><span>Site de Global Air Services<\/span><\/a><\/div><\/div><\/div><\/div><\/div><section id=\"wp-block-themeisle-blocks-advanced-columns-546fa8db\" class=\"wp-block-themeisle-blocks-advanced-columns alignfull has-2-columns has-desktop-equal-layout has-tablet-equal-layout has-mobile-collapsedRows-layout has-vertical-flex-start has-light-bg\"><div class=\"wp-block-themeisle-blocks-advanced-columns-overlay\"><\/div><div class=\"innerblocks-wrap\"><div id=\"wp-block-themeisle-blocks-advanced-column-a03592cc\" class=\"wp-block-themeisle-blocks-advanced-column\"><div id=\"wp-block-themeisle-blocks-advanced-heading-db071afb\" class=\"wp-block-themeisle-blocks-advanced-heading wp-block-themeisle-blocks-advanced-heading-db071afb\"><strong>Notre industrie vous int\u00e9resse?<\/strong><\/div>\n\n<h2 class=\"wp-block-heading has-text-align-left has-nv-c-2-color has-text-color has-link-color wp-elements-1907317b68d0f4014c5eb3537e6f374a\" style=\"font-size:32px\">R<strong>ejoignez notre \u00e9quipe!<\/strong><\/h2>\n\n<p class=\"has-text-align-left has-nv-c-2-color has-text-color has-link-color wp-elements-8a16502d6086de5daddf16a8b01a2190\" style=\"font-size:17px\">Vous \u00eates passionn\u00e9(e) et motiv\u00e9(e) par de nouveaux d\u00e9fis ? Nous vous invitons \u00e0 poser votre candidature!<br>Envoyez-nous votre CV et faites-nous savoir pourquoi vous seriez un atout pour notre \u00e9quipe. Nous avons h\u00e2te de d\u00e9couvrir votre profil et d&rsquo;explorer ensemble de nouvelles opportunit\u00e9s!<\/p>\n\n<div id=\"wp-block-themeisle-blocks-button-group-1487cadd\" class=\"wp-block-themeisle-blocks-button-group wp-block-buttons align-left\"><div id=\"wp-block-themeisle-blocks-button-d3c2c39b\" class=\"wp-block-themeisle-blocks-button wp-block-button is-style-fill\"><a href=\"https:\/\/globalavionique.com\/staging\/carrieres\/\" target=\"_self\" rel=\"noopener noreferrer\" class=\"wp-block-button__link\"><span>Postes disponibles<\/span><\/a><\/div><\/div><\/div>\n\n<div id=\"wp-block-themeisle-blocks-advanced-column-5b750788\" class=\"wp-block-themeisle-blocks-advanced-column\"><h3 class=\"wp-block-heading has-text-align-left has-nv-c-2-color has-text-color has-link-color wp-elements-9f53a7a8ed0abd685da25f1500c27374\" style=\"font-size:26px\"><strong>L&rsquo;expertise au c\u0153ur de notre \u00e9quipe<\/strong><\/h3>\n\n<p class=\"has-text-align-left has-nv-c-2-color has-text-color has-link-color wp-elements-b1e45e7ba9376399b693969e0292c17d\" style=\"font-size:17px\">Rejoignez une \u00e9quipe d&rsquo;experts chevronn\u00e9s, passionn\u00e9s par leur m\u00e9tier et pr\u00eats \u00e0 partager leurs ann\u00e9es d&rsquo;exp\u00e9rience pour relever ensemble les d\u00e9fis de l&rsquo;industrie.<\/p>\n\n<h3 class=\"wp-block-heading has-nv-c-2-color has-text-color has-link-color wp-elements-0eb7c039ce517c83c296f04a1dc97f97\" style=\"font-size:26px\"><strong>Un cadre stimulant pour votre r\u00e9ussite<\/strong><\/h3>\n\n<p class=\"has-nv-c-2-color has-text-color has-link-color wp-elements-638671d0bb1d33db6e8e07ac40e7b8be\" style=\"font-size:17px\">Nous offrons un environnement dynamique, propice \u00e0 la croissance professionnelle et \u00e0 l&rsquo;\u00e9panouissement personnel avec une \u00e9quipe motiv\u00e9e.<\/p><\/div><\/div><\/section><p><\/p>","protected":false},"excerpt":{"rendered":"","protected":false},"author":5,"featured_media":0,"parent":0,"menu_order":0,"comment_status":"closed","ping_status":"closed","template":"","meta":{"neve_meta_sidebar":"","neve_meta_container":"","neve_meta_enable_content_width":"","neve_meta_content_width":0,"neve_meta_title_alignment":"","neve_meta_author_avatar":"","neve_post_elements_order":"","neve_meta_disable_header":"","neve_meta_disable_footer":"","neve_meta_disable_title":"on","_themeisle_gutenberg_block_has_review":false,"footnotes":""},"class_list":["post-39","page","type-page","status-publish","hentry"],"jetpack_sharing_enabled":true,"_links":{"self":[{"href":"https:\/\/globalavionique.com\/staging\/wp-json\/wp\/v2\/pages\/39","targetHints":{"allow":["GET"]}}],"collection":[{"href":"https:\/\/globalavionique.com\/staging\/wp-json\/wp\/v2\/pages"}],"about":[{"href":"https:\/\/globalavionique.com\/staging\/wp-json\/wp\/v2\/types\/page"}],"author":[{"embeddable":true,"href":"https:\/\/globalavionique.com\/staging\/wp-json\/wp\/v2\/users\/5"}],"replies":[{"embeddable":true,"href":"https:\/\/globalavionique.com\/staging\/wp-json\/wp\/v2\/comments?post=39"}],"version-history":[{"count":19,"href":"https:\/\/globalavionique.com\/staging\/wp-json\/wp\/v2\/pages\/39\/revisions"}],"predecessor-version":[{"id":846,"href":"https:\/\/globalavionique.com\/staging\/wp-json\/wp\/v2\/pages\/39\/revisions\/846"}],"wp:attachment":[{"href":"https:\/\/globalavionique.com\/staging\/wp-json\/wp\/v2\/media?parent=39"}],"curies":[{"name":"wp","href":"https:\/\/api.w.org\/{rel}","templated":true}]}}