{"id":35,"date":"2024-11-14T12:00:29","date_gmt":"2024-11-14T17:00:29","guid":{"rendered":"https:\/\/globalavionique.com\/staging\/?page_id=35"},"modified":"2025-01-14T11:32:26","modified_gmt":"2025-01-14T16:32:26","slug":"contact","status":"publish","type":"page","link":"https:\/\/globalavionique.com\/staging\/en\/contact\/","title":{"rendered":"Contact"},"content":{"rendered":"<div id=\"wp-block-themeisle-blocks-advanced-columns-f0bf6fda\" class=\"wp-block-themeisle-blocks-advanced-columns alignfull has-1-columns has-desktop-equal-layout has-tablet-equal-layout has-mobile-equal-layout has-vertical-unset\"><div class=\"wp-block-themeisle-blocks-advanced-columns-overlay\"><\/div><div class=\"innerblocks-wrap\"><div id=\"wp-block-themeisle-blocks-advanced-column-d86c0863\" class=\"wp-block-themeisle-blocks-advanced-column\"><div id=\"wp-block-themeisle-blocks-advanced-columns-960feb06\" class=\"wp-block-themeisle-blocks-advanced-columns has-1-columns has-desktop-equal-layout has-tablet-equal-layout has-mobile-equal-layout has-vertical-unset\"><div class=\"wp-block-themeisle-blocks-advanced-columns-overlay\"><\/div><div class=\"innerblocks-wrap\"><div id=\"wp-block-themeisle-blocks-advanced-column-9f5d1017\" class=\"wp-block-themeisle-blocks-advanced-column\"><\/div><\/div><\/div><\/div><\/div><\/div><div id=\"wp-block-themeisle-blocks-advanced-columns-9a38cbaa\" class=\"wp-block-themeisle-blocks-advanced-columns alignfull has-1-columns has-desktop-equal-layout has-tablet-equal-layout has-mobile-equal-layout has-vertical-unset ticss-af0b49bf\"><div class=\"wp-block-themeisle-blocks-advanced-columns-overlay\"><\/div><div class=\"innerblocks-wrap\"><div id=\"wp-block-themeisle-blocks-advanced-column-ea20ba02\" class=\"wp-block-themeisle-blocks-advanced-column has-light-bg\"><h1 id=\"wp-block-themeisle-blocks-advanced-heading-d67790d0\" class=\"wp-block-themeisle-blocks-advanced-heading wp-block-themeisle-blocks-advanced-heading-d67790d0\"><strong>Contact Us<\/strong><\/h1>\n\n<p class=\"has-neve-text-color-color has-text-color\" style=\"font-size:17px\">You can contact us directly from this page for any requests or additional information.<br>Send us your CV to our email address.<\/p><\/div><\/div><\/div><div id=\"wp-block-themeisle-blocks-advanced-columns-4fb46f15\" class=\"wp-block-themeisle-blocks-advanced-columns alignfull has-2-columns has-desktop-equal-layout has-tablet-equal-layout has-mobile-collapsedRows-layout has-vertical-unset has-light-bg\"><div class=\"wp-block-themeisle-blocks-advanced-columns-overlay\"><\/div><div class=\"innerblocks-wrap\"><div id=\"wp-block-themeisle-blocks-advanced-column-5eb41dd0\" class=\"wp-block-themeisle-blocks-advanced-column\"><div id=\"wp-block-themeisle-blocks-font-awesome-icons-d0088687\" class=\"wp-block-themeisle-blocks-font-awesome-icons\"><span class=\"wp-block-themeisle-blocks-font-awesome-icons-container\"><i class=\"fas fa-phone\"><\/i><\/span><\/div>\n\n<h3 id=\"wp-block-themeisle-blocks-advanced-heading-191a358a\" class=\"wp-block-themeisle-blocks-advanced-heading wp-block-themeisle-blocks-advanced-heading-191a358a\">+1 418-476-2337<\/h3><\/div>\n\n<div id=\"wp-block-themeisle-blocks-advanced-column-49ed25e7\" class=\"wp-block-themeisle-blocks-advanced-column\"><div id=\"wp-block-themeisle-blocks-font-awesome-icons-81580c5e\" class=\"wp-block-themeisle-blocks-font-awesome-icons\"><span class=\"wp-block-themeisle-blocks-font-awesome-icons-container\"><i class=\"far fa-address-card\"><\/i><\/span><\/div>\n\n<h3 id=\"wp-block-themeisle-blocks-advanced-heading-618e8b10\" class=\"wp-block-themeisle-blocks-advanced-heading wp-block-themeisle-blocks-advanced-heading-618e8b10\">info@globalavionique.com<\/h3><\/div><\/div><\/div><section id=\"wp-block-themeisle-blocks-advanced-columns-546fa8db\" class=\"wp-block-themeisle-blocks-advanced-columns alignfull has-2-columns has-desktop-equal-layout has-tablet-equal-layout has-mobile-collapsedRows-layout has-vertical-center has-light-bg\"><div class=\"wp-block-themeisle-blocks-advanced-columns-overlay\"><\/div><div class=\"innerblocks-wrap\"><div id=\"wp-block-themeisle-blocks-advanced-column-a03592cc\" class=\"wp-block-themeisle-blocks-advanced-column has-light-bg\"><div id=\"wp-block-themeisle-blocks-advanced-heading-db071afb\" class=\"wp-block-themeisle-blocks-advanced-heading wp-block-themeisle-blocks-advanced-heading-db071afb\"><strong>Do you have a question?<\/strong><\/div>\n\n<h2 class=\"wp-block-heading has-text-align-left has-nv-c-2-color has-text-color has-link-color wp-elements-1e0da19f9b0d38f54a911e027c64ef1e\" style=\"font-size:36px\"><strong>Send a direct message<\/strong><\/h2>\n\n<p class=\"has-text-align-left has-nv-c-2-color has-text-color has-link-color wp-elements-34a71a4618025efb12eba44807536db6\" style=\"font-size:17px\">Simply fill out this form and we will get back to you as soon as possible to answer your questions. Thank you for your interest.<\/p>\n\n<h3 class=\"wp-block-heading has-nv-c-2-color has-text-color has-link-color wp-elements-5ce9a2c6fa2a179a4d12307829406dfe\" style=\"font-size:30px\"><strong>Follow us on social media<\/strong><\/h3>\n\n<p class=\"has-text-align-left has-nv-c-2-color has-text-color has-link-color wp-elements-ee8547e6b708afd673b89250e8af3230\" style=\"font-size:17px\">You can follow us on our various social networks.<\/p>\n\n<ul class=\"wp-block-social-links is-content-justification-left is-layout-flex wp-container-core-social-links-is-layout-fdcfc74e wp-block-social-links-is-layout-flex\"><li class=\"wp-social-link wp-social-link-facebook  wp-block-social-link\"><a rel=\"noopener nofollow\" target=\"_blank\" href=\"https:\/\/www.facebook.com\/profile.php?id=100085125490326\" class=\"wp-block-social-link-anchor\"><svg width=\"24\" height=\"24\" viewbox=\"0 0 24 24\" version=\"1.1\" xmlns=\"http:\/\/www.w3.org\/2000\/svg\" aria-hidden=\"true\" focusable=\"false\"><path d=\"M12 2C6.5 2 2 6.5 2 12c0 5 3.7 9.1 8.4 9.9v-7H7.9V12h2.5V9.8c0-2.5 1.5-3.9 3.8-3.9 1.1 0 2.2.2 2.2.2v2.5h-1.3c-1.2 0-1.6.8-1.6 1.6V12h2.8l-.4 2.9h-2.3v7C18.3 21.1 22 17 22 12c0-5.5-4.5-10-10-10z\"><\/path><\/svg><span class=\"wp-block-social-link-label screen-reader-text\">Facebook<\/span><\/a><\/li>\n\n<li class=\"wp-social-link wp-social-link-linkedin  wp-block-social-link\"><a rel=\"noopener nofollow\" target=\"_blank\" href=\"https:\/\/www.linkedin.com\/company\/global-avionique\/\" class=\"wp-block-social-link-anchor\"><svg width=\"24\" height=\"24\" viewbox=\"0 0 24 24\" version=\"1.1\" xmlns=\"http:\/\/www.w3.org\/2000\/svg\" aria-hidden=\"true\" focusable=\"false\"><path d=\"M19.7,3H4.3C3.582,3,3,3.582,3,4.3v15.4C3,20.418,3.582,21,4.3,21h15.4c0.718,0,1.3-0.582,1.3-1.3V4.3 C21,3.582,20.418,3,19.7,3z M8.339,18.338H5.667v-8.59h2.672V18.338z M7.004,8.574c-0.857,0-1.549-0.694-1.549-1.548 c0-0.855,0.691-1.548,1.549-1.548c0.854,0,1.547,0.694,1.547,1.548C8.551,7.881,7.858,8.574,7.004,8.574z M18.339,18.338h-2.669 v-4.177c0-0.996-0.017-2.278-1.387-2.278c-1.389,0-1.601,1.086-1.601,2.206v4.249h-2.667v-8.59h2.559v1.174h0.037 c0.356-0.675,1.227-1.387,2.526-1.387c2.703,0,3.203,1.779,3.203,4.092V18.338z\"><\/path><\/svg><span class=\"wp-block-social-link-label screen-reader-text\">LinkedIn<\/span><\/a><\/li><\/ul><\/div>\n\n<div id=\"wp-block-themeisle-blocks-advanced-column-5b750788\" class=\"wp-block-themeisle-blocks-advanced-column has-light-bg\"><style id=\"wpforms-css-vars-22-block-db902446-fc0b-42e3-a8d6-7e452e950b49\">\n\t\t\t\t#wpforms-22.wpforms-block-db902446-fc0b-42e3-a8d6-7e452e950b49 {\n\t\t\t\t--wpforms-button-border-radius: 0px;\n--wpforms-field-size-input-height: 43px;\n--wpforms-field-size-input-spacing: 15px;\n--wpforms-field-size-font-size: 16px;\n--wpforms-field-size-line-height: 19px;\n--wpforms-field-size-padding-h: 14px;\n--wpforms-field-size-checkbox-size: 16px;\n--wpforms-field-size-sublabel-spacing: 5px;\n--wpforms-field-size-icon-size: 1;\n--wpforms-label-size-font-size: 16px;\n--wpforms-label-size-line-height: 19px;\n--wpforms-label-size-sublabel-font-size: 14px;\n--wpforms-label-size-sublabel-line-height: 17px;\n--wpforms-button-size-font-size: 17px;\n--wpforms-button-size-height: 41px;\n--wpforms-button-size-padding-h: 15px;\n--wpforms-button-size-margin-top: 10px;\n\t\t\t}\n\t\t\t<\/style><div class=\"wpforms-container wpforms-container-full wpforms-block wpforms-block-db902446-fc0b-42e3-a8d6-7e452e950b49 wpforms-render-modern\" id=\"wpforms-22\"><form id=\"wpforms-form-22\" class=\"wpforms-validate wpforms-form\" data-formid=\"22\" method=\"post\" enctype=\"multipart\/form-data\" action=\"\/staging\/en\/wp-json\/wp\/v2\/pages\/35\" data-token=\"39ea8adbdd3e9c22ef5812dca1ac3311\" data-token-time=\"1777361948\" data-trp-original-action=\"\/staging\/en\/wp-json\/wp\/v2\/pages\/35\"><noscript class=\"wpforms-error-noscript\">Please enable JavaScript in your browser to complete this form.<\/noscript><div id=\"wpforms-error-noscript\" style=\"display: none;\">Please enable JavaScript in your browser to complete this form.<\/div><div class=\"wpforms-field-container\"><div id=\"wpforms-22-field_0-container\" class=\"wpforms-field wpforms-field-name\" data-field-id=\"0\"><label class=\"wpforms-field-label\" for=\"wpforms-22-field_0\">Nom <span class=\"wpforms-required-label\" aria-hidden=\"true\">*<\/span><\/label><input type=\"text\" id=\"wpforms-22-field_0\" class=\"wpforms-field-small wpforms-field-required\" name=\"wpforms[fields][0]\" aria-errormessage=\"wpforms-22-field_0-error\" required><\/div><div id=\"wpforms-22-field_1-container\" class=\"wpforms-field wpforms-field-email\" data-field-id=\"1\"><label class=\"wpforms-field-label\" for=\"wpforms-22-field_1\">Email address <span class=\"wpforms-required-label\" aria-hidden=\"true\">*<\/span><\/label><input type=\"email\" id=\"wpforms-22-field_1\" class=\"wpforms-field-small wpforms-field-required\" name=\"wpforms[fields][1]\" spellcheck=\"false\" aria-errormessage=\"wpforms-22-field_1-error\" required><\/div><div id=\"wpforms-22-field_3-container\" class=\"wpforms-field wpforms-field-text\" data-field-id=\"3\"><label class=\"wpforms-field-label\" for=\"wpforms-22-field_3\">Aircraft registration (if applicable)<\/label><input type=\"text\" id=\"wpforms-22-field_3\" class=\"wpforms-field-small\" name=\"wpforms[fields][3]\" aria-errormessage=\"wpforms-22-field_3-error\" ><\/div><div id=\"wpforms-22-field_2-container\" class=\"wpforms-field wpforms-field-textarea\" data-field-id=\"2\"><label class=\"wpforms-field-label\" for=\"wpforms-22-field_2\">Message <span class=\"wpforms-required-label\" aria-hidden=\"true\">*<\/span><\/label><textarea id=\"wpforms-22-field_2\" class=\"wpforms-field-medium wpforms-field-required\" name=\"wpforms[fields][2]\" aria-errormessage=\"wpforms-22-field_2-error\" required><\/textarea><\/div><\/div><!-- .wpforms-field-container --><div class=\"wpforms-submit-container\" ><input type=\"hidden\" name=\"wpforms[id]\" value=\"22\"><input type=\"hidden\" name=\"page_title\" value=\"\"><input type=\"hidden\" name=\"page_url\" value=\"https:\/\/globalavionique.com\/staging\/en\/wp-json\/wp\/v2\/pages\/35\"><input type=\"hidden\" name=\"url_referer\" value=\"\"><button type=\"submit\" name=\"wpforms[submit]\" id=\"wpforms-submit-22\" class=\"wpforms-submit\" data-alt-text=\"En cours...\" data-submit-text=\"Soumettre\" aria-live=\"assertive\" value=\"wpforms-submit\">Submit<\/button><\/div><input type=\"hidden\" name=\"trp-form-language\" value=\"en\"\/><\/form><\/div>  <!-- .wpforms-container --><\/div><\/div><\/section><section id=\"wp-block-themeisle-blocks-advanced-columns-990a718e\" class=\"wp-block-themeisle-blocks-advanced-columns alignfull has-2-columns has-desktop-equal-layout has-tablet-equal-layout has-mobile-collapsedRows-layout has-vertical-center has-dark-bg\"><div class=\"wp-block-themeisle-blocks-advanced-columns-overlay\"><\/div><div class=\"innerblocks-wrap\"><div id=\"wp-block-themeisle-blocks-advanced-column-73e5b683\" class=\"wp-block-themeisle-blocks-advanced-column\"><div class=\"wp-block-image\"><figure class=\"aligncenter size-full is-resized has-custom-border\"><a href=\"https:\/\/maps.app.goo.gl\/2QkGeK1fp2H2PB7X8\" target=\"_blank\" rel=\" noreferrer noopener\"><img decoding=\"async\" src=\"https:\/\/globalairservices.ca\/staging\/wp-content\/uploads\/2024\/11\/MapGoogle-e1731511926994.png\" alt=\"\" class=\"wp-image-588\" style=\"border-radius:18px;width:509px;height:auto\"\/><\/a><\/figure><\/div><\/div>\n\n<div id=\"wp-block-themeisle-blocks-advanced-column-d2ab60f9\" class=\"wp-block-themeisle-blocks-advanced-column has-dark-bg\"><h2 class=\"wp-block-heading has-text-align-left has-text-color\" style=\"color:#ffffff;font-size:36px\"><strong>Visit our hangar<\/strong><\/h2>\n\n<div id=\"wp-block-themeisle-blocks-advanced-heading-60814737\" class=\"wp-block-themeisle-blocks-advanced-heading wp-block-themeisle-blocks-advanced-heading-60814737\"><strong>Our address<\/strong><\/div>\n\n<p class=\"has-text-color\" style=\"color:#ffffff;font-size:17px\">230D, 2E Avenue de l&rsquo;A\u00e9roport<br>A\u00e9roport international Jean-Lesage <br>Qu\u00e9bec (QC) <br>G2G 2T2<\/p><\/div><\/div><\/section><section id=\"wp-block-themeisle-blocks-advanced-columns-d0f0a3cb\" class=\"wp-block-themeisle-blocks-advanced-columns alignfull has-2-columns has-desktop-equal-layout has-tablet-equal-layout has-mobile-collapsedRows-layout has-vertical-center has-dark-bg\"><div class=\"wp-block-themeisle-blocks-advanced-columns-overlay\"><\/div><div class=\"innerblocks-wrap\"><div id=\"wp-block-themeisle-blocks-advanced-column-645e3fca\" class=\"wp-block-themeisle-blocks-advanced-column has-dark-bg\"><h2 class=\"wp-block-heading has-text-align-right has-text-color\" style=\"color:#ffffff;font-size:36px\"><strong>Visit our maintenance workshop<\/strong><\/h2>\n\n<div id=\"wp-block-themeisle-blocks-advanced-heading-a597a31c\" class=\"wp-block-themeisle-blocks-advanced-heading wp-block-themeisle-blocks-advanced-heading-a597a31c\"><strong>Our address<\/strong><\/div>\n\n<p class=\"has-text-align-right has-text-color\" style=\"color:#ffffff;font-size:17px\">6264, boulevard Wilfrid-Hamel<br>Qu\u00e9bec (Qu\u00e9bec)<br>G2E 2H8<\/p><\/div>\n\n<div id=\"wp-block-themeisle-blocks-advanced-column-76ec159d\" class=\"wp-block-themeisle-blocks-advanced-column\"><figure class=\"wp-block-image size-full is-resized has-custom-border\"><a href=\"https:\/\/maps.app.goo.gl\/aMTi6An3Y3veja3W7\" target=\"_blank\" rel=\" noreferrer noopener\"><img loading=\"lazy\" decoding=\"async\" width=\"823\" height=\"855\" src=\"https:\/\/globalavionique.com\/staging\/wp-content\/uploads\/2024\/11\/2024-11-14-13_56_57-6264-Bd-Wilfrid-Hamel-\u2013-Google-Maps-\u2014-Mozilla-Firefox.png\" alt=\"\" class=\"wp-image-554\" style=\"border-radius:18px;width:514px;height:auto\" srcset=\"https:\/\/globalavionique.com\/staging\/wp-content\/uploads\/2024\/11\/2024-11-14-13_56_57-6264-Bd-Wilfrid-Hamel-\u2013-Google-Maps-\u2014-Mozilla-Firefox.png 823w, https:\/\/globalavionique.com\/staging\/wp-content\/uploads\/2024\/11\/2024-11-14-13_56_57-6264-Bd-Wilfrid-Hamel-\u2013-Google-Maps-\u2014-Mozilla-Firefox-600x623.png 600w, https:\/\/globalavionique.com\/staging\/wp-content\/uploads\/2024\/11\/2024-11-14-13_56_57-6264-Bd-Wilfrid-Hamel-\u2013-Google-Maps-\u2014-Mozilla-Firefox-289x300.png 289w, https:\/\/globalavionique.com\/staging\/wp-content\/uploads\/2024\/11\/2024-11-14-13_56_57-6264-Bd-Wilfrid-Hamel-\u2013-Google-Maps-\u2014-Mozilla-Firefox-768x798.png 768w\" sizes=\"auto, (max-width: 823px) 100vw, 823px\" \/><\/a><\/figure><\/div><\/div><\/section><p><\/p>","protected":false},"excerpt":{"rendered":"","protected":false},"author":5,"featured_media":511,"parent":0,"menu_order":0,"comment_status":"closed","ping_status":"closed","template":"","meta":{"neve_meta_sidebar":"","neve_meta_container":"","neve_meta_enable_content_width":"","neve_meta_content_width":0,"neve_meta_title_alignment":"","neve_meta_author_avatar":"","neve_post_elements_order":"","neve_meta_disable_header":"","neve_meta_disable_footer":"","neve_meta_disable_title":"on","_themeisle_gutenberg_block_has_review":false,"footnotes":""},"class_list":["post-35","page","type-page","status-publish","has-post-thumbnail","hentry"],"jetpack_sharing_enabled":true,"_links":{"self":[{"href":"https:\/\/globalavionique.com\/staging\/en\/wp-json\/wp\/v2\/pages\/35","targetHints":{"allow":["GET"]}}],"collection":[{"href":"https:\/\/globalavionique.com\/staging\/en\/wp-json\/wp\/v2\/pages"}],"about":[{"href":"https:\/\/globalavionique.com\/staging\/en\/wp-json\/wp\/v2\/types\/page"}],"author":[{"embeddable":true,"href":"https:\/\/globalavionique.com\/staging\/en\/wp-json\/wp\/v2\/users\/5"}],"replies":[{"embeddable":true,"href":"https:\/\/globalavionique.com\/staging\/en\/wp-json\/wp\/v2\/comments?post=35"}],"version-history":[{"count":22,"href":"https:\/\/globalavionique.com\/staging\/en\/wp-json\/wp\/v2\/pages\/35\/revisions"}],"predecessor-version":[{"id":1160,"href":"https:\/\/globalavionique.com\/staging\/en\/wp-json\/wp\/v2\/pages\/35\/revisions\/1160"}],"wp:featuredmedia":[{"embeddable":true,"href":"https:\/\/globalavionique.com\/staging\/en\/wp-json\/wp\/v2\/media\/511"}],"wp:attachment":[{"href":"https:\/\/globalavionique.com\/staging\/en\/wp-json\/wp\/v2\/media?parent=35"}],"curies":[{"name":"wp","href":"https:\/\/api.w.org\/{rel}","templated":true}]}}