{"id":535,"date":"2024-11-14T12:00:04","date_gmt":"2024-11-14T17:00:04","guid":{"rendered":"https:\/\/globalavionique.com\/?page_id=535"},"modified":"2025-01-27T14:16:18","modified_gmt":"2025-01-27T19:16:18","slug":"nos-services","status":"publish","type":"page","link":"https:\/\/globalavionique.com\/en\/nos-services\/","title":{"rendered":"Our Services"},"content":{"rendered":"<div id=\"wp-block-themeisle-blocks-advanced-columns-f0bf6fda\" class=\"wp-block-themeisle-blocks-advanced-columns alignfull has-1-columns has-desktop-equal-layout has-tablet-equal-layout has-mobile-equal-layout has-vertical-unset\"><div class=\"wp-block-themeisle-blocks-advanced-columns-overlay\"><\/div><div class=\"innerblocks-wrap\">\n<div id=\"wp-block-themeisle-blocks-advanced-column-d86c0863\" class=\"wp-block-themeisle-blocks-advanced-column\"><\/div>\n<\/div><\/div>\n\n\n\n<div id=\"wp-block-themeisle-blocks-advanced-columns-9a38cbaa\" class=\"wp-block-themeisle-blocks-advanced-columns alignfull has-2-columns has-desktop-equal-layout has-tablet-twoOne-layout has-mobile-collapsedRows-layout has-vertical-unset ticss-af0b49bf has-light-bg\"><div class=\"wp-block-themeisle-blocks-advanced-columns-overlay\"><\/div><div class=\"innerblocks-wrap\">\n<div id=\"wp-block-themeisle-blocks-advanced-column-ea20ba02\" class=\"wp-block-themeisle-blocks-advanced-column has-light-bg animated fadeIn\">\n<h1 id=\"wp-block-themeisle-blocks-advanced-heading-d67790d0\" class=\"wp-block-themeisle-blocks-advanced-heading wp-block-themeisle-blocks-advanced-heading-d67790d0\">Our Services<\/h1>\n\n\n\n<p class=\"has-neve-text-color-color has-text-color\" style=\"font-size:17px\">We offer the following services : <\/p>\n\n\n\n<ul style=\"letter-spacing:0px\" class=\"wp-block-list\">\n<li class=\"has-neve-text-color-color has-text-color has-link-color wp-elements-8c46308cd3b583e86795e18376b625e9\" style=\"font-size:17px\">Specialized avionics work on aircraft (helicopters and planes)<\/li>\n\n\n\n<li class=\"has-neve-text-color-color has-text-color has-link-color wp-elements-523fc680571d0bbfe27aaa7eec39a5b4\" style=\"font-size:17px\">Workshop work under certain specialties:\n<ul class=\"wp-block-list\">\n<li>Radio system, transponders, electrical components and flight instruments<\/li>\n<\/ul>\n<\/li>\n\n\n\n<li class=\"has-neve-text-color-color has-text-color has-link-color wp-elements-f58a43137f9369c2d235ed43a70730e4\" style=\"font-size:17px\">We are an authorized distributor of avionics equipment<\/li>\n<\/ul>\n<\/div>\n\n\n\n<div id=\"wp-block-themeisle-blocks-advanced-column-c28105de\" class=\"wp-block-themeisle-blocks-advanced-column\"><\/div>\n<\/div><\/div>\n\n\n\n<div id=\"wp-block-themeisle-blocks-font-awesome-icons-4583c332\" class=\"wp-block-themeisle-blocks-font-awesome-icons\"><span class=\"wp-block-themeisle-blocks-font-awesome-icons-container\"><i class=\"fas fa-plane\"><\/i><\/span><\/div>\n\n\n\n<h3 class=\"wp-block-heading has-text-align-center\">Authorized distributor<\/h3>\n\n\n\n<p class=\"has-text-align-center\">Global Avionique propose des \u00e9quipements a\u00e9ronautiques de marques de r\u00e9f\u00e9rence, en collaboration avec nos principaux manufacturiers. Nous vous garantissons des solutions fiables et sur mesure, accompagn\u00e9es d&rsquo;un service expert.<\/p>\n\n\n\n<div id=\"wp-block-themeisle-blocks-advanced-columns-631a70f8\" class=\"wp-block-themeisle-blocks-advanced-columns alignfull has-3-columns has-desktop-equal-layout has-tablet-equal-layout has-mobile-collapsedRows-layout has-vertical-unset has-light-bg\"><div class=\"wp-block-themeisle-blocks-advanced-columns-overlay\"><\/div><div class=\"innerblocks-wrap\">\n<div id=\"wp-block-themeisle-blocks-advanced-column-eb59bfde\" class=\"wp-block-themeisle-blocks-advanced-column\"><div class=\"wp-block-image\">\n<figure class=\"aligncenter size-large is-resized\"><a href=\"https:\/\/www.avidyne.com\/\" target=\"_blank\" rel=\" noreferrer noopener\"><img loading=\"lazy\" decoding=\"async\" width=\"1024\" height=\"139\" src=\"https:\/\/globalavionique.com\/wp-content\/uploads\/2023\/03\/Avidyne-Logo-1024x139.png\" alt=\"\" class=\"wp-image-64\" style=\"width:243px;height:auto\" srcset=\"\" sizes=\"auto, (max-width: 1024px) 100vw, 1024px\" data-srcset=\"\" \/><\/a><\/figure>\n<\/div><\/div>\n\n\n\n<div id=\"wp-block-themeisle-blocks-advanced-column-366fe141\" class=\"wp-block-themeisle-blocks-advanced-column\"><div class=\"wp-block-image is-style-default\">\n<figure class=\"aligncenter size-large is-resized has-custom-border\"><a href=\"https:\/\/www.jpinstruments.com\/\" target=\"_blank\" rel=\" noreferrer noopener\"><img loading=\"lazy\" decoding=\"async\" width=\"1024\" height=\"288\" src=\"https:\/\/globalavionique.com\/wp-content\/uploads\/2023\/03\/JPI-Logo-1024x288.png\" alt=\"\" class=\"wp-image-76\" style=\"border-style:none;border-width:0px;width:256px;height:auto\" srcset=\"\" sizes=\"auto, (max-width: 1024px) 100vw, 1024px\" data-srcset=\"\" \/><\/a><\/figure>\n<\/div><\/div>\n\n\n\n<div id=\"wp-block-themeisle-blocks-advanced-column-c8679f1c\" class=\"wp-block-themeisle-blocks-advanced-column\"><div class=\"wp-block-image is-style-rounded\">\n<figure class=\"aligncenter size-full is-resized has-custom-border\"><img loading=\"lazy\" decoding=\"async\" width=\"1493\" height=\"270\" src=\"https:\/\/globalavionique.com\/wp-content\/uploads\/2023\/03\/Aspen-Avionics-Logo-1.jpg\" alt=\"\" class=\"wp-image-79\" style=\"border-radius:8px;width:288px;height:auto\" srcset=\"https:\/\/globalavionique.com\/wp-content\/uploads\/2023\/03\/Aspen-Avionics-Logo-1.jpg 1493w, https:\/\/globalavionique.com\/wp-content\/uploads\/2023\/03\/Aspen-Avionics-Logo-1-600x109.jpg 600w, https:\/\/globalavionique.com\/wp-content\/uploads\/2023\/03\/Aspen-Avionics-Logo-1-300x54.jpg 300w, https:\/\/globalavionique.com\/wp-content\/uploads\/2023\/03\/Aspen-Avionics-Logo-1-1024x185.jpg 1024w, https:\/\/globalavionique.com\/wp-content\/uploads\/2023\/03\/Aspen-Avionics-Logo-1-768x139.jpg 768w\" sizes=\"auto, (max-width: 1493px) 100vw, 1493px\" \/><\/figure>\n<\/div><\/div>\n<\/div><\/div>\n\n\n\n<div id=\"wp-block-themeisle-blocks-advanced-columns-28171589\" class=\"wp-block-themeisle-blocks-advanced-columns alignfull has-3-columns has-desktop-equal-layout has-tablet-equal-layout has-mobile-collapsedRows-layout has-vertical-unset has-light-bg\"><div class=\"wp-block-themeisle-blocks-advanced-columns-overlay\"><\/div><div class=\"innerblocks-wrap\">\n<div id=\"wp-block-themeisle-blocks-advanced-column-e2807819\" class=\"wp-block-themeisle-blocks-advanced-column\"><div class=\"wp-block-image\">\n<figure class=\"aligncenter size-large is-resized\"><a href=\"https:\/\/uavionix.com\/\" target=\"_blank\" rel=\" noreferrer noopener\"><img loading=\"lazy\" decoding=\"async\" width=\"1024\" height=\"412\" src=\"https:\/\/globalavionique.com\/wp-content\/uploads\/2023\/03\/uAvionix-Logo-1024x412.png\" alt=\"\" class=\"wp-image-78\" style=\"width:176px;height:auto\" srcset=\"\" sizes=\"auto, (max-width: 1024px) 100vw, 1024px\" data-srcset=\"\" \/><\/a><\/figure>\n<\/div><\/div>\n\n\n\n<div id=\"wp-block-themeisle-blocks-advanced-column-f390829b\" class=\"wp-block-themeisle-blocks-advanced-column\"><div class=\"wp-block-image is-style-default\">\n<figure class=\"aligncenter size-large is-resized has-custom-border\"><a href=\"https:\/\/www.aircraftspruce.ca\/\" target=\"_blank\" rel=\" noreferrer noopener\"><img loading=\"lazy\" decoding=\"async\" width=\"1024\" height=\"339\" src=\"https:\/\/globalavionique.com\/wp-content\/uploads\/2023\/03\/Aircraft-Spruce-Logo-1024x339.png\" alt=\"\" class=\"wp-image-73\" style=\"border-style:none;border-width:0px;width:233px;height:auto\" srcset=\"\" sizes=\"auto, (max-width: 1024px) 100vw, 1024px\" data-srcset=\"\" \/><\/a><\/figure>\n<\/div><\/div>\n\n\n\n<div id=\"wp-block-themeisle-blocks-advanced-column-ecc0e2fb\" class=\"wp-block-themeisle-blocks-advanced-column\"><div class=\"wp-block-image is-style-default\">\n<figure class=\"aligncenter size-full is-resized\"><img loading=\"lazy\" decoding=\"async\" width=\"922\" height=\"315\" src=\"https:\/\/globalavionique.com\/wp-content\/uploads\/2023\/03\/Appareo-Aviation-Logo.png\" alt=\"\" class=\"wp-image-74\" style=\"width:246px;height:auto\" srcset=\"https:\/\/globalavionique.com\/wp-content\/uploads\/2023\/03\/Appareo-Aviation-Logo.png 922w, https:\/\/globalavionique.com\/wp-content\/uploads\/2023\/03\/Appareo-Aviation-Logo-600x205.png 600w, https:\/\/globalavionique.com\/wp-content\/uploads\/2023\/03\/Appareo-Aviation-Logo-300x102.png 300w, https:\/\/globalavionique.com\/wp-content\/uploads\/2023\/03\/Appareo-Aviation-Logo-768x262.png 768w\" sizes=\"auto, (max-width: 922px) 100vw, 922px\" \/><\/figure>\n<\/div><\/div>\n<\/div><\/div>\n\n\n\n<div id=\"wp-block-themeisle-blocks-advanced-columns-7f8a44a2\" class=\"wp-block-themeisle-blocks-advanced-columns alignfull has-2-columns has-desktop-equal-layout has-tablet-equal-layout has-mobile-collapsedRows-layout has-vertical-unset has-light-bg\"><div class=\"wp-block-themeisle-blocks-advanced-columns-overlay\"><\/div><div class=\"innerblocks-wrap\">\n<div id=\"wp-block-themeisle-blocks-advanced-column-6527b3c0\" class=\"wp-block-themeisle-blocks-advanced-column\"><div class=\"wp-block-image\">\n<figure class=\"aligncenter size-full is-resized\"><a href=\"https:\/\/dynonavionics.com\/home.php\" target=\"_blank\" rel=\" noreferrer noopener\"><img loading=\"lazy\" decoding=\"async\" width=\"1000\" height=\"592\" src=\"https:\/\/globalavionique.com\/wp-content\/uploads\/2023\/03\/Dynon-Logo-1.png\" alt=\"\" class=\"wp-image-80\" style=\"width:145px;height:auto\" srcset=\"https:\/\/globalavionique.com\/wp-content\/uploads\/2023\/03\/Dynon-Logo-1.png 1000w, https:\/\/globalavionique.com\/wp-content\/uploads\/2023\/03\/Dynon-Logo-1-600x355.png 600w, https:\/\/globalavionique.com\/wp-content\/uploads\/2023\/03\/Dynon-Logo-1-300x178.png 300w, https:\/\/globalavionique.com\/wp-content\/uploads\/2023\/03\/Dynon-Logo-1-768x455.png 768w\" sizes=\"auto, (max-width: 1000px) 100vw, 1000px\" \/><\/a><\/figure>\n<\/div><\/div>\n\n\n\n<div id=\"wp-block-themeisle-blocks-advanced-column-e62fdf62\" class=\"wp-block-themeisle-blocks-advanced-column\"><div class=\"wp-block-image is-style-default\">\n<figure class=\"aligncenter size-large is-resized has-custom-border\"><a href=\"https:\/\/trig-avionics.com\/\" target=\"_blank\" rel=\" noreferrer noopener\"><img loading=\"lazy\" decoding=\"async\" width=\"1024\" height=\"427\" src=\"https:\/\/globalavionique.com\/wp-content\/uploads\/2023\/03\/Trig-Avionics-Logo-1024x427.jpg\" alt=\"\" class=\"wp-image-77\" style=\"border-style:none;border-width:0px;width:199px;height:auto\" srcset=\"\" sizes=\"auto, (max-width: 1024px) 100vw, 1024px\" data-srcset=\"\" \/><\/a><\/figure>\n<\/div><\/div>\n<\/div><\/div>\n\n\n\n<div id=\"wp-block-themeisle-blocks-advanced-columns-4cb307d7\" class=\"wp-block-themeisle-blocks-advanced-columns alignfull has-2-columns has-desktop-equal-layout has-tablet-equal-layout has-mobile-collapsedRows-layout has-vertical-unset has-light-bg\"><div class=\"wp-block-themeisle-blocks-advanced-columns-overlay\"><\/div><div class=\"innerblocks-wrap\">\n<div id=\"wp-block-themeisle-blocks-advanced-column-4f9ea1d1\" class=\"wp-block-themeisle-blocks-advanced-column animated fadeInLeftBig\"><\/div>\n\n\n\n<div id=\"wp-block-themeisle-blocks-advanced-column-467e1349\" class=\"wp-block-themeisle-blocks-advanced-column has-light-bg animated fadeInLeftBig\">\n<div id=\"wp-block-themeisle-blocks-font-awesome-icons-9399be2b\" class=\"wp-block-themeisle-blocks-font-awesome-icons\"><span class=\"wp-block-themeisle-blocks-font-awesome-icons-container\"><i class=\"fab fa-avianex\"><\/i><\/span><\/div>\n\n\n\n<h2 id=\"wp-block-themeisle-blocks-advanced-heading-eedc98ba\" class=\"wp-block-themeisle-blocks-advanced-heading wp-block-themeisle-blocks-advanced-heading-eedc98ba\">Specialized avionics work on aircraft <\/h2>\n\n\n\n<p class=\"has-text-align-center has-neve-text-color-color has-text-color\" style=\"font-size:17px\">Consult the different services we offer as well as the list of our capabilities. <br>Please <a href=\"https:\/\/globalavionique.com\/en\/contact\/\">contact us<\/a> if your avionics or instrument equipment is not specified in the capabilities list and we will determine if it can be added.<\/p>\n\n\n\n<div id=\"wp-block-themeisle-blocks-button-group-f680caa2\" class=\"wp-block-themeisle-blocks-button-group wp-block-buttons align-center\">\n<div id=\"wp-block-themeisle-blocks-button-5feebcd4\" class=\"wp-block-themeisle-blocks-button wp-block-button\"><a href=\"https:\/\/globalavionique.com\/en\/liste-des-capacites\/\" target=\"_self\" rel=\"noopener noreferrer\" class=\"wp-block-button__link\"><span>More information<\/span><\/a><\/div>\n<\/div>\n<\/div>\n<\/div><\/div>\n\n\n\n<div id=\"wp-block-themeisle-blocks-advanced-columns-385009c6\" class=\"wp-block-themeisle-blocks-advanced-columns alignfull has-2-columns has-desktop-equal-layout has-tablet-equal-layout has-mobile-collapsedRows-layout has-reverse-columns-mobile has-vertical-unset has-light-bg\"><div class=\"wp-block-themeisle-blocks-advanced-columns-overlay\"><\/div><div class=\"innerblocks-wrap\">\n<div id=\"wp-block-themeisle-blocks-advanced-column-8c567e6b\" class=\"wp-block-themeisle-blocks-advanced-column has-light-bg animated fadeInRightBig\">\n<div id=\"wp-block-themeisle-blocks-font-awesome-icons-d028276a\" class=\"wp-block-themeisle-blocks-font-awesome-icons\"><span class=\"wp-block-themeisle-blocks-font-awesome-icons-container\"><i class=\"fab fa-buffer\"><\/i><\/span><\/div>\n\n\n\n<h2 id=\"wp-block-themeisle-blocks-advanced-heading-821e89be\" class=\"wp-block-themeisle-blocks-advanced-heading wp-block-themeisle-blocks-advanced-heading-821e89be\">  Workshop work for certain specialties<\/h2>\n\n\n\n<ul class=\"wp-block-list\">\n<li style=\"font-size:17px\">Modification incorporations under a supplemental type certificate (STC) or other equivalent document.<\/li>\n\n\n\n<li style=\"font-size:17px\">The diagnosis, repair or replacement of avionics systems on board an aircraft.<\/li>\n\n\n\n<li style=\"font-size:17px\">Workshop repair, testing and calibration of avionics equipment and instruments (according to our Capabilities List). <a href=\"https:\/\/globalavionique.com\/en\/liste-des-capacites\/\">Capability List<\/a>).<\/li>\n<\/ul>\n\n\n\n<div id=\"wp-block-themeisle-blocks-button-group-331b5f0a\" class=\"wp-block-themeisle-blocks-button-group wp-block-buttons align-center\">\n<div id=\"wp-block-themeisle-blocks-button-f03ab25c\" class=\"wp-block-themeisle-blocks-button wp-block-button\"><a href=\"https:\/\/globalavionique.com\/en\/contact\/\" target=\"_self\" rel=\"noopener noreferrer\" class=\"wp-block-button__link\"><span>Contact Us<\/span><\/a><\/div>\n<\/div>\n<\/div>\n\n\n\n<div id=\"wp-block-themeisle-blocks-advanced-column-a25ca12f\" class=\"wp-block-themeisle-blocks-advanced-column animated fadeInRightBig\"><\/div>\n<\/div><\/div>\n\n\n\n<div id=\"wp-block-themeisle-blocks-advanced-columns-5214def4\" class=\"wp-block-themeisle-blocks-advanced-columns alignfull has-2-columns has-desktop-equal-layout has-tablet-equal-layout has-mobile-collapsedRows-layout has-vertical-unset has-dark-bg\"><div class=\"wp-block-themeisle-blocks-advanced-columns-overlay\"><\/div><div class=\"innerblocks-wrap\">\n<div id=\"wp-block-themeisle-blocks-advanced-column-24e2ac6a\" class=\"wp-block-themeisle-blocks-advanced-column\">\n<h2 id=\"wp-block-themeisle-blocks-advanced-heading-f26fb0e0\" class=\"wp-block-themeisle-blocks-advanced-heading wp-block-themeisle-blocks-advanced-heading-f26fb0e0 animated fadeIn\"><strong>Our subsidiary Global Air Services<\/strong><\/h2>\n\n\n\n<div id=\"wp-block-themeisle-blocks-icon-list-aee37b52\" class=\"wp-block-themeisle-blocks-icon-list is-style-horizontal\">\n<div id=\"wp-block-themeisle-blocks-icon-list-item-2c738f3e\" class=\"wp-block-themeisle-blocks-icon-list-item animated fadeIn\"><i class=\"fas fa-check wp-block-themeisle-blocks-icon-list-item-icon-custom\"><\/i><p class=\"wp-block-themeisle-blocks-icon-list-item-content-custom\"><strong>Maintenance Services<\/strong><\/p><\/div>\n\n\n\n<div id=\"wp-block-themeisle-blocks-icon-list-item-f372c3c8\" class=\"wp-block-themeisle-blocks-icon-list-item animated fadeIn\"><i class=\"fas fa-check wp-block-themeisle-blocks-icon-list-item-icon\"><\/i><p class=\"wp-block-themeisle-blocks-icon-list-item-content-custom\"><strong><strong>Pre-purchase inspections<\/strong><\/strong>t<\/p><\/div>\n<\/div>\n<\/div>\n\n\n\n<div id=\"wp-block-themeisle-blocks-advanced-column-cdb7859e\" class=\"wp-block-themeisle-blocks-advanced-column\">\n<div id=\"wp-block-themeisle-blocks-button-group-bf6f2968\" class=\"wp-block-themeisle-blocks-button-group wp-block-buttons align-center-desktop align-full-mobile\">\n<div id=\"wp-block-themeisle-blocks-button-948ef846\" class=\"wp-block-themeisle-blocks-button wp-block-button is-style-outline animated fadeIn\"><a href=\"https:\/\/globalairservices.ca\" target=\"_blank\" rel=\"noopener noreferrer\" class=\"wp-block-button__link\"><svg xmlns=\"http:\/\/www.w3.org\/2000\/svg\" viewbox=\"0 0 1800 1800\" class=\"margin-right\"><path d=\"M386.031,992.783c-36.026-8.398-72.354-12.654-107.972-12.654c-140.65,0-250.633,66.393-273.68,165.215 c-1.902,8.152-0.486,16.732,3.936,23.842c4.422,7.112,11.486,12.173,19.642,14.076l297.505,69.352 c2.37,0.551,4.774,0.824,7.168,0.824c5.844,0,11.627-1.626,16.673-4.762c7.111-4.422,12.174-11.486,14.074-19.644l46.233-198.335 C413.567,1013.718,403.01,996.743,386.031,992.783z M309.05,1183.953l-231.384-53.941c30.558-52.924,106.292-86.74,200.393-86.74 c20.648,0,41.61,1.66,62.629,4.959L309.05,1183.953z\"><\/path><path d=\"M769.296,1390.383l-198.337,46.234c-8.152,1.902-15.22,6.963-19.642,14.076 c-4.422,7.108-5.838,15.684-3.938,23.841l69.361,297.505c1.903,8.152,6.965,15.218,14.077,19.64 c5.045,3.136,10.826,4.761,16.67,4.761c2.396,0,4.801-0.272,7.17-0.823c63.591-14.834,114.127-64.375,142.315-139.501 c26.523-70.695,30.157-156.691,10.236-242.15C803.25,1396.986,786.289,1386.428,769.296,1390.383z M669.966,1722.238 l-53.923-231.293l135.68-31.629C769.719,1575.854,735.418,1683.973,669.966,1722.238z\"><\/path><path d=\"M1749.964,50.705l-0.669-0.67C1717.513,19.196,1674.71,3.56,1622.073,3.56 c-141.686,0-344.219,115.18-542.012,300.716c-155.688-31.738-309.056-47.237-468.317-47.237 c-143.357,0-276.743,12.425-388.313,24.576c-13.887,1.516-25.129,11.972-27.64,25.713c-2.509,13.742,4.31,27.501,16.765,33.822 l575.578,292.233C677.958,774.113,589.367,902.18,528.54,1009.066c-96.224,169.086-117.785,276.479-65.928,328.311 c18.338,18.348,43.994,27.654,76.256,27.654c147.394,0,431.964-200.379,627.669-353.3l292.295,575.701 c5.453,10.733,16.42,17.278,28.145,17.278c1.876,0,3.779-0.167,5.682-0.516c13.742-2.506,24.198-13.75,25.713-27.637 c25.651-235.5,46.965-514.956-22.718-856.867c178.449-190.738,293.079-387.342,300.407-527.416 C1799.153,133.046,1783.649,85.412,1749.964,50.705z M825.871,581.728l-488.63-248.087c84.415-7.585,177.287-13.46,274.503-13.46 c140.48,0,276.26,12.367,413.262,37.684c-43.568,43.996-86.608,91.237-128.396,141.263c-13.574,16.305-26.884,32.478-39.965,48.533 L825.871,581.728z M1466.412,1462.885l-248.149-488.758l34.531-31.193c17.613-14.331,33.772-27.65,48.113-39.586 c49.902-41.688,97.145-84.785,141.197-128.521C1491.223,1040.145,1484.836,1261.03,1466.412,1462.885z M1733.003,188.981 c-6.84,130.833-127.706,327.336-309.389,514.582l-211.918,191.412c-309.505,252.092-564.693,406.916-672.828,406.916 c-14.9,0-25.53-3.08-31.608-9.162c-7.184-7.18-37.279-53.1,76.157-252.43c71.101-124.937,181.572-280.174,321.064-451.4 L1098.498,374.1c192.72-186.977,392.936-307.397,523.575-307.397c35.442,0,63.336,9.526,82.909,28.315 C1725.705,116.604,1735.13,148.214,1733.003,188.981z\"><\/path><\/svg><span>Website of Global Air Services<\/span><\/a><\/div>\n<\/div>\n<\/div>\n<\/div><\/div>\n\n\n\n<div id=\"wp-block-themeisle-blocks-advanced-columns-8f2b5b17\" class=\"wp-block-themeisle-blocks-advanced-columns has-1-columns has-desktop-equal-layout has-tablet-equal-layout has-mobile-equal-layout has-vertical-unset\"><div class=\"wp-block-themeisle-blocks-advanced-columns-overlay\"><\/div><div class=\"innerblocks-wrap\">\n<div id=\"wp-block-themeisle-blocks-advanced-column-d028daa0\" class=\"wp-block-themeisle-blocks-advanced-column\"><\/div>\n<\/div><\/div>","protected":false},"excerpt":{"rendered":"<p>Distributeur autoris\u00e9 Global Avionique propose des \u00e9quipements a\u00e9ronautiques de marques de r\u00e9f\u00e9rence, en collaboration avec nos principaux manufacturiers. Nous vous garantissons des solutions fiables et sur mesure, accompagn\u00e9es d&rsquo;un service expert.<\/p>","protected":false},"author":5,"featured_media":0,"parent":0,"menu_order":0,"comment_status":"closed","ping_status":"closed","template":"","meta":{"neve_meta_sidebar":"","neve_meta_container":"","neve_meta_enable_content_width":"","neve_meta_content_width":0,"neve_meta_title_alignment":"","neve_meta_author_avatar":"","neve_post_elements_order":"","neve_meta_disable_header":"","neve_meta_disable_footer":"","neve_meta_disable_title":"on","_themeisle_gutenberg_block_has_review":false,"footnotes":""},"class_list":["post-535","page","type-page","status-publish","hentry"],"_links":{"self":[{"href":"https:\/\/globalavionique.com\/en\/wp-json\/wp\/v2\/pages\/535","targetHints":{"allow":["GET"]}}],"collection":[{"href":"https:\/\/globalavionique.com\/en\/wp-json\/wp\/v2\/pages"}],"about":[{"href":"https:\/\/globalavionique.com\/en\/wp-json\/wp\/v2\/types\/page"}],"author":[{"embeddable":true,"href":"https:\/\/globalavionique.com\/en\/wp-json\/wp\/v2\/users\/5"}],"replies":[{"embeddable":true,"href":"https:\/\/globalavionique.com\/en\/wp-json\/wp\/v2\/comments?post=535"}],"version-history":[{"count":32,"href":"https:\/\/globalavionique.com\/en\/wp-json\/wp\/v2\/pages\/535\/revisions"}],"predecessor-version":[{"id":1216,"href":"https:\/\/globalavionique.com\/en\/wp-json\/wp\/v2\/pages\/535\/revisions\/1216"}],"wp:attachment":[{"href":"https:\/\/globalavionique.com\/en\/wp-json\/wp\/v2\/media?parent=535"}],"curies":[{"name":"wp","href":"https:\/\/api.w.org\/{rel}","templated":true}]}}